{"id":7925,"date":"2015-12-09T18:02:21","date_gmt":"2015-12-09T18:02:21","guid":{"rendered":"http:\/\/www.humanium.org\/es\/?page_id=7925"},"modified":"2025-12-13T21:21:05","modified_gmt":"2025-12-13T21:21:05","slug":"ventajas-de-apadrinar-un-nino-a-traves-de-humanium","status":"publish","type":"page","link":"https:\/\/www.humanium.org\/es\/ventajas-de-apadrinar-un-nino-a-traves-de-humanium\/","title":{"rendered":"Ventajas de apadrinar un ni\u00f1o a trav\u00e9s de Humanium"},"content":{"rendered":"<h1>Ventajas de apadrinar un ni\u00f1o a trav\u00e9s de Humanium<\/h1>\n<h4><span style=\"color: #003366;\"><strong>&gt; &gt; Con solo un apadrinamiento podr\u00e1 ayudar a varios ni\u00f1os<\/strong><\/span><\/h4>\n<p>El car\u00e1cter mutuo de los apadrinamientos permite utilizar de una forma verdaderamente eficaz sus donaciones ya que, en vez de ayudar a un solo ni\u00f1o, ayuda en realidad a varios.<\/p>\n<h3><span style=\"color: #800000;\">Una ayuda global para obtener un resultado duradero<strong><strong><br \/>\n<\/strong><\/strong><\/span><\/h3>\n<h4><span style=\"color: #003366;\"><strong>&gt; &gt; Un apadrinamiento global y duradero<\/strong><\/span><\/h4>\n<p>Atender\u00e1 a las necesidades del ni\u00f1o en su conjunto, concretar\u00e1 sus derechos en general y, gracias a la autonom\u00eda aportada por el apadrinamiento, ayudar\u00e1 no solo al ni\u00f1o a construirse un futuro, sino tambi\u00e9n a las familias, ya que estas podr\u00e1n atender sus necesidades.<\/p>\n<h4><span style=\"color: #003366;\"><strong>&gt; &gt; El apadrinamiento es \u00e9tico y responsable<\/strong><\/span><\/h4>\n<p>Garantiza al ni\u00f1o una vida digna, puesto que el apadrinamiento es positivo, ya que no desequilibra el entorno social y cultural del ni\u00f1o.<\/p>\n<h3><span style=\"color: #800000;\">Apadrinamiento de confianza y sin compromiso<\/span><\/h3>\n<h4><span style=\"color: #003366;\"><strong>&gt; &gt; El apadrinamiento no supone un compromiso<\/strong><\/span><\/h4>\n<p>La duraci\u00f3n del apadrinamiento es libre y sin compromiso. Gracias al car\u00e1cter mutuo de las donaciones, dejar de apadrinar al ni\u00f1o no tendr\u00e1 repercusiones graves.<\/p>\n<h4><span style=\"color: #003366;\"><strong>&gt; &gt; Ayuda de confianza<\/strong><\/span><\/h4>\n<p>Nuestro compromiso a favor de la transparencia es una garant\u00eda para su confianza.<br \/>\nNuestra gesti\u00f3n financiera y nuestras actividades se controlan mediante tres \u00f3rganos independientes:<br \/>\n&#8211; Control interno realizado mediante auditor\u00edas financieras<br \/>\n&#8211; Control externo efectuado a trav\u00e9s de una sociedad totalmente independiente y objetiva<br \/>\n&#8211; Comit\u00e9 \u00e9tico para garantizar el respeto de los principios.<\/p>\n<h4><span style=\"color: #003366;\"><strong>&gt; &gt; Le informamos<\/strong><\/span><\/h4>\n<p><a href=\"https:\/\/www.humanium.org\/fr\/blog\" target=\"_blank\"><\/a>A trav\u00e9s de nuestro blog podr\u00e1 hacer un seguimiento de los proyectos. Todas las semanas encontrar\u00e1 art\u00edculos y fotos nuevos sobre la ayuda aportada a los ni\u00f1os. Las redes sociales tambi\u00e9n est\u00e1n a su disposici\u00f3n; recibir\u00e1 regularmente noticias por correo electr\u00f3nico.<br \/>\n<strong>M\u00e1s informaci\u00f3n: <\/strong> <a href=\"https:\/\/www.humanium.org\/es\/apadrinar-a-un-nino\/preguntas-y-respuestas-sobre-el-apadrinamiento\/\">Preguntas y respuestas sobre el apadrinamiento<\/a><\/p>\n<p><strong><a href=\"https:\/\/www.humanium.org\/es\/apadrinar-a-un-nino\/\">APADRINE AHORA MISMO &gt;&gt;&gt; &gt;&gt;&gt;<\/a><\/strong><\/p>\n","protected":false},"excerpt":{"rendered":"<p>Ventajas de apadrinar un ni\u00f1o a trav\u00e9s de Humanium &gt; &gt; Con solo un apadrinamiento podr\u00e1 ayudar a varios ni\u00f1os El car\u00e1cter mutuo de los apadrinamientos permite utilizar de una forma verdaderamente eficaz sus donaciones ya que, en vez de ayudar a un solo ni\u00f1o, ayuda en realidad a varios. Una ayuda global para obtener [&hellip;]<\/p>\n","protected":false},"author":1,"featured_media":0,"parent":0,"menu_order":0,"comment_status":"closed","ping_status":"closed","template":"","meta":{"footnotes":""},"class_list":["post-7925","page","type-page","status-publish","hentry"],"yoast_head":"<!-- This site is optimized with the Yoast SEO plugin v26.5 - https:\/\/yoast.com\/wordpress\/plugins\/seo\/ -->\n<title>Ventajas de apadrinar un ni\u00f1o a trav\u00e9s de Humanium - Humanium<\/title>\n<meta name=\"robots\" content=\"index, follow, max-snippet:-1, max-image-preview:large, max-video-preview:-1\" \/>\n<link rel=\"canonical\" href=\"https:\/\/www.humanium.org\/es\/ventajas-de-apadrinar-un-nino-a-traves-de-humanium\/\" \/>\n<meta property=\"og:locale\" content=\"es_ES\" \/>\n<meta property=\"og:type\" content=\"article\" \/>\n<meta property=\"og:title\" content=\"Ventajas de apadrinar un ni\u00f1o a trav\u00e9s de Humanium - Humanium\" \/>\n<meta property=\"og:description\" content=\"Ventajas de apadrinar un ni\u00f1o a trav\u00e9s de Humanium &gt; &gt; Con solo un apadrinamiento podr\u00e1 ayudar a varios ni\u00f1os El car\u00e1cter mutuo de los apadrinamientos permite utilizar de una forma verdaderamente eficaz sus donaciones ya que, en vez de ayudar a un solo ni\u00f1o, ayuda en realidad a varios. Una ayuda global para obtener [&hellip;]\" \/>\n<meta property=\"og:url\" content=\"https:\/\/www.humanium.org\/es\/ventajas-de-apadrinar-un-nino-a-traves-de-humanium\/\" \/>\n<meta property=\"og:site_name\" content=\"Humanium\" \/>\n<meta property=\"article:modified_time\" content=\"2025-12-13T21:21:05+00:00\" \/>\n<meta name=\"twitter:card\" content=\"summary_large_image\" \/>\n<meta name=\"twitter:label1\" content=\"Tiempo de lectura\" \/>\n\t<meta name=\"twitter:data1\" content=\"2 minutos\" \/>\n<script type=\"application\/ld+json\" class=\"yoast-schema-graph\">{\"@context\":\"https:\/\/schema.org\",\"@graph\":[{\"@type\":\"WebPage\",\"@id\":\"https:\/\/www.humanium.org\/es\/ventajas-de-apadrinar-un-nino-a-traves-de-humanium\/\",\"url\":\"https:\/\/www.humanium.org\/es\/ventajas-de-apadrinar-un-nino-a-traves-de-humanium\/\",\"name\":\"Ventajas de apadrinar un ni\u00f1o a trav\u00e9s de Humanium - Humanium\",\"isPartOf\":{\"@id\":\"https:\/\/www.humanium.org\/es\/#website\"},\"datePublished\":\"2015-12-09T18:02:21+00:00\",\"dateModified\":\"2025-12-13T21:21:05+00:00\",\"breadcrumb\":{\"@id\":\"https:\/\/www.humanium.org\/es\/ventajas-de-apadrinar-un-nino-a-traves-de-humanium\/#breadcrumb\"},\"inLanguage\":\"es\",\"potentialAction\":[{\"@type\":\"ReadAction\",\"target\":[\"https:\/\/www.humanium.org\/es\/ventajas-de-apadrinar-un-nino-a-traves-de-humanium\/\"]}]},{\"@type\":\"BreadcrumbList\",\"@id\":\"https:\/\/www.humanium.org\/es\/ventajas-de-apadrinar-un-nino-a-traves-de-humanium\/#breadcrumb\",\"itemListElement\":[{\"@type\":\"ListItem\",\"position\":1,\"name\":\"Home\",\"item\":\"https:\/\/www.humanium.org\/es\/\"},{\"@type\":\"ListItem\",\"position\":2,\"name\":\"Ventajas de apadrinar un ni\u00f1o a trav\u00e9s de Humanium\"}]},{\"@type\":\"WebSite\",\"@id\":\"https:\/\/www.humanium.org\/es\/#website\",\"url\":\"https:\/\/www.humanium.org\/es\/\",\"name\":\"Humanium\",\"description\":\"\u00a1Los ni\u00f1os primero!\",\"potentialAction\":[{\"@type\":\"SearchAction\",\"target\":{\"@type\":\"EntryPoint\",\"urlTemplate\":\"https:\/\/www.humanium.org\/es\/?s={search_term_string}\"},\"query-input\":{\"@type\":\"PropertyValueSpecification\",\"valueRequired\":true,\"valueName\":\"search_term_string\"}}],\"inLanguage\":\"es\"}]}<\/script>\n<!-- \/ Yoast SEO plugin. -->","yoast_head_json":{"title":"Ventajas de apadrinar un ni\u00f1o a trav\u00e9s de Humanium - Humanium","robots":{"index":"index","follow":"follow","max-snippet":"max-snippet:-1","max-image-preview":"max-image-preview:large","max-video-preview":"max-video-preview:-1"},"canonical":"https:\/\/www.humanium.org\/es\/ventajas-de-apadrinar-un-nino-a-traves-de-humanium\/","og_locale":"es_ES","og_type":"article","og_title":"Ventajas de apadrinar un ni\u00f1o a trav\u00e9s de Humanium - Humanium","og_description":"Ventajas de apadrinar un ni\u00f1o a trav\u00e9s de Humanium &gt; &gt; Con solo un apadrinamiento podr\u00e1 ayudar a varios ni\u00f1os El car\u00e1cter mutuo de los apadrinamientos permite utilizar de una forma verdaderamente eficaz sus donaciones ya que, en vez de ayudar a un solo ni\u00f1o, ayuda en realidad a varios. Una ayuda global para obtener [&hellip;]","og_url":"https:\/\/www.humanium.org\/es\/ventajas-de-apadrinar-un-nino-a-traves-de-humanium\/","og_site_name":"Humanium","article_modified_time":"2025-12-13T21:21:05+00:00","twitter_card":"summary_large_image","twitter_misc":{"Tiempo de lectura":"2 minutos"},"schema":{"@context":"https:\/\/schema.org","@graph":[{"@type":"WebPage","@id":"https:\/\/www.humanium.org\/es\/ventajas-de-apadrinar-un-nino-a-traves-de-humanium\/","url":"https:\/\/www.humanium.org\/es\/ventajas-de-apadrinar-un-nino-a-traves-de-humanium\/","name":"Ventajas de apadrinar un ni\u00f1o a trav\u00e9s de Humanium - Humanium","isPartOf":{"@id":"https:\/\/www.humanium.org\/es\/#website"},"datePublished":"2015-12-09T18:02:21+00:00","dateModified":"2025-12-13T21:21:05+00:00","breadcrumb":{"@id":"https:\/\/www.humanium.org\/es\/ventajas-de-apadrinar-un-nino-a-traves-de-humanium\/#breadcrumb"},"inLanguage":"es","potentialAction":[{"@type":"ReadAction","target":["https:\/\/www.humanium.org\/es\/ventajas-de-apadrinar-un-nino-a-traves-de-humanium\/"]}]},{"@type":"BreadcrumbList","@id":"https:\/\/www.humanium.org\/es\/ventajas-de-apadrinar-un-nino-a-traves-de-humanium\/#breadcrumb","itemListElement":[{"@type":"ListItem","position":1,"name":"Home","item":"https:\/\/www.humanium.org\/es\/"},{"@type":"ListItem","position":2,"name":"Ventajas de apadrinar un ni\u00f1o a trav\u00e9s de Humanium"}]},{"@type":"WebSite","@id":"https:\/\/www.humanium.org\/es\/#website","url":"https:\/\/www.humanium.org\/es\/","name":"Humanium","description":"\u00a1Los ni\u00f1os primero!","potentialAction":[{"@type":"SearchAction","target":{"@type":"EntryPoint","urlTemplate":"https:\/\/www.humanium.org\/es\/?s={search_term_string}"},"query-input":{"@type":"PropertyValueSpecification","valueRequired":true,"valueName":"search_term_string"}}],"inLanguage":"es"}]}},"_links":{"self":[{"href":"https:\/\/www.humanium.org\/es\/wp-json\/wp\/v2\/pages\/7925","targetHints":{"allow":["GET"]}}],"collection":[{"href":"https:\/\/www.humanium.org\/es\/wp-json\/wp\/v2\/pages"}],"about":[{"href":"https:\/\/www.humanium.org\/es\/wp-json\/wp\/v2\/types\/page"}],"author":[{"embeddable":true,"href":"https:\/\/www.humanium.org\/es\/wp-json\/wp\/v2\/users\/1"}],"replies":[{"embeddable":true,"href":"https:\/\/www.humanium.org\/es\/wp-json\/wp\/v2\/comments?post=7925"}],"version-history":[{"count":5,"href":"https:\/\/www.humanium.org\/es\/wp-json\/wp\/v2\/pages\/7925\/revisions"}],"predecessor-version":[{"id":21278,"href":"https:\/\/www.humanium.org\/es\/wp-json\/wp\/v2\/pages\/7925\/revisions\/21278"}],"wp:attachment":[{"href":"https:\/\/www.humanium.org\/es\/wp-json\/wp\/v2\/media?parent=7925"}],"curies":[{"name":"wp","href":"https:\/\/api.w.org\/{rel}","templated":true}]}}