{"id":81,"date":"2012-11-09T09:27:19","date_gmt":"2012-11-09T09:27:19","guid":{"rendered":"http:\/\/www.humanium.org\/es\/?page_id=81"},"modified":"2017-10-04T09:16:33","modified_gmt":"2017-10-04T09:16:33","slug":"declaracion-1959","status":"publish","type":"page","link":"https:\/\/www.humanium.org\/es\/declaracion-1959\/","title":{"rendered":"Declaraci\u00f3n de los Derechos del Ni\u00f1o, 1959"},"content":{"rendered":"<h1><span style=\"color: #800000;\">Declaraci\u00f3n de los Derechos del Ni\u00f1o, 1959<\/span><\/h1>\n<h2>Sobre la Declaraci\u00f3n<\/h2>\n<p><strong>En 1959, la Asamblea General de las Naciones Unidas aprob\u00f3 la <a href=\"https:\/\/www.humanium.org\/es\/declaracion-de-los-derechos-del-nino-texto-completo\/\">Declaraci\u00f3n de los Derechos del Ni\u00f1o<\/a>. Este reconocimiento supuso el primer gran consenso internacional sobre los principios fundamentales de los derechos del ni\u00f1o.<\/strong><\/p>\n<h3>Origen de la Declaraci\u00f3n de los Derechos del Ni\u00f1o<\/h3>\n<p><img loading=\"lazy\" decoding=\"async\" class=\"alignleft size-full wp-image-2766\" title=\"Declaraci\u00f3n de Ginebra, 1924\" alt=\"\" src=\"https:\/\/www.humanium.org\/es\/wp-content\/uploads\/portail-fr\/declaration-of-geneva-1924.jpg\" width=\"139\" height=\"171\" \/> En 1924, la Sociedad de Naciones (SDN) aprob\u00f3 la <a title=\"Declaraci\u00f3n de Ginebra - 1924\" href=\"https:\/\/www.humanium.org\/es\/ginebra-1924\/\">Declaraci\u00f3n de Ginebra<\/a>, un documento que pas\u00f3 a ser hist\u00f3rico, ya que por primera vez reconoc\u00eda y afirmaba la existencia de derechos espec\u00edficos de los ni\u00f1os, as\u00ed como la responsabilidad de los adultos hacia ellos.<\/p>\n<p>Las Naciones Unidas (ONU) se fundaron una vez terminada la Segunda Guerra Mundial.\u00a0Despu\u00e9s de la aprobaci\u00f3n de la <a title=\"Declaraci\u00f3n Universal de los Derechos Humanos - 1948\" href=\"https:\/\/www.humanium.org\/es\/derechos-humanos-1948\/\">Declaraci\u00f3n Universal de los Derechos Humanos<\/a> en 1948, la mejora en el \u00e1mbito de los derechos, revel\u00f3\u00a0ciertas deficiencias en la<a title=\"Declaraci\u00f3n de Ginebra - 1924\" href=\"https:\/\/www.humanium.org\/es\/ginebra-1924\/\"> Declaraci\u00f3n de Ginebra<\/a>, propiciando as\u00ed la modificaci\u00f3n de dicho texto.<\/p>\n\n<blockquote><p>\u201cVarios Estados miembros (de la ONU) solicitaron la creaci\u00f3n de \u00a0una convenci\u00f3n, es decir, un instrumento internacional, que vincular\u00eda legalmente a aquellos Estados que la ratificasen; esta propuesta no fue adoptada\u201d. [traducci\u00f3n propia &#8211; verificar] (1)<\/p><\/blockquote>\n<p>Fue entonces cuando decidieron optaron por elaborar una segunda <a href=\"https:\/\/www.humanium.org\/es\/declaracion-de-los-derechos-del-nino-texto-completo\/\">Declaraci\u00f3n de los Derechos del Ni\u00f1o<\/a>, considerando nuevamente la noci\u00f3n de que \u00abla humanidad le debe al ni\u00f1o lo mejor que puede darle ofrecerle\u00bb.<\/p>\n<p>El 20 de noviembre de 1959, se aprob\u00f3 la <a href=\"https:\/\/www.humanium.org\/es\/declaracion-de-los-derechos-del-nino-texto-completo\/\">Declaraci\u00f3n de los Derechos del Ni\u00f1o<\/a> de manera un\u00e1nime por todos los 78 Estados miembros de la ONU. Esta fue adoptada y aprobada por la Asamblea General de las Naciones Unidas mediante su resoluci\u00f3n 1386 (XIV) en la Resoluci\u00f3n 1386 (XIV).<\/p>\n<h3>Contenido de la Declaraci\u00f3n de los Derechos del Ni\u00f1o<\/h3>\n<blockquote><p>\u201cEl ni\u00f1o es reconocido universalmente como un ser humano que debe ser capaz de desarrollarse f\u00edsica, mental, social, moral y espiritualmente con libertad y dignidad\u201d [traducci\u00f3n propia] (1)<\/p><\/blockquote>\n<p>Cabe destacar que ni la <a title=\"Declaraci\u00f3n de Ginebra - 1924\" href=\"https:\/\/www.humanium.org\/es\/ginebra-1924\/\">Declaraci\u00f3n de Ginebra<\/a> de 1924, ni la <a href=\"https:\/\/www.humanium.org\/es\/declaracion-de-los-derechos-del-nino-texto-completo\/\">Declaraci\u00f3n de los Derechos del Ni\u00f1o<\/a> de 1959, definen qu\u00e9 periodo comprende la infancia, es decir la edad de cu\u00e1ndo empieza y termina la infancia, esto es principalmente con el fin de evitar pronunciarse sobre en el tema del aborto.<\/p>\n<p>Sin embargo, el Pre\u00e1mbulo de la <a href=\"https:\/\/www.humanium.org\/es\/declaracion-de-los-derechos-del-nino-texto-completo\/\">Declaraci\u00f3n de los Derechos del Ni\u00f1o<\/a>, resalta la idea de que los ni\u00f1os necesitan protecci\u00f3n y cuidado especial , \u201cincluyendo una protecci\u00f3n legal adecuada, antes del nacimiento y despu\u00e9s del nacimiento\u201d.<\/p>\n<p style=\"text-align: center;\"><a href=\"https:\/\/www.humanium.org\/es\/declaracion-de-los-derechos-del-nino-texto-completo\/\">La Declaraci\u00f3n de los Derechos del Ni\u00f1o<\/a> establece diez principios (2):<\/p>\n<ul>\n<li>1. El derecho a la igualdad, sin distinci\u00f3n de raza, religi\u00f3n o nacionalidad.<\/li>\n<li>2. El derecho a tener una protecci\u00f3n especial para el desarrollo f\u00edsico, mental y social del ni\u00f1o.<\/li>\n<li>3. El derecho a un nombre y a una nacionalidad desde su nacimiento.<\/li>\n<li>4. El derecho a una alimentaci\u00f3n, vivienda y atenci\u00f3n m\u00e9dicos adecuados.<\/li>\n<li>5. El derecho a una educaci\u00f3n y a un tratamiento especial para aquellos ni\u00f1os que sufren alguna discapacidad mental o f\u00edsica.<\/li>\n<li>6. El derecho a la comprensi\u00f3n y al amor de los padres y de la sociedad.<\/li>\n<li>7. El derecho a actividades recreativas y a una educaci\u00f3n gratuita.<\/li>\n<li>8. El derecho a estar entre los primeros en recibir ayuda en cualquier circunstancia.<\/li>\n<li>9. El derecho a la protecci\u00f3n contra cualquier forma de abandono, crueldad y explotaci\u00f3n.<\/li>\n<li>10. El derecho a ser criado con un esp\u00edritu de comprensi\u00f3n, tolerancia, amistad entre los pueblos y hermandad universal.<\/li>\n<\/ul>\n<p><a title=\"Texto completo de la Declaraci\u00f3n de los Derechos del Ni\u00f1o de 1959\" href=\"https:\/\/www.humanium.org\/es\/declaracion-de-los-derechos-del-nino-texto-completo\/\"><img loading=\"lazy\" decoding=\"async\" class=\"aligncenter\" title=\"Texto completo de la Declaraci\u00f3n de los Derechos del Ni\u00f1o\" alt=\"\" src=\"https:\/\/www.humanium.org\/fr\/wp-content\/uploads\/le-texte.gif\" width=\"67\" height=\"30\" \/><\/a><\/p>\n<table>\n<tbody style=\"background: #f9f9f9;\">\n<tr>\n<td>\n<div style=\"float: left; width: 95%;\">Traducido por: Cristian P\u00e9rez y Laura Ibarrola<br \/>\nCorregido por: Brenda Mart\u00ednez Reyes<\/div>\n<\/td>\n<\/tr>\n<\/tbody>\n<\/table>\n<div id=\"toggle\"><a onclick=\"show_voir_aussi('voir_aussi_box')\" href=\"javascript:show_voir_aussi(id)\"><\/a><\/div>\n<div id=\"voir_aussi_box\" style=\"display: none;\">\n<div id=\"stb-body-box-536\">\n<div id=\"stb-body-box-567\">\n<ul>\n<li><a href=\"https:\/\/www.humanium.org\/es\/derechos-humanos-1948\/\">Declaraci\u00f3n Universal de los Derechos Humanos (1948)<br \/>\n<\/a><\/li>\n<li><a href=\" https:\/\/www.humanium.org\/es\/referecias-estandares\/\">Referencias Est\u00e1ndares<\/a><\/li>\n<\/ul>\n<\/div>\n<\/div>\n<\/div>\n<p>&nbsp;<\/p>\n<div id=\"toggle\"><a onclick=\"show_plus_loin('plus_loin_box')\" href=\"javascript:show_plus_loin(id)\"><\/a><\/div>\n<div id=\"plus_loin_box\" style=\"display: none;\">\n<div id=\"stb-body-box-1085\">\n<ul>\n<li><a title=\"Wikipedia, Declaraci\u00f3n Universal de los Derechos Humanos\" href=\"https:\/\/es.wikipedia.org\/wiki\/Declaraci%C3%B3n_Universal_de_los_Derechos_Humanos\">Wikipedia, Declaraci\u00f3n Universal de los Derechos Humanos<\/a><\/li>\n<li><a title=\"Wikipedia, Derechos Humanos\" href=\"https:\/\/es.wikipedia.org\/wiki\/Derechos_humanos\">Wikipedia, Derechos Humanos<\/a><\/li>\n<li><a title=\"ONU, Declaraci\u00f3n Universal de los Derechos Humanos\" href=\"http:\/\/www.un.org\/es\/documents\/udhr\/\">ONU, Declaraci\u00f3n Universal de los Derechos Humanos<\/a><\/li>\n<\/ul>\n<\/div>\n<\/div>\n<p>&nbsp;<\/p>\n<div id=\"toggle\"><a onclick=\"show_sources('sources_box')\" href=\"javascript:show_sources(id)\"><\/a><\/div>\n<div id=\"sources_box\" style=\"display: none;\">\n<div id=\"stb-body-box-7488\">\n<ul>\n<li><a href=\"https:\/\/www.unicef.org\/spanish\/rightsite\/sowc\/pdfs\/SOWC_SpecEd_CRC_MainReport_SP_100109.pdf\" target=\"_blank\">UNICEF, Estado Mundial de la Infancia 2010: Conmemoraci\u00f3n de los 20 a\u00f1os de la Convenci\u00f3n sobre los Derechos del Ni\u00f1o<\/a><\/li>\n<\/ul>\n<\/div>\n<\/div>\n<p>&nbsp;<\/p>\n","protected":false},"excerpt":{"rendered":"<p>Declaraci\u00f3n de los Derechos del Ni\u00f1o, 1959 Sobre la Declaraci\u00f3n En 1959, la Asamblea General de las Naciones Unidas aprob\u00f3 la Declaraci\u00f3n de los Derechos del Ni\u00f1o. Este reconocimiento supuso el primer gran consenso internacional sobre los principios fundamentales de los derechos del ni\u00f1o. Origen de la Declaraci\u00f3n de los Derechos del Ni\u00f1o En 1924, [&hellip;]<\/p>\n","protected":false},"author":1,"featured_media":0,"parent":0,"menu_order":0,"comment_status":"closed","ping_status":"closed","template":"","meta":{"footnotes":""},"class_list":["post-81","page","type-page","status-publish","hentry"],"yoast_head":"<!-- This site is optimized with the Yoast SEO plugin v26.5 - https:\/\/yoast.com\/wordpress\/plugins\/seo\/ -->\n<title>Declaraci\u00f3n de los Derechos del Ni\u00f1o, 1959 - Humanium<\/title>\n<meta name=\"robots\" content=\"index, follow, max-snippet:-1, max-image-preview:large, max-video-preview:-1\" \/>\n<link rel=\"canonical\" href=\"https:\/\/www.humanium.org\/es\/declaracion-1959\/\" \/>\n<meta property=\"og:locale\" content=\"es_ES\" \/>\n<meta property=\"og:type\" content=\"article\" \/>\n<meta property=\"og:title\" content=\"Declaraci\u00f3n de los Derechos del Ni\u00f1o, 1959 - Humanium\" \/>\n<meta property=\"og:description\" content=\"Declaraci\u00f3n de los Derechos del Ni\u00f1o, 1959 Sobre la Declaraci\u00f3n En 1959, la Asamblea General de las Naciones Unidas aprob\u00f3 la Declaraci\u00f3n de los Derechos del Ni\u00f1o. Este reconocimiento supuso el primer gran consenso internacional sobre los principios fundamentales de los derechos del ni\u00f1o. Origen de la Declaraci\u00f3n de los Derechos del Ni\u00f1o En 1924, [&hellip;]\" \/>\n<meta property=\"og:url\" content=\"https:\/\/www.humanium.org\/es\/declaracion-1959\/\" \/>\n<meta property=\"og:site_name\" content=\"Humanium\" \/>\n<meta property=\"article:modified_time\" content=\"2017-10-04T09:16:33+00:00\" \/>\n<meta property=\"og:image\" content=\"https:\/\/www.humanium.org\/es\/wp-content\/uploads\/portail-fr\/declaration-of-geneva-1924.jpg\" \/>\n<meta name=\"twitter:card\" content=\"summary_large_image\" \/>\n<meta name=\"twitter:label1\" content=\"Tiempo de lectura\" \/>\n\t<meta name=\"twitter:data1\" content=\"3 minutos\" \/>\n<script type=\"application\/ld+json\" class=\"yoast-schema-graph\">{\"@context\":\"https:\/\/schema.org\",\"@graph\":[{\"@type\":\"WebPage\",\"@id\":\"https:\/\/www.humanium.org\/es\/declaracion-1959\/\",\"url\":\"https:\/\/www.humanium.org\/es\/declaracion-1959\/\",\"name\":\"Declaraci\u00f3n de los Derechos del Ni\u00f1o, 1959 - Humanium\",\"isPartOf\":{\"@id\":\"https:\/\/www.humanium.org\/es\/#website\"},\"primaryImageOfPage\":{\"@id\":\"https:\/\/www.humanium.org\/es\/declaracion-1959\/#primaryimage\"},\"image\":{\"@id\":\"https:\/\/www.humanium.org\/es\/declaracion-1959\/#primaryimage\"},\"thumbnailUrl\":\"https:\/\/www.humanium.org\/es\/wp-content\/uploads\/portail-fr\/declaration-of-geneva-1924.jpg\",\"datePublished\":\"2012-11-09T09:27:19+00:00\",\"dateModified\":\"2017-10-04T09:16:33+00:00\",\"breadcrumb\":{\"@id\":\"https:\/\/www.humanium.org\/es\/declaracion-1959\/#breadcrumb\"},\"inLanguage\":\"es\",\"potentialAction\":[{\"@type\":\"ReadAction\",\"target\":[\"https:\/\/www.humanium.org\/es\/declaracion-1959\/\"]}]},{\"@type\":\"ImageObject\",\"inLanguage\":\"es\",\"@id\":\"https:\/\/www.humanium.org\/es\/declaracion-1959\/#primaryimage\",\"url\":\"https:\/\/www.humanium.org\/es\/wp-content\/uploads\/portail-fr\/declaration-of-geneva-1924.jpg\",\"contentUrl\":\"https:\/\/www.humanium.org\/es\/wp-content\/uploads\/portail-fr\/declaration-of-geneva-1924.jpg\"},{\"@type\":\"BreadcrumbList\",\"@id\":\"https:\/\/www.humanium.org\/es\/declaracion-1959\/#breadcrumb\",\"itemListElement\":[{\"@type\":\"ListItem\",\"position\":1,\"name\":\"Home\",\"item\":\"https:\/\/www.humanium.org\/es\/\"},{\"@type\":\"ListItem\",\"position\":2,\"name\":\"Declaraci\u00f3n de los Derechos del Ni\u00f1o, 1959\"}]},{\"@type\":\"WebSite\",\"@id\":\"https:\/\/www.humanium.org\/es\/#website\",\"url\":\"https:\/\/www.humanium.org\/es\/\",\"name\":\"Humanium\",\"description\":\"\u00a1Los ni\u00f1os primero!\",\"potentialAction\":[{\"@type\":\"SearchAction\",\"target\":{\"@type\":\"EntryPoint\",\"urlTemplate\":\"https:\/\/www.humanium.org\/es\/?s={search_term_string}\"},\"query-input\":{\"@type\":\"PropertyValueSpecification\",\"valueRequired\":true,\"valueName\":\"search_term_string\"}}],\"inLanguage\":\"es\"}]}<\/script>\n<!-- \/ Yoast SEO plugin. -->","yoast_head_json":{"title":"Declaraci\u00f3n de los Derechos del Ni\u00f1o, 1959 - Humanium","robots":{"index":"index","follow":"follow","max-snippet":"max-snippet:-1","max-image-preview":"max-image-preview:large","max-video-preview":"max-video-preview:-1"},"canonical":"https:\/\/www.humanium.org\/es\/declaracion-1959\/","og_locale":"es_ES","og_type":"article","og_title":"Declaraci\u00f3n de los Derechos del Ni\u00f1o, 1959 - Humanium","og_description":"Declaraci\u00f3n de los Derechos del Ni\u00f1o, 1959 Sobre la Declaraci\u00f3n En 1959, la Asamblea General de las Naciones Unidas aprob\u00f3 la Declaraci\u00f3n de los Derechos del Ni\u00f1o. Este reconocimiento supuso el primer gran consenso internacional sobre los principios fundamentales de los derechos del ni\u00f1o. Origen de la Declaraci\u00f3n de los Derechos del Ni\u00f1o En 1924, [&hellip;]","og_url":"https:\/\/www.humanium.org\/es\/declaracion-1959\/","og_site_name":"Humanium","article_modified_time":"2017-10-04T09:16:33+00:00","og_image":[{"url":"https:\/\/www.humanium.org\/es\/wp-content\/uploads\/portail-fr\/declaration-of-geneva-1924.jpg","type":"","width":"","height":""}],"twitter_card":"summary_large_image","twitter_misc":{"Tiempo de lectura":"3 minutos"},"schema":{"@context":"https:\/\/schema.org","@graph":[{"@type":"WebPage","@id":"https:\/\/www.humanium.org\/es\/declaracion-1959\/","url":"https:\/\/www.humanium.org\/es\/declaracion-1959\/","name":"Declaraci\u00f3n de los Derechos del Ni\u00f1o, 1959 - Humanium","isPartOf":{"@id":"https:\/\/www.humanium.org\/es\/#website"},"primaryImageOfPage":{"@id":"https:\/\/www.humanium.org\/es\/declaracion-1959\/#primaryimage"},"image":{"@id":"https:\/\/www.humanium.org\/es\/declaracion-1959\/#primaryimage"},"thumbnailUrl":"https:\/\/www.humanium.org\/es\/wp-content\/uploads\/portail-fr\/declaration-of-geneva-1924.jpg","datePublished":"2012-11-09T09:27:19+00:00","dateModified":"2017-10-04T09:16:33+00:00","breadcrumb":{"@id":"https:\/\/www.humanium.org\/es\/declaracion-1959\/#breadcrumb"},"inLanguage":"es","potentialAction":[{"@type":"ReadAction","target":["https:\/\/www.humanium.org\/es\/declaracion-1959\/"]}]},{"@type":"ImageObject","inLanguage":"es","@id":"https:\/\/www.humanium.org\/es\/declaracion-1959\/#primaryimage","url":"https:\/\/www.humanium.org\/es\/wp-content\/uploads\/portail-fr\/declaration-of-geneva-1924.jpg","contentUrl":"https:\/\/www.humanium.org\/es\/wp-content\/uploads\/portail-fr\/declaration-of-geneva-1924.jpg"},{"@type":"BreadcrumbList","@id":"https:\/\/www.humanium.org\/es\/declaracion-1959\/#breadcrumb","itemListElement":[{"@type":"ListItem","position":1,"name":"Home","item":"https:\/\/www.humanium.org\/es\/"},{"@type":"ListItem","position":2,"name":"Declaraci\u00f3n de los Derechos del Ni\u00f1o, 1959"}]},{"@type":"WebSite","@id":"https:\/\/www.humanium.org\/es\/#website","url":"https:\/\/www.humanium.org\/es\/","name":"Humanium","description":"\u00a1Los ni\u00f1os primero!","potentialAction":[{"@type":"SearchAction","target":{"@type":"EntryPoint","urlTemplate":"https:\/\/www.humanium.org\/es\/?s={search_term_string}"},"query-input":{"@type":"PropertyValueSpecification","valueRequired":true,"valueName":"search_term_string"}}],"inLanguage":"es"}]}},"_links":{"self":[{"href":"https:\/\/www.humanium.org\/es\/wp-json\/wp\/v2\/pages\/81","targetHints":{"allow":["GET"]}}],"collection":[{"href":"https:\/\/www.humanium.org\/es\/wp-json\/wp\/v2\/pages"}],"about":[{"href":"https:\/\/www.humanium.org\/es\/wp-json\/wp\/v2\/types\/page"}],"author":[{"embeddable":true,"href":"https:\/\/www.humanium.org\/es\/wp-json\/wp\/v2\/users\/1"}],"replies":[{"embeddable":true,"href":"https:\/\/www.humanium.org\/es\/wp-json\/wp\/v2\/comments?post=81"}],"version-history":[{"count":10,"href":"https:\/\/www.humanium.org\/es\/wp-json\/wp\/v2\/pages\/81\/revisions"}],"predecessor-version":[{"id":11614,"href":"https:\/\/www.humanium.org\/es\/wp-json\/wp\/v2\/pages\/81\/revisions\/11614"}],"wp:attachment":[{"href":"https:\/\/www.humanium.org\/es\/wp-json\/wp\/v2\/media?parent=81"}],"curies":[{"name":"wp","href":"https:\/\/api.w.org\/{rel}","templated":true}]}}