{"id":815,"date":"2013-02-19T07:32:09","date_gmt":"2013-02-19T07:32:09","guid":{"rendered":"http:\/\/www.humanium.org\/es\/?page_id=815"},"modified":"2025-12-05T18:10:25","modified_gmt":"2025-12-05T18:10:25","slug":"paises","status":"publish","type":"page","link":"https:\/\/www.humanium.org\/es\/paises\/","title":{"rendered":"Los ni\u00f1os en el mundo"},"content":{"rendered":"<h1>Los ni\u00f1os en el mundo<\/h1>\n<h2>La situaci\u00f3n de los derechos del ni\u00f1o en el mundo, por pa\u00eds<\/h2>\n<h1><a href=\"https:\/\/www.humanium.org\/es\/africa\/\">\u00c1frica<\/a><\/h1>\n<h1><a href=\"https:\/\/www.humanium.org\/es\/america\/\">Am\u00e9rica<\/a><\/h1>\n<h1><a href=\"https:\/\/www.humanium.org\/es\/asia-pacifico\/\">Asia y Pac\u00edfico<\/a><\/h1>\n<h1><a href=\"https:\/\/www.humanium.org\/es\/europa-caucaso\/\">Europa y C\u00e1ucaso<\/a><\/h1>\n<h1><a href=\"https:\/\/www.humanium.org\/es\/oriente-medio-africa-norte\/\">Oriente Medio y \u00c1frica del Norte<\/a><\/h1>\n","protected":false},"excerpt":{"rendered":"<p>Los ni\u00f1os en el mundo La situaci\u00f3n de los derechos del ni\u00f1o en el mundo, por pa\u00eds \u00c1frica Am\u00e9rica Asia y Pac\u00edfico Europa y C\u00e1ucaso Oriente Medio y \u00c1frica del Norte<\/p>\n","protected":false},"author":1,"featured_media":0,"parent":0,"menu_order":0,"comment_status":"closed","ping_status":"closed","template":"","meta":{"footnotes":""},"class_list":["post-815","page","type-page","status-publish","hentry"],"yoast_head":"<!-- This site is optimized with the Yoast SEO plugin v26.5 - https:\/\/yoast.com\/wordpress\/plugins\/seo\/ -->\n<title>Los ni\u00f1os en el mundo - Humanium<\/title>\n<meta name=\"description\" content=\"Descubre la situaci\u00f3n de los ni\u00f1os en los diferentes pa\u00edses del mundo y las respuestasproporcionadas para garantizar sus derechos.\" \/>\n<meta name=\"robots\" content=\"index, follow, max-snippet:-1, max-image-preview:large, max-video-preview:-1\" \/>\n<link rel=\"canonical\" href=\"https:\/\/www.humanium.org\/es\/paises\/\" \/>\n<meta property=\"og:locale\" content=\"es_ES\" \/>\n<meta property=\"og:type\" content=\"article\" \/>\n<meta property=\"og:title\" content=\"Los ni\u00f1os en el mundo - Humanium\" \/>\n<meta property=\"og:description\" content=\"Descubre la situaci\u00f3n de los ni\u00f1os en los diferentes pa\u00edses del mundo y las respuestasproporcionadas para garantizar sus derechos.\" \/>\n<meta property=\"og:url\" content=\"https:\/\/www.humanium.org\/es\/paises\/\" \/>\n<meta property=\"og:site_name\" content=\"Humanium\" \/>\n<meta property=\"article:modified_time\" content=\"2025-12-05T18:10:25+00:00\" \/>\n<meta name=\"twitter:card\" content=\"summary_large_image\" \/>\n<meta name=\"twitter:label1\" content=\"Tiempo de lectura\" \/>\n\t<meta name=\"twitter:data1\" content=\"1 minuto\" \/>\n<script type=\"application\/ld+json\" class=\"yoast-schema-graph\">{\"@context\":\"https:\/\/schema.org\",\"@graph\":[{\"@type\":\"WebPage\",\"@id\":\"https:\/\/www.humanium.org\/es\/paises\/\",\"url\":\"https:\/\/www.humanium.org\/es\/paises\/\",\"name\":\"Los ni\u00f1os en el mundo - Humanium\",\"isPartOf\":{\"@id\":\"https:\/\/www.humanium.org\/es\/#website\"},\"datePublished\":\"2013-02-19T07:32:09+00:00\",\"dateModified\":\"2025-12-05T18:10:25+00:00\",\"description\":\"Descubre la situaci\u00f3n de los ni\u00f1os en los diferentes pa\u00edses del mundo y las respuestasproporcionadas para garantizar sus derechos.\",\"breadcrumb\":{\"@id\":\"https:\/\/www.humanium.org\/es\/paises\/#breadcrumb\"},\"inLanguage\":\"es\",\"potentialAction\":[{\"@type\":\"ReadAction\",\"target\":[\"https:\/\/www.humanium.org\/es\/paises\/\"]}]},{\"@type\":\"BreadcrumbList\",\"@id\":\"https:\/\/www.humanium.org\/es\/paises\/#breadcrumb\",\"itemListElement\":[{\"@type\":\"ListItem\",\"position\":1,\"name\":\"Home\",\"item\":\"https:\/\/www.humanium.org\/es\/\"},{\"@type\":\"ListItem\",\"position\":2,\"name\":\"Los ni\u00f1os en el mundo\"}]},{\"@type\":\"WebSite\",\"@id\":\"https:\/\/www.humanium.org\/es\/#website\",\"url\":\"https:\/\/www.humanium.org\/es\/\",\"name\":\"Humanium\",\"description\":\"\u00a1Los ni\u00f1os primero!\",\"potentialAction\":[{\"@type\":\"SearchAction\",\"target\":{\"@type\":\"EntryPoint\",\"urlTemplate\":\"https:\/\/www.humanium.org\/es\/?s={search_term_string}\"},\"query-input\":{\"@type\":\"PropertyValueSpecification\",\"valueRequired\":true,\"valueName\":\"search_term_string\"}}],\"inLanguage\":\"es\"}]}<\/script>\n<!-- \/ Yoast SEO plugin. -->","yoast_head_json":{"title":"Los ni\u00f1os en el mundo - Humanium","description":"Descubre la situaci\u00f3n de los ni\u00f1os en los diferentes pa\u00edses del mundo y las respuestasproporcionadas para garantizar sus derechos.","robots":{"index":"index","follow":"follow","max-snippet":"max-snippet:-1","max-image-preview":"max-image-preview:large","max-video-preview":"max-video-preview:-1"},"canonical":"https:\/\/www.humanium.org\/es\/paises\/","og_locale":"es_ES","og_type":"article","og_title":"Los ni\u00f1os en el mundo - Humanium","og_description":"Descubre la situaci\u00f3n de los ni\u00f1os en los diferentes pa\u00edses del mundo y las respuestasproporcionadas para garantizar sus derechos.","og_url":"https:\/\/www.humanium.org\/es\/paises\/","og_site_name":"Humanium","article_modified_time":"2025-12-05T18:10:25+00:00","twitter_card":"summary_large_image","twitter_misc":{"Tiempo de lectura":"1 minuto"},"schema":{"@context":"https:\/\/schema.org","@graph":[{"@type":"WebPage","@id":"https:\/\/www.humanium.org\/es\/paises\/","url":"https:\/\/www.humanium.org\/es\/paises\/","name":"Los ni\u00f1os en el mundo - Humanium","isPartOf":{"@id":"https:\/\/www.humanium.org\/es\/#website"},"datePublished":"2013-02-19T07:32:09+00:00","dateModified":"2025-12-05T18:10:25+00:00","description":"Descubre la situaci\u00f3n de los ni\u00f1os en los diferentes pa\u00edses del mundo y las respuestasproporcionadas para garantizar sus derechos.","breadcrumb":{"@id":"https:\/\/www.humanium.org\/es\/paises\/#breadcrumb"},"inLanguage":"es","potentialAction":[{"@type":"ReadAction","target":["https:\/\/www.humanium.org\/es\/paises\/"]}]},{"@type":"BreadcrumbList","@id":"https:\/\/www.humanium.org\/es\/paises\/#breadcrumb","itemListElement":[{"@type":"ListItem","position":1,"name":"Home","item":"https:\/\/www.humanium.org\/es\/"},{"@type":"ListItem","position":2,"name":"Los ni\u00f1os en el mundo"}]},{"@type":"WebSite","@id":"https:\/\/www.humanium.org\/es\/#website","url":"https:\/\/www.humanium.org\/es\/","name":"Humanium","description":"\u00a1Los ni\u00f1os primero!","potentialAction":[{"@type":"SearchAction","target":{"@type":"EntryPoint","urlTemplate":"https:\/\/www.humanium.org\/es\/?s={search_term_string}"},"query-input":{"@type":"PropertyValueSpecification","valueRequired":true,"valueName":"search_term_string"}}],"inLanguage":"es"}]}},"_links":{"self":[{"href":"https:\/\/www.humanium.org\/es\/wp-json\/wp\/v2\/pages\/815","targetHints":{"allow":["GET"]}}],"collection":[{"href":"https:\/\/www.humanium.org\/es\/wp-json\/wp\/v2\/pages"}],"about":[{"href":"https:\/\/www.humanium.org\/es\/wp-json\/wp\/v2\/types\/page"}],"author":[{"embeddable":true,"href":"https:\/\/www.humanium.org\/es\/wp-json\/wp\/v2\/users\/1"}],"replies":[{"embeddable":true,"href":"https:\/\/www.humanium.org\/es\/wp-json\/wp\/v2\/comments?post=815"}],"version-history":[{"count":6,"href":"https:\/\/www.humanium.org\/es\/wp-json\/wp\/v2\/pages\/815\/revisions"}],"predecessor-version":[{"id":20529,"href":"https:\/\/www.humanium.org\/es\/wp-json\/wp\/v2\/pages\/815\/revisions\/20529"}],"wp:attachment":[{"href":"https:\/\/www.humanium.org\/es\/wp-json\/wp\/v2\/media?parent=815"}],"curies":[{"name":"wp","href":"https:\/\/api.w.org\/{rel}","templated":true}]}}