{"id":817,"date":"2013-01-29T14:05:33","date_gmt":"2013-01-29T14:05:33","guid":{"rendered":"http:\/\/www.humanium.org\/es\/?page_id=817"},"modified":"2025-12-05T17:33:32","modified_gmt":"2025-12-05T17:33:32","slug":"africa","status":"publish","type":"page","link":"https:\/\/www.humanium.org\/es\/africa\/","title":{"rendered":"\u00c1frica"},"content":{"rendered":"<h1 style=\"margin-bottom: 30px;\">Los ni\u00f1os en \u00c1frica<\/h1>\n<h2>La situaci\u00f3n de los derechos del ni\u00f1o en el \u00c1frica subsahariana, por pa\u00eds<\/h2>\n<p><strong>Descubre la situaci\u00f3n de los ni\u00f1os en los diferentes pa\u00edses del \u00c1frica subsahariana y las respuestas proporcionadas para garantizar sus derechos.<\/strong><\/p>\n\n\n<div class=\"wp-block-columns is-layout-flex wp-container-core-columns-is-layout-9d6595d7 wp-block-columns-is-layout-flex\">\n<div class=\"wp-block-column is-layout-flow wp-block-column-is-layout-flow\">\n<p><a href=\"https:\/\/www.humanium.org\/es\/angola\/\">Angola<\/a><br><a href=\"https:\/\/www.humanium.org\/es\/benin\/\">Ben\u00edn<\/a><br><a href=\"https:\/\/www.humanium.org\/es\/botsuana\/\">Botsuana<\/a><br><a href=\"https:\/\/www.humanium.org\/es\/burkina-faso\/\">Burkina Faso<\/a><br><a href=\"https:\/\/www.humanium.org\/es\/burundi\/\">Burundi<\/a><br><a href=\"https:\/\/www.humanium.org\/es\/cabo-verde\/\">Cabo Verde<\/a><br><a href=\"https:\/\/www.humanium.org\/es\/camerun\/\">Camer\u00fan<\/a><br><a href=\"https:\/\/www.humanium.org\/es\/chad\/\">Chad<\/a><br><a href=\"https:\/\/www.humanium.org\/es\/comoras\/\">Comoras<\/a><br><a href=\"https:\/\/www.humanium.org\/es\/costa-de-marfil\/\">Costa de Marfil<\/a><br><a href=\"https:\/\/www.humanium.org\/es\/eritrea\/\">Eritrea<\/a><br><a href=\"https:\/\/www.humanium.org\/es\/etiopia\/\">Etiop\u00eda<\/a><br><a href=\"https:\/\/www.humanium.org\/es\/gabon\/\">Gab\u00f3n<\/a><br><a href=\"https:\/\/www.humanium.org\/es\/gambia\/\">Gambia<\/a><br><a href=\"https:\/\/www.humanium.org\/es\/ghana\/\">Ghana<\/a><br><a href=\"https:\/\/www.humanium.org\/es\/guinea\/\">Guinea<\/a><br><a href=\"https:\/\/www.humanium.org\/es\/guinea-ecuatorial\/\">Guinea Ecuatorial<\/a><br><a href=\"https:\/\/www.humanium.org\/es\/guinea-bissau\/\">Guinea-Bissau<\/a><br><a href=\"https:\/\/www.humanium.org\/es\/kenia\/\">Kenia<\/a><br><a href=\"https:\/\/www.humanium.org\/es\/lesoto\/\">Lesoto<\/a><br><a href=\"https:\/\/www.humanium.org\/es\/liberia\/\">Liberia<\/a><br><a href=\"https:\/\/www.humanium.org\/es\/madagascar\/\">Madagascar<\/a><br><a href=\"https:\/\/www.humanium.org\/es\/malawi\/\">Malawi<\/a><br><a href=\"https:\/\/www.humanium.org\/es\/mali\/\">Mal\u00ed<\/a><\/p>\n<\/div>\n\n\n\n<div class=\"wp-block-column is-layout-flow wp-block-column-is-layout-flow\">\n<p><a href=\"https:\/\/www.humanium.org\/es\/mauricio\/\">Mauricio<\/a><br><a href=\"https:\/\/www.humanium.org\/es\/mozambique\/\">Mozambique<\/a><br><a href=\"https:\/\/www.humanium.org\/es\/namibia\/\">Namibia<\/a><br><a href=\"https:\/\/www.humanium.org\/es\/niger\/\">Niger<\/a><br><a href=\"https:\/\/www.humanium.org\/es\/nigeria\/\">Nigeria<\/a><br><a href=\"https:\/\/www.humanium.org\/es\/republica-centroafricana\/\">Rep\u00fablica Centroafricana<\/a><br><a href=\"https:\/\/www.humanium.org\/es\/republica-del-congo\/\">Rep\u00fablica del Congo<\/a><br><a href=\"https:\/\/www.humanium.org\/es\/republica-democratica-del-congo\/\">Rep\u00fablica Democr\u00e1tica del Congo<\/a><br><a href=\"https:\/\/www.humanium.org\/es\/ruanda\/\" target=\"_blank\" rel=\"noreferrer noopener\">Ruanda<\/a><br><a href=\"https:\/\/www.humanium.org\/es\/santo-tome-y-principe\/\">Santo Tom\u00e9 y Principe<\/a><br><a href=\"https:\/\/www.humanium.org\/es\/senegal\/\">Senegal<\/a><br><a href=\"https:\/\/www.humanium.org\/es\/seychelles\/\">Seychelles<\/a><br><a href=\"https:\/\/www.humanium.org\/es\/sierra-leona\/\">Sierra Leona<\/a><br><a href=\"https:\/\/www.humanium.org\/es\/somalia\/\">Somalia<\/a><br><a href=\"https:\/\/www.humanium.org\/es\/suazilandia\/\">Suazilandia<\/a><br><a href=\"https:\/\/www.humanium.org\/es\/sudafrica\/\">Sud\u00e1frica<\/a><br><a href=\"https:\/\/www.humanium.org\/es\/sudan\/\">Sud\u00e1n<\/a><br><a href=\"https:\/\/www.humanium.org\/es\/sudan-del-sur\/\">Sud\u00e1n del Sur<\/a><br><a href=\"https:\/\/www.humanium.org\/es\/tanzania\/\">Tanzania<\/a><br><a href=\"https:\/\/www.humanium.org\/es\/togo\/\">Togo<\/a><br><a href=\"https:\/\/www.humanium.org\/es\/uganda\/\">Uganda<\/a><br><a href=\"https:\/\/www.humanium.org\/es\/yibuti\/\">Yibuti<\/a><br><a href=\"https:\/\/www.humanium.org\/es\/zambia\/\">Zambia<\/a><br><a href=\"https:\/\/www.humanium.org\/es\/zimbabue\/\">Zimbabue<\/a><\/p>\n<\/div>\n<\/div>\n","protected":false},"excerpt":{"rendered":"<p>Los ni\u00f1os en \u00c1frica La situaci\u00f3n de los derechos del ni\u00f1o en el \u00c1frica subsahariana, por pa\u00eds Descubre la situaci\u00f3n de los ni\u00f1os en los diferentes pa\u00edses del \u00c1frica subsahariana y las respuestas proporcionadas para garantizar sus derechos. AngolaBen\u00ednBotsuanaBurkina FasoBurundiCabo VerdeCamer\u00fanChadComorasCosta de MarfilEritreaEtiop\u00edaGab\u00f3nGambiaGhanaGuineaGuinea EcuatorialGuinea-BissauKeniaLesotoLiberiaMadagascarMalawiMal\u00ed MauricioMozambiqueNamibiaNigerNigeriaRep\u00fablica CentroafricanaRep\u00fablica del CongoRep\u00fablica Democr\u00e1tica del CongoRuandaSanto Tom\u00e9 y PrincipeSenegalSeychellesSierra LeonaSomaliaSuazilandiaSud\u00e1fricaSud\u00e1nSud\u00e1n [&hellip;]<\/p>\n","protected":false},"author":1,"featured_media":0,"parent":0,"menu_order":0,"comment_status":"closed","ping_status":"closed","template":"","meta":{"footnotes":""},"class_list":["post-817","page","type-page","status-publish","hentry"],"yoast_head":"<!-- This site is optimized with the Yoast SEO plugin v26.5 - https:\/\/yoast.com\/wordpress\/plugins\/seo\/ -->\n<title>Los ni\u00f1os en \u00c1frica - Humanium<\/title>\n<meta name=\"description\" content=\"Descubre la situaci\u00f3n de los ni\u00f1os en los diferentes pa\u00edses del \u00c1frica subsahariana y las respuestas proporcionadas para garantizar sus derechos.\" \/>\n<meta name=\"robots\" content=\"index, follow, max-snippet:-1, max-image-preview:large, max-video-preview:-1\" \/>\n<link rel=\"canonical\" href=\"https:\/\/www.humanium.org\/es\/africa\/\" \/>\n<meta property=\"og:locale\" content=\"es_ES\" \/>\n<meta property=\"og:type\" content=\"article\" \/>\n<meta property=\"og:title\" content=\"Los ni\u00f1os en \u00c1frica - Humanium\" \/>\n<meta property=\"og:description\" content=\"Descubre la situaci\u00f3n de los ni\u00f1os en los diferentes pa\u00edses del \u00c1frica subsahariana y las respuestas proporcionadas para garantizar sus derechos.\" \/>\n<meta property=\"og:url\" content=\"https:\/\/www.humanium.org\/es\/africa\/\" \/>\n<meta property=\"og:site_name\" content=\"Humanium\" \/>\n<meta property=\"article:modified_time\" content=\"2025-12-05T17:33:32+00:00\" \/>\n<meta name=\"twitter:card\" content=\"summary_large_image\" \/>\n<meta name=\"twitter:label1\" content=\"Tiempo de lectura\" \/>\n\t<meta name=\"twitter:data1\" content=\"1 minuto\" \/>\n<script type=\"application\/ld+json\" class=\"yoast-schema-graph\">{\"@context\":\"https:\/\/schema.org\",\"@graph\":[{\"@type\":\"WebPage\",\"@id\":\"https:\/\/www.humanium.org\/es\/africa\/\",\"url\":\"https:\/\/www.humanium.org\/es\/africa\/\",\"name\":\"Los ni\u00f1os en \u00c1frica - Humanium\",\"isPartOf\":{\"@id\":\"https:\/\/www.humanium.org\/es\/#website\"},\"datePublished\":\"2013-01-29T14:05:33+00:00\",\"dateModified\":\"2025-12-05T17:33:32+00:00\",\"description\":\"Descubre la situaci\u00f3n de los ni\u00f1os en los diferentes pa\u00edses del \u00c1frica subsahariana y las respuestas proporcionadas para garantizar sus derechos.\",\"breadcrumb\":{\"@id\":\"https:\/\/www.humanium.org\/es\/africa\/#breadcrumb\"},\"inLanguage\":\"es\",\"potentialAction\":[{\"@type\":\"ReadAction\",\"target\":[\"https:\/\/www.humanium.org\/es\/africa\/\"]}]},{\"@type\":\"BreadcrumbList\",\"@id\":\"https:\/\/www.humanium.org\/es\/africa\/#breadcrumb\",\"itemListElement\":[{\"@type\":\"ListItem\",\"position\":1,\"name\":\"Home\",\"item\":\"https:\/\/www.humanium.org\/es\/\"},{\"@type\":\"ListItem\",\"position\":2,\"name\":\"\u00c1frica\"}]},{\"@type\":\"WebSite\",\"@id\":\"https:\/\/www.humanium.org\/es\/#website\",\"url\":\"https:\/\/www.humanium.org\/es\/\",\"name\":\"Humanium\",\"description\":\"\u00a1Los ni\u00f1os primero!\",\"potentialAction\":[{\"@type\":\"SearchAction\",\"target\":{\"@type\":\"EntryPoint\",\"urlTemplate\":\"https:\/\/www.humanium.org\/es\/?s={search_term_string}\"},\"query-input\":{\"@type\":\"PropertyValueSpecification\",\"valueRequired\":true,\"valueName\":\"search_term_string\"}}],\"inLanguage\":\"es\"}]}<\/script>\n<!-- \/ Yoast SEO plugin. -->","yoast_head_json":{"title":"Los ni\u00f1os en \u00c1frica - Humanium","description":"Descubre la situaci\u00f3n de los ni\u00f1os en los diferentes pa\u00edses del \u00c1frica subsahariana y las respuestas proporcionadas para garantizar sus derechos.","robots":{"index":"index","follow":"follow","max-snippet":"max-snippet:-1","max-image-preview":"max-image-preview:large","max-video-preview":"max-video-preview:-1"},"canonical":"https:\/\/www.humanium.org\/es\/africa\/","og_locale":"es_ES","og_type":"article","og_title":"Los ni\u00f1os en \u00c1frica - Humanium","og_description":"Descubre la situaci\u00f3n de los ni\u00f1os en los diferentes pa\u00edses del \u00c1frica subsahariana y las respuestas proporcionadas para garantizar sus derechos.","og_url":"https:\/\/www.humanium.org\/es\/africa\/","og_site_name":"Humanium","article_modified_time":"2025-12-05T17:33:32+00:00","twitter_card":"summary_large_image","twitter_misc":{"Tiempo de lectura":"1 minuto"},"schema":{"@context":"https:\/\/schema.org","@graph":[{"@type":"WebPage","@id":"https:\/\/www.humanium.org\/es\/africa\/","url":"https:\/\/www.humanium.org\/es\/africa\/","name":"Los ni\u00f1os en \u00c1frica - Humanium","isPartOf":{"@id":"https:\/\/www.humanium.org\/es\/#website"},"datePublished":"2013-01-29T14:05:33+00:00","dateModified":"2025-12-05T17:33:32+00:00","description":"Descubre la situaci\u00f3n de los ni\u00f1os en los diferentes pa\u00edses del \u00c1frica subsahariana y las respuestas proporcionadas para garantizar sus derechos.","breadcrumb":{"@id":"https:\/\/www.humanium.org\/es\/africa\/#breadcrumb"},"inLanguage":"es","potentialAction":[{"@type":"ReadAction","target":["https:\/\/www.humanium.org\/es\/africa\/"]}]},{"@type":"BreadcrumbList","@id":"https:\/\/www.humanium.org\/es\/africa\/#breadcrumb","itemListElement":[{"@type":"ListItem","position":1,"name":"Home","item":"https:\/\/www.humanium.org\/es\/"},{"@type":"ListItem","position":2,"name":"\u00c1frica"}]},{"@type":"WebSite","@id":"https:\/\/www.humanium.org\/es\/#website","url":"https:\/\/www.humanium.org\/es\/","name":"Humanium","description":"\u00a1Los ni\u00f1os primero!","potentialAction":[{"@type":"SearchAction","target":{"@type":"EntryPoint","urlTemplate":"https:\/\/www.humanium.org\/es\/?s={search_term_string}"},"query-input":{"@type":"PropertyValueSpecification","valueRequired":true,"valueName":"search_term_string"}}],"inLanguage":"es"}]}},"_links":{"self":[{"href":"https:\/\/www.humanium.org\/es\/wp-json\/wp\/v2\/pages\/817","targetHints":{"allow":["GET"]}}],"collection":[{"href":"https:\/\/www.humanium.org\/es\/wp-json\/wp\/v2\/pages"}],"about":[{"href":"https:\/\/www.humanium.org\/es\/wp-json\/wp\/v2\/types\/page"}],"author":[{"embeddable":true,"href":"https:\/\/www.humanium.org\/es\/wp-json\/wp\/v2\/users\/1"}],"replies":[{"embeddable":true,"href":"https:\/\/www.humanium.org\/es\/wp-json\/wp\/v2\/comments?post=817"}],"version-history":[{"count":7,"href":"https:\/\/www.humanium.org\/es\/wp-json\/wp\/v2\/pages\/817\/revisions"}],"predecessor-version":[{"id":20373,"href":"https:\/\/www.humanium.org\/es\/wp-json\/wp\/v2\/pages\/817\/revisions\/20373"}],"wp:attachment":[{"href":"https:\/\/www.humanium.org\/es\/wp-json\/wp\/v2\/media?parent=817"}],"curies":[{"name":"wp","href":"https:\/\/api.w.org\/{rel}","templated":true}]}}