{"id":821,"date":"2013-01-30T10:35:26","date_gmt":"2013-01-30T10:35:26","guid":{"rendered":"http:\/\/www.humanium.org\/es\/?page_id=821"},"modified":"2020-08-10T07:47:24","modified_gmt":"2020-08-10T07:47:24","slug":"america","status":"publish","type":"page","link":"https:\/\/www.humanium.org\/es\/america\/","title":{"rendered":"Am\u00e9rica"},"content":{"rendered":"<h1 style=\"margin-bottom: 30px;\">Los ni\u00f1os en Am\u00e9rica<\/h1>\n<h2>La situaci\u00f3n de los derechos del ni\u00f1o en Am\u00e9rica, por pa\u00eds<\/h2>\n<p><strong>Descubre la situaci\u00f3n de los ni\u00f1os en los diferentes pa\u00edses de Am\u00e9rica del Norte, Central y del Sur, y las respuestas proporcionadas para garantizar sus derechos.<\/strong><\/p>\n\n\n<div class=\"wp-block-columns is-layout-flex wp-container-core-columns-is-layout-9d6595d7 wp-block-columns-is-layout-flex\">\n<div class=\"wp-block-column is-layout-flow wp-block-column-is-layout-flow\">\n<p><a href=\"https:\/\/www.humanium.org\/es\/antigua-y-barbuda\/\">Antigua y Barbuda<\/a><br><a href=\"https:\/\/www.humanium.org\/es\/argentina\/\">Argentina<\/a><br><a href=\"https:\/\/www.humanium.org\/es\/bahamas\/\">Bahamas<\/a><br><a href=\"https:\/\/www.humanium.org\/es\/barbados\/\">Barbados<\/a><br><a href=\"https:\/\/www.humanium.org\/es\/belice\/\">Belice<\/a><br><a href=\"https:\/\/www.humanium.org\/es\/bolivia\/\">Bolivia<\/a><br><a href=\"https:\/\/www.humanium.org\/es\/brasil\/\">Brasil<\/a><br><a href=\"https:\/\/www.humanium.org\/es\/canada\/\">Canad\u00e1<\/a><br><a href=\"https:\/\/www.humanium.org\/es\/chile\/\">Chile<\/a><br><a href=\"https:\/\/www.humanium.org\/es\/colombia\">Colombia<\/a><br><a href=\"https:\/\/www.humanium.org\/es\/costa-rica\/\">Costa Rica<\/a><br><a href=\"https:\/\/www.humanium.org\/es\/cuba\/\">Cuba<\/a><br><a href=\"https:\/\/www.humanium.org\/es\/dominica\/\">Dominica<\/a><br><a href=\"https:\/\/www.humanium.org\/es\/ecuador\/\">Ecuador<\/a><br><a href=\"https:\/\/www.humanium.org\/es\/estados-unidos\/\">Estados Unidos<\/a><br><a href=\"https:\/\/www.humanium.org\/es\/granada\/\">Granada<\/a><br><a href=\"https:\/\/www.humanium.org\/es\/guatemala\">Guatemala<\/a><br><a href=\"https:\/\/www.humanium.org\/es\/guyana\/\">Guyana<\/a><\/p>\n<\/div>\n\n\n\n<div class=\"wp-block-column is-layout-flow wp-block-column-is-layout-flow\">\n<p><a href=\"https:\/\/www.humanium.org\/es\/haiti\/\">Hait\u00ed<\/a><br><a href=\"https:\/\/www.humanium.org\/es\/honduras\/\">Honduras<\/a><br><a href=\"https:\/\/www.humanium.org\/es\/jamaica\/\">Jamaica<\/a><br><a href=\"https:\/\/www.humanium.org\/es\/mexico\/\">M\u00e9xico<\/a><br><a href=\"https:\/\/www.humanium.org\/es\/nicaragua\/\">Nicaragua<\/a><br><a href=\"https:\/\/www.humanium.org\/es\/panama\/\">Panam\u00e1<\/a><br><a href=\"https:\/\/www.humanium.org\/es\/paraguay\/\">Paraguay<\/a><br><a href=\"https:\/\/www.humanium.org\/es\/peru\/\">Per\u00fa<\/a><br><a href=\"https:\/\/www.humanium.org\/es\/republica-dominicana\/\">Rep\u00fablica Dominicana<\/a><br><a href=\"https:\/\/www.humanium.org\/es\/san-cristobal-y-nieves\/\">San Crist\u00f3bal y Nieves<\/a><br><a href=\"https:\/\/www.humanium.org\/es\/san-vincente-y-las-granadinas\/\">San Vicente y las Granadinas<\/a><br><a href=\"https:\/\/www.humanium.org\/es\/santa-lucia\/ \">Santa Luc\u00eda<\/a><br><a href=\"https:\/\/www.humanium.org\/es\/el-salvador\/\">El Salvador<\/a><br><a href=\"https:\/\/www.humanium.org\/es\/surinam\/\">Surinam<\/a><br><a href=\"https:\/\/www.humanium.org\/es\/trinidad-y-tobago\/\">Trinidad y Tobago<\/a><br><a href=\"https:\/\/www.humanium.org\/es\/uruguay\/\">Uruguay<\/a><br><a href=\"https:\/\/www.humanium.org\/es\/venezuela\/\">Venezuela<\/a><\/p>\n<\/div>\n<\/div>\n\n\n\n<p><\/p>\n","protected":false},"excerpt":{"rendered":"<p>Los ni\u00f1os en Am\u00e9rica La situaci\u00f3n de los derechos del ni\u00f1o en Am\u00e9rica, por pa\u00eds Descubre la situaci\u00f3n de los ni\u00f1os en los diferentes pa\u00edses de Am\u00e9rica del Norte, Central y del Sur, y las respuestas proporcionadas para garantizar sus derechos. Antigua y BarbudaArgentinaBahamasBarbadosBeliceBoliviaBrasilCanad\u00e1ChileColombiaCosta RicaCubaDominicaEcuadorEstados UnidosGranadaGuatemalaGuyana Hait\u00edHondurasJamaicaM\u00e9xicoNicaraguaPanam\u00e1ParaguayPer\u00faRep\u00fablica DominicanaSan Crist\u00f3bal y NievesSan Vicente y las GranadinasSanta [&hellip;]<\/p>\n","protected":false},"author":1,"featured_media":0,"parent":0,"menu_order":0,"comment_status":"closed","ping_status":"closed","template":"","meta":{"footnotes":""},"class_list":["post-821","page","type-page","status-publish","hentry"],"yoast_head":"<!-- This site is optimized with the Yoast SEO plugin v26.5 - https:\/\/yoast.com\/wordpress\/plugins\/seo\/ -->\n<title>Los ni\u00f1os en Am\u00e9rica - Humanium<\/title>\n<meta name=\"description\" content=\"Descubre la situaci\u00f3n de los ni\u00f1os en los diferentes pa\u00edses de Am\u00e9rica del Norte, Central y del Sur, y las respuestas proporcionadas para garantizar sus derechos.\" \/>\n<meta name=\"robots\" content=\"index, follow, max-snippet:-1, max-image-preview:large, max-video-preview:-1\" \/>\n<link rel=\"canonical\" href=\"https:\/\/www.humanium.org\/es\/america\/\" \/>\n<meta property=\"og:locale\" content=\"es_ES\" \/>\n<meta property=\"og:type\" content=\"article\" \/>\n<meta property=\"og:title\" content=\"Los ni\u00f1os en Am\u00e9rica - Humanium\" \/>\n<meta property=\"og:description\" content=\"Descubre la situaci\u00f3n de los ni\u00f1os en los diferentes pa\u00edses de Am\u00e9rica del Norte, Central y del Sur, y las respuestas proporcionadas para garantizar sus derechos.\" \/>\n<meta property=\"og:url\" content=\"https:\/\/www.humanium.org\/es\/america\/\" \/>\n<meta property=\"og:site_name\" content=\"Humanium\" \/>\n<meta property=\"article:modified_time\" content=\"2020-08-10T07:47:24+00:00\" \/>\n<meta name=\"twitter:card\" content=\"summary_large_image\" \/>\n<script type=\"application\/ld+json\" class=\"yoast-schema-graph\">{\"@context\":\"https:\/\/schema.org\",\"@graph\":[{\"@type\":\"WebPage\",\"@id\":\"https:\/\/www.humanium.org\/es\/america\/\",\"url\":\"https:\/\/www.humanium.org\/es\/america\/\",\"name\":\"Los ni\u00f1os en Am\u00e9rica - Humanium\",\"isPartOf\":{\"@id\":\"https:\/\/www.humanium.org\/es\/#website\"},\"datePublished\":\"2013-01-30T10:35:26+00:00\",\"dateModified\":\"2020-08-10T07:47:24+00:00\",\"description\":\"Descubre la situaci\u00f3n de los ni\u00f1os en los diferentes pa\u00edses de Am\u00e9rica del Norte, Central y del Sur, y las respuestas proporcionadas para garantizar sus derechos.\",\"breadcrumb\":{\"@id\":\"https:\/\/www.humanium.org\/es\/america\/#breadcrumb\"},\"inLanguage\":\"es\",\"potentialAction\":[{\"@type\":\"ReadAction\",\"target\":[\"https:\/\/www.humanium.org\/es\/america\/\"]}]},{\"@type\":\"BreadcrumbList\",\"@id\":\"https:\/\/www.humanium.org\/es\/america\/#breadcrumb\",\"itemListElement\":[{\"@type\":\"ListItem\",\"position\":1,\"name\":\"Home\",\"item\":\"https:\/\/www.humanium.org\/es\/\"},{\"@type\":\"ListItem\",\"position\":2,\"name\":\"Am\u00e9rica\"}]},{\"@type\":\"WebSite\",\"@id\":\"https:\/\/www.humanium.org\/es\/#website\",\"url\":\"https:\/\/www.humanium.org\/es\/\",\"name\":\"Humanium\",\"description\":\"\u00a1Los ni\u00f1os primero!\",\"potentialAction\":[{\"@type\":\"SearchAction\",\"target\":{\"@type\":\"EntryPoint\",\"urlTemplate\":\"https:\/\/www.humanium.org\/es\/?s={search_term_string}\"},\"query-input\":{\"@type\":\"PropertyValueSpecification\",\"valueRequired\":true,\"valueName\":\"search_term_string\"}}],\"inLanguage\":\"es\"}]}<\/script>\n<!-- \/ Yoast SEO plugin. -->","yoast_head_json":{"title":"Los ni\u00f1os en Am\u00e9rica - Humanium","description":"Descubre la situaci\u00f3n de los ni\u00f1os en los diferentes pa\u00edses de Am\u00e9rica del Norte, Central y del Sur, y las respuestas proporcionadas para garantizar sus derechos.","robots":{"index":"index","follow":"follow","max-snippet":"max-snippet:-1","max-image-preview":"max-image-preview:large","max-video-preview":"max-video-preview:-1"},"canonical":"https:\/\/www.humanium.org\/es\/america\/","og_locale":"es_ES","og_type":"article","og_title":"Los ni\u00f1os en Am\u00e9rica - Humanium","og_description":"Descubre la situaci\u00f3n de los ni\u00f1os en los diferentes pa\u00edses de Am\u00e9rica del Norte, Central y del Sur, y las respuestas proporcionadas para garantizar sus derechos.","og_url":"https:\/\/www.humanium.org\/es\/america\/","og_site_name":"Humanium","article_modified_time":"2020-08-10T07:47:24+00:00","twitter_card":"summary_large_image","schema":{"@context":"https:\/\/schema.org","@graph":[{"@type":"WebPage","@id":"https:\/\/www.humanium.org\/es\/america\/","url":"https:\/\/www.humanium.org\/es\/america\/","name":"Los ni\u00f1os en Am\u00e9rica - Humanium","isPartOf":{"@id":"https:\/\/www.humanium.org\/es\/#website"},"datePublished":"2013-01-30T10:35:26+00:00","dateModified":"2020-08-10T07:47:24+00:00","description":"Descubre la situaci\u00f3n de los ni\u00f1os en los diferentes pa\u00edses de Am\u00e9rica del Norte, Central y del Sur, y las respuestas proporcionadas para garantizar sus derechos.","breadcrumb":{"@id":"https:\/\/www.humanium.org\/es\/america\/#breadcrumb"},"inLanguage":"es","potentialAction":[{"@type":"ReadAction","target":["https:\/\/www.humanium.org\/es\/america\/"]}]},{"@type":"BreadcrumbList","@id":"https:\/\/www.humanium.org\/es\/america\/#breadcrumb","itemListElement":[{"@type":"ListItem","position":1,"name":"Home","item":"https:\/\/www.humanium.org\/es\/"},{"@type":"ListItem","position":2,"name":"Am\u00e9rica"}]},{"@type":"WebSite","@id":"https:\/\/www.humanium.org\/es\/#website","url":"https:\/\/www.humanium.org\/es\/","name":"Humanium","description":"\u00a1Los ni\u00f1os primero!","potentialAction":[{"@type":"SearchAction","target":{"@type":"EntryPoint","urlTemplate":"https:\/\/www.humanium.org\/es\/?s={search_term_string}"},"query-input":{"@type":"PropertyValueSpecification","valueRequired":true,"valueName":"search_term_string"}}],"inLanguage":"es"}]}},"_links":{"self":[{"href":"https:\/\/www.humanium.org\/es\/wp-json\/wp\/v2\/pages\/821","targetHints":{"allow":["GET"]}}],"collection":[{"href":"https:\/\/www.humanium.org\/es\/wp-json\/wp\/v2\/pages"}],"about":[{"href":"https:\/\/www.humanium.org\/es\/wp-json\/wp\/v2\/types\/page"}],"author":[{"embeddable":true,"href":"https:\/\/www.humanium.org\/es\/wp-json\/wp\/v2\/users\/1"}],"replies":[{"embeddable":true,"href":"https:\/\/www.humanium.org\/es\/wp-json\/wp\/v2\/comments?post=821"}],"version-history":[{"count":3,"href":"https:\/\/www.humanium.org\/es\/wp-json\/wp\/v2\/pages\/821\/revisions"}],"predecessor-version":[{"id":14480,"href":"https:\/\/www.humanium.org\/es\/wp-json\/wp\/v2\/pages\/821\/revisions\/14480"}],"wp:attachment":[{"href":"https:\/\/www.humanium.org\/es\/wp-json\/wp\/v2\/media?parent=821"}],"curies":[{"name":"wp","href":"https:\/\/api.w.org\/{rel}","templated":true}]}}