{"id":823,"date":"2013-01-30T11:17:55","date_gmt":"2013-01-30T11:17:55","guid":{"rendered":"http:\/\/www.humanium.org\/es\/?page_id=823"},"modified":"2020-08-10T07:55:04","modified_gmt":"2020-08-10T07:55:04","slug":"oriente-medio-africa-norte","status":"publish","type":"page","link":"https:\/\/www.humanium.org\/es\/oriente-medio-africa-norte\/","title":{"rendered":"Oriente Medio y \u00c1frica del Norte"},"content":{"rendered":"<h1 style=\"margin-bottom: 30px;\">Los ni\u00f1os en Oriente Medio y \u00c1frica del Norte<\/h1>\n<h2>La situaci\u00f3n de los derechos del ni\u00f1o en Oriente Medio y \u00c1frica del Norte, por pa\u00eds<\/h2>\n<p><strong>Descubre la situaci\u00f3n de los ni\u00f1os en los diferentes pa\u00edses de Oriente Medio y \u00c1frica del Norte, y las respuestas proporcionadas para garantizar sus derechos.<\/strong><\/p>\n\n\n<div class=\"wp-block-columns is-layout-flex wp-container-core-columns-is-layout-9d6595d7 wp-block-columns-is-layout-flex\">\n<div class=\"wp-block-column is-layout-flow wp-block-column-is-layout-flow\">\n<p><a href=\"https:\/\/www.humanium.org\/es\/arabia-saudita\/\">Arabia Saudita<\/a><br><a href=\"https:\/\/www.humanium.org\/es\/argelia\/\">Argelia<\/a><br><a href=\"https:\/\/www.humanium.org\/es\/bahrein\/\">Bahrein<\/a><br><a href=\"https:\/\/www.humanium.org\/es\/egipto\/\">Egipto<\/a><br><a href=\"https:\/\/www.humanium.org\/es\/emiratos-arabes-unidos\/\">Emiratos \u00c1rabes Unidos<\/a><br><a href=\"https:\/\/www.humanium.org\/es\/irak\/\">Irak<\/a><br><a href=\"https:\/\/www.humanium.org\/es\/iran\/\">Ir\u00e1n<\/a><br><a href=\"https:\/\/www.humanium.org\/es\/israel\/\">Israel<\/a><br><a href=\"https:\/\/www.humanium.org\/es\/jordania\/\">Jordania<\/a><br><a href=\"https:\/\/www.humanium.org\/es\/kuwait\/\">Kuwait<\/a><br><a href=\"https:\/\/www.humanium.org\/es\/libano\/\">L\u00edbano<\/a><\/p>\n<\/div>\n\n\n\n<div class=\"wp-block-column is-layout-flow wp-block-column-is-layout-flow\">\n<p><a href=\"https:\/\/www.humanium.org\/es\/libia\/\">Libia<\/a><br><a href=\"https:\/\/www.humanium.org\/es\/marruecos-y-el-sahara-occidental\/\">Marruecos y Sahara Occidental<\/a><br><a href=\"https:\/\/www.humanium.org\/es\/mauritania\/\">Mauritania<\/a><br><a href=\"https:\/\/www.humanium.org\/es\/oman\/\">Om\u00e1n<\/a><br><a href=\"https:\/\/www.humanium.org\/es\/oriente-medio-africa-norte\/palestina\/\">Palestina<\/a><br><a href=\"https:\/\/www.humanium.org\/es\/qatar\/\">Qatar<\/a><br><a href=\"https:\/\/www.humanium.org\/es\/siria\/\">Siria<\/a><br><a href=\"https:\/\/www.humanium.org\/es\/tunez\/\">T\u00fanez<\/a><br><a href=\"https:\/\/www.humanium.org\/es\/turquia\/\">Turqu\u00eda<\/a><br><a href=\"https:\/\/www.humanium.org\/es\/yemen\/\">Yemen<\/a><\/p>\n<\/div>\n<\/div>\n","protected":false},"excerpt":{"rendered":"<p>Los ni\u00f1os en Oriente Medio y \u00c1frica del Norte La situaci\u00f3n de los derechos del ni\u00f1o en Oriente Medio y \u00c1frica del Norte, por pa\u00eds Descubre la situaci\u00f3n de los ni\u00f1os en los diferentes pa\u00edses de Oriente Medio y \u00c1frica del Norte, y las respuestas proporcionadas para garantizar sus derechos. Arabia SauditaArgeliaBahreinEgiptoEmiratos \u00c1rabes UnidosIrakIr\u00e1nIsraelJordaniaKuwaitL\u00edbano LibiaMarruecos [&hellip;]<\/p>\n","protected":false},"author":1,"featured_media":0,"parent":0,"menu_order":0,"comment_status":"closed","ping_status":"closed","template":"","meta":{"footnotes":""},"class_list":["post-823","page","type-page","status-publish","hentry"],"yoast_head":"<!-- This site is optimized with the Yoast SEO plugin v26.5 - https:\/\/yoast.com\/wordpress\/plugins\/seo\/ -->\n<title>Los ni\u00f1os en Oriente Medio y \u00c1frica del Norte - Humanium<\/title>\n<meta name=\"description\" content=\"Descubre la situaci\u00f3n de los ni\u00f1os en los diferentes pa\u00edses de Oriente Medio y \u00c1frica del Norte, y las respuestas proporcionadas para garantizar sus derechos.\" \/>\n<meta name=\"robots\" content=\"index, follow, max-snippet:-1, max-image-preview:large, max-video-preview:-1\" \/>\n<link rel=\"canonical\" href=\"https:\/\/www.humanium.org\/es\/oriente-medio-africa-norte\/\" \/>\n<meta property=\"og:locale\" content=\"es_ES\" \/>\n<meta property=\"og:type\" content=\"article\" \/>\n<meta property=\"og:title\" content=\"Los ni\u00f1os en Oriente Medio y \u00c1frica del Norte - Humanium\" \/>\n<meta property=\"og:description\" content=\"Descubre la situaci\u00f3n de los ni\u00f1os en los diferentes pa\u00edses de Oriente Medio y \u00c1frica del Norte, y las respuestas proporcionadas para garantizar sus derechos.\" \/>\n<meta property=\"og:url\" content=\"https:\/\/www.humanium.org\/es\/oriente-medio-africa-norte\/\" \/>\n<meta property=\"og:site_name\" content=\"Humanium\" \/>\n<meta property=\"article:modified_time\" content=\"2020-08-10T07:55:04+00:00\" \/>\n<meta name=\"twitter:card\" content=\"summary_large_image\" \/>\n<script type=\"application\/ld+json\" class=\"yoast-schema-graph\">{\"@context\":\"https:\/\/schema.org\",\"@graph\":[{\"@type\":\"WebPage\",\"@id\":\"https:\/\/www.humanium.org\/es\/oriente-medio-africa-norte\/\",\"url\":\"https:\/\/www.humanium.org\/es\/oriente-medio-africa-norte\/\",\"name\":\"Los ni\u00f1os en Oriente Medio y \u00c1frica del Norte - Humanium\",\"isPartOf\":{\"@id\":\"https:\/\/www.humanium.org\/es\/#website\"},\"datePublished\":\"2013-01-30T11:17:55+00:00\",\"dateModified\":\"2020-08-10T07:55:04+00:00\",\"description\":\"Descubre la situaci\u00f3n de los ni\u00f1os en los diferentes pa\u00edses de Oriente Medio y \u00c1frica del Norte, y las respuestas proporcionadas para garantizar sus derechos.\",\"breadcrumb\":{\"@id\":\"https:\/\/www.humanium.org\/es\/oriente-medio-africa-norte\/#breadcrumb\"},\"inLanguage\":\"es\",\"potentialAction\":[{\"@type\":\"ReadAction\",\"target\":[\"https:\/\/www.humanium.org\/es\/oriente-medio-africa-norte\/\"]}]},{\"@type\":\"BreadcrumbList\",\"@id\":\"https:\/\/www.humanium.org\/es\/oriente-medio-africa-norte\/#breadcrumb\",\"itemListElement\":[{\"@type\":\"ListItem\",\"position\":1,\"name\":\"Home\",\"item\":\"https:\/\/www.humanium.org\/es\/\"},{\"@type\":\"ListItem\",\"position\":2,\"name\":\"Oriente Medio y \u00c1frica del Norte\"}]},{\"@type\":\"WebSite\",\"@id\":\"https:\/\/www.humanium.org\/es\/#website\",\"url\":\"https:\/\/www.humanium.org\/es\/\",\"name\":\"Humanium\",\"description\":\"\u00a1Los ni\u00f1os primero!\",\"potentialAction\":[{\"@type\":\"SearchAction\",\"target\":{\"@type\":\"EntryPoint\",\"urlTemplate\":\"https:\/\/www.humanium.org\/es\/?s={search_term_string}\"},\"query-input\":{\"@type\":\"PropertyValueSpecification\",\"valueRequired\":true,\"valueName\":\"search_term_string\"}}],\"inLanguage\":\"es\"}]}<\/script>\n<!-- \/ Yoast SEO plugin. -->","yoast_head_json":{"title":"Los ni\u00f1os en Oriente Medio y \u00c1frica del Norte - Humanium","description":"Descubre la situaci\u00f3n de los ni\u00f1os en los diferentes pa\u00edses de Oriente Medio y \u00c1frica del Norte, y las respuestas proporcionadas para garantizar sus derechos.","robots":{"index":"index","follow":"follow","max-snippet":"max-snippet:-1","max-image-preview":"max-image-preview:large","max-video-preview":"max-video-preview:-1"},"canonical":"https:\/\/www.humanium.org\/es\/oriente-medio-africa-norte\/","og_locale":"es_ES","og_type":"article","og_title":"Los ni\u00f1os en Oriente Medio y \u00c1frica del Norte - Humanium","og_description":"Descubre la situaci\u00f3n de los ni\u00f1os en los diferentes pa\u00edses de Oriente Medio y \u00c1frica del Norte, y las respuestas proporcionadas para garantizar sus derechos.","og_url":"https:\/\/www.humanium.org\/es\/oriente-medio-africa-norte\/","og_site_name":"Humanium","article_modified_time":"2020-08-10T07:55:04+00:00","twitter_card":"summary_large_image","schema":{"@context":"https:\/\/schema.org","@graph":[{"@type":"WebPage","@id":"https:\/\/www.humanium.org\/es\/oriente-medio-africa-norte\/","url":"https:\/\/www.humanium.org\/es\/oriente-medio-africa-norte\/","name":"Los ni\u00f1os en Oriente Medio y \u00c1frica del Norte - Humanium","isPartOf":{"@id":"https:\/\/www.humanium.org\/es\/#website"},"datePublished":"2013-01-30T11:17:55+00:00","dateModified":"2020-08-10T07:55:04+00:00","description":"Descubre la situaci\u00f3n de los ni\u00f1os en los diferentes pa\u00edses de Oriente Medio y \u00c1frica del Norte, y las respuestas proporcionadas para garantizar sus derechos.","breadcrumb":{"@id":"https:\/\/www.humanium.org\/es\/oriente-medio-africa-norte\/#breadcrumb"},"inLanguage":"es","potentialAction":[{"@type":"ReadAction","target":["https:\/\/www.humanium.org\/es\/oriente-medio-africa-norte\/"]}]},{"@type":"BreadcrumbList","@id":"https:\/\/www.humanium.org\/es\/oriente-medio-africa-norte\/#breadcrumb","itemListElement":[{"@type":"ListItem","position":1,"name":"Home","item":"https:\/\/www.humanium.org\/es\/"},{"@type":"ListItem","position":2,"name":"Oriente Medio y \u00c1frica del Norte"}]},{"@type":"WebSite","@id":"https:\/\/www.humanium.org\/es\/#website","url":"https:\/\/www.humanium.org\/es\/","name":"Humanium","description":"\u00a1Los ni\u00f1os primero!","potentialAction":[{"@type":"SearchAction","target":{"@type":"EntryPoint","urlTemplate":"https:\/\/www.humanium.org\/es\/?s={search_term_string}"},"query-input":{"@type":"PropertyValueSpecification","valueRequired":true,"valueName":"search_term_string"}}],"inLanguage":"es"}]}},"_links":{"self":[{"href":"https:\/\/www.humanium.org\/es\/wp-json\/wp\/v2\/pages\/823","targetHints":{"allow":["GET"]}}],"collection":[{"href":"https:\/\/www.humanium.org\/es\/wp-json\/wp\/v2\/pages"}],"about":[{"href":"https:\/\/www.humanium.org\/es\/wp-json\/wp\/v2\/types\/page"}],"author":[{"embeddable":true,"href":"https:\/\/www.humanium.org\/es\/wp-json\/wp\/v2\/users\/1"}],"replies":[{"embeddable":true,"href":"https:\/\/www.humanium.org\/es\/wp-json\/wp\/v2\/comments?post=823"}],"version-history":[{"count":2,"href":"https:\/\/www.humanium.org\/es\/wp-json\/wp\/v2\/pages\/823\/revisions"}],"predecessor-version":[{"id":14484,"href":"https:\/\/www.humanium.org\/es\/wp-json\/wp\/v2\/pages\/823\/revisions\/14484"}],"wp:attachment":[{"href":"https:\/\/www.humanium.org\/es\/wp-json\/wp\/v2\/media?parent=823"}],"curies":[{"name":"wp","href":"https:\/\/api.w.org\/{rel}","templated":true}]}}