{"id":826,"date":"2013-01-30T12:03:52","date_gmt":"2013-01-30T12:03:52","guid":{"rendered":"http:\/\/www.humanium.org\/es\/?page_id=826"},"modified":"2020-08-10T07:51:19","modified_gmt":"2020-08-10T07:51:19","slug":"europa-caucaso","status":"publish","type":"page","link":"https:\/\/www.humanium.org\/es\/europa-caucaso\/","title":{"rendered":"Europa y C\u00e1ucaso"},"content":{"rendered":"<h1 style=\"margin-bottom: 30px;\">Los ni\u00f1os en Europa y el C\u00e1ucaso<\/h1>\n<h2>La situaci\u00f3n de los derechos del ni\u00f1o en Europa y el C\u00e1ucaso, por pa\u00eds<\/h2>\n<p><strong>Descubre la situaci\u00f3n de los ni\u00f1os en los diferentes pa\u00edses de Europa y el C\u00e1ucaso, y las respuestas proporcionadas para garantizar sus derechos.<\/strong><\/p>\n\n\n<div class=\"wp-block-columns is-layout-flex wp-container-core-columns-is-layout-9d6595d7 wp-block-columns-is-layout-flex\">\n<div class=\"wp-block-column is-layout-flow wp-block-column-is-layout-flow\">\n<p><a href=\"https:\/\/www.humanium.org\/es\/albania\/\">Albania<\/a><br><a href=\"https:\/\/www.humanium.org\/es\/alemania\/\">Alemania<\/a><br><a href=\"https:\/\/www.humanium.org\/es\/andorra\/\">Andorra<\/a><br><a href=\"https:\/\/www.humanium.org\/es\/armenia\/\">Armenia<\/a><br><a href=\"https:\/\/www.humanium.org\/es\/austria\/\">Austria<\/a><br><a href=\"https:\/\/www.humanium.org\/es\/azerbaiyan\/\">Azerbaiy\u00e1n<br><\/a><a href=\"https:\/\/www.humanium.org\/es\/belgica\/\">B\u00e9lgica<\/a><br><a href=\"https:\/\/www.humanium.org\/es\/bielorrusia\/\">Bielorrusia<\/a><br><a href=\"https:\/\/www.humanium.org\/es\/bosnia-herzegovina\/\">Bosnia-Herzegovina<\/a><br><a href=\"https:\/\/www.humanium.org\/es\/bulgaria\/\">Bulgaria<\/a><br><a href=\"https:\/\/www.humanium.org\/es\/chipre\/\">Chipre<\/a><br>Ciudad del Vaticano<br><a href=\"https:\/\/www.humanium.org\/es\/croacia\/\">Croacia<\/a><br><a href=\"https:\/\/www.humanium.org\/es\/dinamarca\/\">Dinamarca<\/a><br><a href=\"https:\/\/www.humanium.org\/es\/eslovaquia\/ \">Eslovaquia<\/a><br><a href=\"https:\/\/www.humanium.org\/es\/eslovenia\/\">Eslovenia<\/a><br><a href=\"https:\/\/www.humanium.org\/es\/espana\/ \">Espa\u00f1a<\/a><br><a href=\"https:\/\/www.humanium.org\/es\/estonia\/\">Estonia<\/a><br><a href=\"https:\/\/www.humanium.org\/es\/finlandia\/\">Finlandia<\/a><br><a href=\"https:\/\/www.humanium.org\/es\/francia\/\">Francia<\/a><br><a href=\"https:\/\/www.humanium.org\/es\/georgia\/\">Georgia<\/a><br><a href=\"https:\/\/www.humanium.org\/es\/grecia\/\">Grecia<\/a><br><a href=\"https:\/\/www.humanium.org\/es\/hungria\/\">Hungr\u00eda<\/a><br><a href=\"https:\/\/www.humanium.org\/es\/irlanda\/\">Irlanda<\/a><\/p>\n<\/div>\n\n\n\n<div class=\"wp-block-column is-layout-flow wp-block-column-is-layout-flow\">\n<p><a href=\"https:\/\/www.humanium.org\/es\/islandia\/\">Islandia<\/a><br><a href=\"https:\/\/www.humanium.org\/es\/italia\/\">Italia<\/a><br><a href=\"https:\/\/www.humanium.org\/es\/ninos-en-kosovo\/\">Kosovo<\/a><br><a href=\"https:\/\/www.humanium.org\/es\/ninos-de-letonia\/\">Letonia<\/a><br><a href=\"https:\/\/www.humanium.org\/es\/liechtenstein\/\">Liechtenstein<\/a><br><a href=\"https:\/\/www.humanium.org\/es\/lituania\/\">Lituania<\/a><br><a href=\"https:\/\/www.humanium.org\/es\/luxemburgo\/\">Luxemburgo<\/a><br><a href=\"https:\/\/www.humanium.org\/es\/macedonia\/\">Macedonia<\/a><br><a href=\"https:\/\/www.humanium.org\/es\/malta\/\">Malta<\/a><br><a href=\"https:\/\/www.humanium.org\/es\/moldavia\/\">Moldavia<\/a><br><a href=\"https:\/\/www.humanium.org\/es\/monaco\/\">M\u00f3naco<\/a><br><a href=\"https:\/\/www.humanium.org\/es\/montenegro\/\">Montenegro<\/a><br><a href=\"https:\/\/www.humanium.org\/es\/noruega\/\">Noruega<\/a><br><a href=\"https:\/\/www.humanium.org\/es\/paises-bajos\/\">Pa\u00edses Bajos<\/a><br><a href=\"https:\/\/www.humanium.org\/es\/polonia\/\">Polonia<\/a><br><a href=\"https:\/\/www.humanium.org\/es\/portugal\/\">Portugal<\/a><br><a href=\"https:\/\/www.humanium.org\/es\/reino-unido\/\">Reino Unido<\/a><br><a href=\"https:\/\/www.humanium.org\/es\/republica-checa\/\">Rep\u00fablica Checa<\/a><br><a href=\"https:\/\/www.humanium.org\/es\/rumania\/\">Ruman\u00eda<\/a><br><a href=\"https:\/\/www.humanium.org\/es\/san-marino\/\">San Marino<\/a><br><a href=\"https:\/\/www.humanium.org\/es\/serbia\/\">Serbia<\/a><br><a href=\"https:\/\/www.humanium.org\/es\/suecia\/\">Suecia<\/a><br><a href=\"https:\/\/www.humanium.org\/es\/suiz\/\">Suiza<\/a><br><a href=\"https:\/\/www.humanium.org\/es\/ucrania\/\">Ucrania<\/a><\/p>\n<\/div>\n<\/div>\n\n\n\n<p><\/p>\n","protected":false},"excerpt":{"rendered":"<p>Los ni\u00f1os en Europa y el C\u00e1ucaso La situaci\u00f3n de los derechos del ni\u00f1o en Europa y el C\u00e1ucaso, por pa\u00eds Descubre la situaci\u00f3n de los ni\u00f1os en los diferentes pa\u00edses de Europa y el C\u00e1ucaso, y las respuestas proporcionadas para garantizar sus derechos. AlbaniaAlemaniaAndorraArmeniaAustriaAzerbaiy\u00e1nB\u00e9lgicaBielorrusiaBosnia-HerzegovinaBulgariaChipreCiudad del VaticanoCroaciaDinamarcaEslovaquiaEsloveniaEspa\u00f1aEstoniaFinlandiaFranciaGeorgiaGreciaHungr\u00edaIrlanda IslandiaItaliaKosovoLetoniaLiechtensteinLituaniaLuxemburgoMacedoniaMaltaMoldaviaM\u00f3nacoMontenegroNoruegaPa\u00edses BajosPoloniaPortugalReino UnidoRep\u00fablica ChecaRuman\u00edaSan MarinoSerbiaSueciaSuizaUcrania<\/p>\n","protected":false},"author":1,"featured_media":0,"parent":0,"menu_order":0,"comment_status":"closed","ping_status":"closed","template":"","meta":{"footnotes":""},"class_list":["post-826","page","type-page","status-publish","hentry"],"yoast_head":"<!-- This site is optimized with the Yoast SEO plugin v26.5 - https:\/\/yoast.com\/wordpress\/plugins\/seo\/ -->\n<title>Los ni\u00f1os en Europa y el C\u00e1ucaso - Humanium<\/title>\n<meta name=\"description\" content=\"Descubre la situaci\u00f3n de los ni\u00f1os en los diferentes pa\u00edses de Europa y el C\u00e1ucaso, y las respuestas proporcionadas para garantizar sus derechos.\" \/>\n<meta name=\"robots\" content=\"index, follow, max-snippet:-1, max-image-preview:large, max-video-preview:-1\" \/>\n<link rel=\"canonical\" href=\"https:\/\/www.humanium.org\/es\/europa-caucaso\/\" \/>\n<meta property=\"og:locale\" content=\"es_ES\" \/>\n<meta property=\"og:type\" content=\"article\" \/>\n<meta property=\"og:title\" content=\"Los ni\u00f1os en Europa y el C\u00e1ucaso - Humanium\" \/>\n<meta property=\"og:description\" content=\"Descubre la situaci\u00f3n de los ni\u00f1os en los diferentes pa\u00edses de Europa y el C\u00e1ucaso, y las respuestas proporcionadas para garantizar sus derechos.\" \/>\n<meta property=\"og:url\" content=\"https:\/\/www.humanium.org\/es\/europa-caucaso\/\" \/>\n<meta property=\"og:site_name\" content=\"Humanium\" \/>\n<meta property=\"article:modified_time\" content=\"2020-08-10T07:51:19+00:00\" \/>\n<meta name=\"twitter:card\" content=\"summary_large_image\" \/>\n<script type=\"application\/ld+json\" class=\"yoast-schema-graph\">{\"@context\":\"https:\/\/schema.org\",\"@graph\":[{\"@type\":\"WebPage\",\"@id\":\"https:\/\/www.humanium.org\/es\/europa-caucaso\/\",\"url\":\"https:\/\/www.humanium.org\/es\/europa-caucaso\/\",\"name\":\"Los ni\u00f1os en Europa y el C\u00e1ucaso - Humanium\",\"isPartOf\":{\"@id\":\"https:\/\/www.humanium.org\/es\/#website\"},\"datePublished\":\"2013-01-30T12:03:52+00:00\",\"dateModified\":\"2020-08-10T07:51:19+00:00\",\"description\":\"Descubre la situaci\u00f3n de los ni\u00f1os en los diferentes pa\u00edses de Europa y el C\u00e1ucaso, y las respuestas proporcionadas para garantizar sus derechos.\",\"breadcrumb\":{\"@id\":\"https:\/\/www.humanium.org\/es\/europa-caucaso\/#breadcrumb\"},\"inLanguage\":\"es\",\"potentialAction\":[{\"@type\":\"ReadAction\",\"target\":[\"https:\/\/www.humanium.org\/es\/europa-caucaso\/\"]}]},{\"@type\":\"BreadcrumbList\",\"@id\":\"https:\/\/www.humanium.org\/es\/europa-caucaso\/#breadcrumb\",\"itemListElement\":[{\"@type\":\"ListItem\",\"position\":1,\"name\":\"Home\",\"item\":\"https:\/\/www.humanium.org\/es\/\"},{\"@type\":\"ListItem\",\"position\":2,\"name\":\"Europa y C\u00e1ucaso\"}]},{\"@type\":\"WebSite\",\"@id\":\"https:\/\/www.humanium.org\/es\/#website\",\"url\":\"https:\/\/www.humanium.org\/es\/\",\"name\":\"Humanium\",\"description\":\"\u00a1Los ni\u00f1os primero!\",\"potentialAction\":[{\"@type\":\"SearchAction\",\"target\":{\"@type\":\"EntryPoint\",\"urlTemplate\":\"https:\/\/www.humanium.org\/es\/?s={search_term_string}\"},\"query-input\":{\"@type\":\"PropertyValueSpecification\",\"valueRequired\":true,\"valueName\":\"search_term_string\"}}],\"inLanguage\":\"es\"}]}<\/script>\n<!-- \/ Yoast SEO plugin. -->","yoast_head_json":{"title":"Los ni\u00f1os en Europa y el C\u00e1ucaso - Humanium","description":"Descubre la situaci\u00f3n de los ni\u00f1os en los diferentes pa\u00edses de Europa y el C\u00e1ucaso, y las respuestas proporcionadas para garantizar sus derechos.","robots":{"index":"index","follow":"follow","max-snippet":"max-snippet:-1","max-image-preview":"max-image-preview:large","max-video-preview":"max-video-preview:-1"},"canonical":"https:\/\/www.humanium.org\/es\/europa-caucaso\/","og_locale":"es_ES","og_type":"article","og_title":"Los ni\u00f1os en Europa y el C\u00e1ucaso - Humanium","og_description":"Descubre la situaci\u00f3n de los ni\u00f1os en los diferentes pa\u00edses de Europa y el C\u00e1ucaso, y las respuestas proporcionadas para garantizar sus derechos.","og_url":"https:\/\/www.humanium.org\/es\/europa-caucaso\/","og_site_name":"Humanium","article_modified_time":"2020-08-10T07:51:19+00:00","twitter_card":"summary_large_image","schema":{"@context":"https:\/\/schema.org","@graph":[{"@type":"WebPage","@id":"https:\/\/www.humanium.org\/es\/europa-caucaso\/","url":"https:\/\/www.humanium.org\/es\/europa-caucaso\/","name":"Los ni\u00f1os en Europa y el C\u00e1ucaso - Humanium","isPartOf":{"@id":"https:\/\/www.humanium.org\/es\/#website"},"datePublished":"2013-01-30T12:03:52+00:00","dateModified":"2020-08-10T07:51:19+00:00","description":"Descubre la situaci\u00f3n de los ni\u00f1os en los diferentes pa\u00edses de Europa y el C\u00e1ucaso, y las respuestas proporcionadas para garantizar sus derechos.","breadcrumb":{"@id":"https:\/\/www.humanium.org\/es\/europa-caucaso\/#breadcrumb"},"inLanguage":"es","potentialAction":[{"@type":"ReadAction","target":["https:\/\/www.humanium.org\/es\/europa-caucaso\/"]}]},{"@type":"BreadcrumbList","@id":"https:\/\/www.humanium.org\/es\/europa-caucaso\/#breadcrumb","itemListElement":[{"@type":"ListItem","position":1,"name":"Home","item":"https:\/\/www.humanium.org\/es\/"},{"@type":"ListItem","position":2,"name":"Europa y C\u00e1ucaso"}]},{"@type":"WebSite","@id":"https:\/\/www.humanium.org\/es\/#website","url":"https:\/\/www.humanium.org\/es\/","name":"Humanium","description":"\u00a1Los ni\u00f1os primero!","potentialAction":[{"@type":"SearchAction","target":{"@type":"EntryPoint","urlTemplate":"https:\/\/www.humanium.org\/es\/?s={search_term_string}"},"query-input":{"@type":"PropertyValueSpecification","valueRequired":true,"valueName":"search_term_string"}}],"inLanguage":"es"}]}},"_links":{"self":[{"href":"https:\/\/www.humanium.org\/es\/wp-json\/wp\/v2\/pages\/826","targetHints":{"allow":["GET"]}}],"collection":[{"href":"https:\/\/www.humanium.org\/es\/wp-json\/wp\/v2\/pages"}],"about":[{"href":"https:\/\/www.humanium.org\/es\/wp-json\/wp\/v2\/types\/page"}],"author":[{"embeddable":true,"href":"https:\/\/www.humanium.org\/es\/wp-json\/wp\/v2\/users\/1"}],"replies":[{"embeddable":true,"href":"https:\/\/www.humanium.org\/es\/wp-json\/wp\/v2\/comments?post=826"}],"version-history":[{"count":2,"href":"https:\/\/www.humanium.org\/es\/wp-json\/wp\/v2\/pages\/826\/revisions"}],"predecessor-version":[{"id":14482,"href":"https:\/\/www.humanium.org\/es\/wp-json\/wp\/v2\/pages\/826\/revisions\/14482"}],"wp:attachment":[{"href":"https:\/\/www.humanium.org\/es\/wp-json\/wp\/v2\/media?parent=826"}],"curies":[{"name":"wp","href":"https:\/\/api.w.org\/{rel}","templated":true}]}}