{"id":830,"date":"2013-01-31T08:49:33","date_gmt":"2013-01-31T08:49:33","guid":{"rendered":"http:\/\/www.humanium.org\/es\/?page_id=830"},"modified":"2020-08-10T07:49:15","modified_gmt":"2020-08-10T07:49:15","slug":"asia-pacifico","status":"publish","type":"page","link":"https:\/\/www.humanium.org\/es\/asia-pacifico\/","title":{"rendered":"Asia y Pac\u00edfico"},"content":{"rendered":"<h1 style=\"margin-bottom: 30px;\">Los ni\u00f1os en Asia y el Pac\u00edfico<\/h1>\n<h2>La situaci\u00f3n de los derechos del ni\u00f1o en Asia y el Pac\u00edfico, por pa\u00eds<\/h2>\n<p><strong>Descubre la situaci\u00f3n de los ni\u00f1os en los diferentes pa\u00edses de Asia y del Pac\u00edfico, y las respuestas proporcionadas para garantizar sus derechos.<\/strong><\/p>\n\n\n<div class=\"wp-block-columns is-layout-flex wp-container-core-columns-is-layout-9d6595d7 wp-block-columns-is-layout-flex\">\n<div class=\"wp-block-column is-layout-flow wp-block-column-is-layout-flow\">\n<p><a href=\"https:\/\/www.humanium.org\/es\/afganistan\/\">Afganist\u00e1n<\/a><br><a href=\"https:\/\/www.humanium.org\/es\/australia\/\">Australia<\/a><br><a href=\"https:\/\/www.humanium.org\/es\/bangladesh\/\">Bangladesh<\/a><br><a href=\"https:\/\/www.humanium.org\/es\/bhutan\/\">But\u00e1n<\/a><br><a href=\"https:\/\/www.humanium.org\/es\/brunei\/\">Brun\u00e9i<\/a><br><a href=\"https:\/\/www.humanium.org\/es\/camboya\/\">Camboya<\/a><br><a href=\"https:\/\/www.humanium.org\/es\/china\/\">China<\/a><br><a href=\"https:\/\/www.humanium.org\/es\/corea-del-norte\/\">Corea del Norte<\/a><br><a href=\"https:\/\/www.humanium.org\/es\/corea-del-sur\/\">Corea del Sur<\/a><br><a href=\"https:\/\/www.humanium.org\/es\/Filipinas\/\">Filipinas<\/a><br><a href=\"https:\/\/www.humanium.org\/es\/fiyi\/\">Fiyi<\/a><br><a href=\"https:\/\/www.humanium.org\/es\/india\/\">India<\/a><br><a href=\"https:\/\/www.humanium.org\/es\/indonesia\/\">Indonesia<\/a><br><a href=\"https:\/\/www.humanium.org\/es\/islas-cook\/\">Islas Cook<\/a><br><a href=\"https:\/\/www.humanium.org\/es\/islas-marshall\/\">Islas Marshall<\/a><br><a href=\"https:\/\/www.humanium.org\/es\/islas-salomon\/\">Islas Salom\u00f3n<\/a><br><a href=\"https:\/\/www.humanium.org\/es\/japon\/\">Jap\u00f3n<\/a><br><a href=\"https:\/\/www.humanium.org\/es\/kazajstan\/\">Kazajist\u00e1n<\/a><br><a href=\"https:\/\/www.humanium.org\/es\/kirguistan\/\">Kirguist\u00e1n<\/a><br><a href=\"https:\/\/www.humanium.org\/es\/kiribati\/\">Kiribati<\/a><br><a href=\"https:\/\/www.humanium.org\/es\/laos\/\">Laos<\/a><br><a href=\"https:\/\/www.humanium.org\/es\/malasia\/\">Malasia<\/a><br><a href=\"https:\/\/www.humanium.org\/es\/maldivas\/\">Maldivas<\/a><\/p>\n<\/div>\n\n\n\n<div class=\"wp-block-column is-layout-flow wp-block-column-is-layout-flow\">\n<p><a href=\"https:\/\/www.humanium.org\/es\/micronesia\/\">Micronesia<\/a><br><a href=\"https:\/\/www.humanium.org\/es\/mongolia\/\">Mongolia<\/a><br><a href=\"https:\/\/www.humanium.org\/es\/myanmar\/\">Myanmar<\/a><br><a href=\"https:\/\/www.humanium.org\/es\/nauru\/\">Nauru<\/a><br><a href=\"https:\/\/www.humanium.org\/es\/nepal\/\">Nepal<\/a><br><a href=\"https:\/\/www.humanium.org\/es\/nueva-zelanda\/\">Nueva Zelanda<\/a><br><a href=\"https:\/\/www.humanium.org\/es\/pakistan\/\">Pakist\u00e1n<\/a><br><a href=\"https:\/\/www.humanium.org\/es\/palau\/\">Palaos<\/a><br><a href=\"https:\/\/www.humanium.org\/es\/papua-nueva-guinea\/\">Pap\u00faa Nueva Guinea<\/a><br><a href=\"https:\/\/www.humanium.org\/es\/rusia\/\">Rusia<\/a><br><a href=\"https:\/\/www.humanium.org\/es\/samoa\/\">Samoa<\/a><br><a href=\"https:\/\/www.humanium.org\/es\/singapur\/\">Singapur<\/a><br><a href=\"https:\/\/www.humanium.org\/es\/sri-lanka\/\">Sri Lanka<\/a><br><a href=\"https:\/\/www.humanium.org\/es\/tailandia\/\">Tailandia<\/a><br><a href=\"https:\/\/www.humanium.org\/es\/tayikistan\/\">Tayikist\u00e1n<\/a><br><a href=\"https:\/\/www.humanium.org\/es\/timor-oriental\/\">Timor Oriental<\/a><br><a href=\"https:\/\/www.humanium.org\/es\/tonga\/\">Tonga<\/a><br><a href=\"https:\/\/www.humanium.org\/es\/turkmenistan\/\">Turkmenist\u00e1n<\/a><br><a href=\"https:\/\/www.humanium.org\/es\/tuvalu\/\">Tuvalu<\/a><br><a href=\"https:\/\/www.humanium.org\/es\/uzbekistan\/\">Uzbekist\u00e1n<\/a><br><a href=\"https:\/\/www.humanium.org\/es\/vanuatu\/\">Vanuatu<\/a><br><a href=\"https:\/\/www.humanium.org\/es\/vietnam\/\">Vietnam<\/a><\/p>\n<\/div>\n<\/div>\n\n\n\n<p><\/p>\n","protected":false},"excerpt":{"rendered":"<p>Los ni\u00f1os en Asia y el Pac\u00edfico La situaci\u00f3n de los derechos del ni\u00f1o en Asia y el Pac\u00edfico, por pa\u00eds Descubre la situaci\u00f3n de los ni\u00f1os en los diferentes pa\u00edses de Asia y del Pac\u00edfico, y las respuestas proporcionadas para garantizar sus derechos. Afganist\u00e1nAustraliaBangladeshBut\u00e1nBrun\u00e9iCamboyaChinaCorea del NorteCorea del SurFilipinasFiyiIndiaIndonesiaIslas CookIslas MarshallIslas Salom\u00f3nJap\u00f3nKazajist\u00e1nKirguist\u00e1nKiribatiLaosMalasiaMaldivas MicronesiaMongoliaMyanmarNauruNepalNueva ZelandaPakist\u00e1nPalaosPap\u00faa Nueva [&hellip;]<\/p>\n","protected":false},"author":1,"featured_media":0,"parent":0,"menu_order":0,"comment_status":"closed","ping_status":"closed","template":"","meta":{"footnotes":""},"class_list":["post-830","page","type-page","status-publish","hentry"],"yoast_head":"<!-- This site is optimized with the Yoast SEO plugin v26.5 - https:\/\/yoast.com\/wordpress\/plugins\/seo\/ -->\n<title>Los ni\u00f1os en Asia y el Pac\u00edfico - Humanium<\/title>\n<meta name=\"description\" content=\"Descubre la situaci\u00f3n de los ni\u00f1os en los diferentes pa\u00edses de Asia y del Pac\u00edfico, y las respuestas proporcionadas para garantizar sus derechos.\" \/>\n<meta name=\"robots\" content=\"index, follow, max-snippet:-1, max-image-preview:large, max-video-preview:-1\" \/>\n<link rel=\"canonical\" href=\"https:\/\/www.humanium.org\/es\/asia-pacifico\/\" \/>\n<meta property=\"og:locale\" content=\"es_ES\" \/>\n<meta property=\"og:type\" content=\"article\" \/>\n<meta property=\"og:title\" content=\"Los ni\u00f1os en Asia y el Pac\u00edfico - Humanium\" \/>\n<meta property=\"og:description\" content=\"Descubre la situaci\u00f3n de los ni\u00f1os en los diferentes pa\u00edses de Asia y del Pac\u00edfico, y las respuestas proporcionadas para garantizar sus derechos.\" \/>\n<meta property=\"og:url\" content=\"https:\/\/www.humanium.org\/es\/asia-pacifico\/\" \/>\n<meta property=\"og:site_name\" content=\"Humanium\" \/>\n<meta property=\"article:modified_time\" content=\"2020-08-10T07:49:15+00:00\" \/>\n<meta name=\"twitter:card\" content=\"summary_large_image\" \/>\n<script type=\"application\/ld+json\" class=\"yoast-schema-graph\">{\"@context\":\"https:\/\/schema.org\",\"@graph\":[{\"@type\":\"WebPage\",\"@id\":\"https:\/\/www.humanium.org\/es\/asia-pacifico\/\",\"url\":\"https:\/\/www.humanium.org\/es\/asia-pacifico\/\",\"name\":\"Los ni\u00f1os en Asia y el Pac\u00edfico - Humanium\",\"isPartOf\":{\"@id\":\"https:\/\/www.humanium.org\/es\/#website\"},\"datePublished\":\"2013-01-31T08:49:33+00:00\",\"dateModified\":\"2020-08-10T07:49:15+00:00\",\"description\":\"Descubre la situaci\u00f3n de los ni\u00f1os en los diferentes pa\u00edses de Asia y del Pac\u00edfico, y las respuestas proporcionadas para garantizar sus derechos.\",\"breadcrumb\":{\"@id\":\"https:\/\/www.humanium.org\/es\/asia-pacifico\/#breadcrumb\"},\"inLanguage\":\"es\",\"potentialAction\":[{\"@type\":\"ReadAction\",\"target\":[\"https:\/\/www.humanium.org\/es\/asia-pacifico\/\"]}]},{\"@type\":\"BreadcrumbList\",\"@id\":\"https:\/\/www.humanium.org\/es\/asia-pacifico\/#breadcrumb\",\"itemListElement\":[{\"@type\":\"ListItem\",\"position\":1,\"name\":\"Home\",\"item\":\"https:\/\/www.humanium.org\/es\/\"},{\"@type\":\"ListItem\",\"position\":2,\"name\":\"Asia y Pac\u00edfico\"}]},{\"@type\":\"WebSite\",\"@id\":\"https:\/\/www.humanium.org\/es\/#website\",\"url\":\"https:\/\/www.humanium.org\/es\/\",\"name\":\"Humanium\",\"description\":\"\u00a1Los ni\u00f1os primero!\",\"potentialAction\":[{\"@type\":\"SearchAction\",\"target\":{\"@type\":\"EntryPoint\",\"urlTemplate\":\"https:\/\/www.humanium.org\/es\/?s={search_term_string}\"},\"query-input\":{\"@type\":\"PropertyValueSpecification\",\"valueRequired\":true,\"valueName\":\"search_term_string\"}}],\"inLanguage\":\"es\"}]}<\/script>\n<!-- \/ Yoast SEO plugin. -->","yoast_head_json":{"title":"Los ni\u00f1os en Asia y el Pac\u00edfico - Humanium","description":"Descubre la situaci\u00f3n de los ni\u00f1os en los diferentes pa\u00edses de Asia y del Pac\u00edfico, y las respuestas proporcionadas para garantizar sus derechos.","robots":{"index":"index","follow":"follow","max-snippet":"max-snippet:-1","max-image-preview":"max-image-preview:large","max-video-preview":"max-video-preview:-1"},"canonical":"https:\/\/www.humanium.org\/es\/asia-pacifico\/","og_locale":"es_ES","og_type":"article","og_title":"Los ni\u00f1os en Asia y el Pac\u00edfico - Humanium","og_description":"Descubre la situaci\u00f3n de los ni\u00f1os en los diferentes pa\u00edses de Asia y del Pac\u00edfico, y las respuestas proporcionadas para garantizar sus derechos.","og_url":"https:\/\/www.humanium.org\/es\/asia-pacifico\/","og_site_name":"Humanium","article_modified_time":"2020-08-10T07:49:15+00:00","twitter_card":"summary_large_image","schema":{"@context":"https:\/\/schema.org","@graph":[{"@type":"WebPage","@id":"https:\/\/www.humanium.org\/es\/asia-pacifico\/","url":"https:\/\/www.humanium.org\/es\/asia-pacifico\/","name":"Los ni\u00f1os en Asia y el Pac\u00edfico - Humanium","isPartOf":{"@id":"https:\/\/www.humanium.org\/es\/#website"},"datePublished":"2013-01-31T08:49:33+00:00","dateModified":"2020-08-10T07:49:15+00:00","description":"Descubre la situaci\u00f3n de los ni\u00f1os en los diferentes pa\u00edses de Asia y del Pac\u00edfico, y las respuestas proporcionadas para garantizar sus derechos.","breadcrumb":{"@id":"https:\/\/www.humanium.org\/es\/asia-pacifico\/#breadcrumb"},"inLanguage":"es","potentialAction":[{"@type":"ReadAction","target":["https:\/\/www.humanium.org\/es\/asia-pacifico\/"]}]},{"@type":"BreadcrumbList","@id":"https:\/\/www.humanium.org\/es\/asia-pacifico\/#breadcrumb","itemListElement":[{"@type":"ListItem","position":1,"name":"Home","item":"https:\/\/www.humanium.org\/es\/"},{"@type":"ListItem","position":2,"name":"Asia y Pac\u00edfico"}]},{"@type":"WebSite","@id":"https:\/\/www.humanium.org\/es\/#website","url":"https:\/\/www.humanium.org\/es\/","name":"Humanium","description":"\u00a1Los ni\u00f1os primero!","potentialAction":[{"@type":"SearchAction","target":{"@type":"EntryPoint","urlTemplate":"https:\/\/www.humanium.org\/es\/?s={search_term_string}"},"query-input":{"@type":"PropertyValueSpecification","valueRequired":true,"valueName":"search_term_string"}}],"inLanguage":"es"}]}},"_links":{"self":[{"href":"https:\/\/www.humanium.org\/es\/wp-json\/wp\/v2\/pages\/830","targetHints":{"allow":["GET"]}}],"collection":[{"href":"https:\/\/www.humanium.org\/es\/wp-json\/wp\/v2\/pages"}],"about":[{"href":"https:\/\/www.humanium.org\/es\/wp-json\/wp\/v2\/types\/page"}],"author":[{"embeddable":true,"href":"https:\/\/www.humanium.org\/es\/wp-json\/wp\/v2\/users\/1"}],"replies":[{"embeddable":true,"href":"https:\/\/www.humanium.org\/es\/wp-json\/wp\/v2\/comments?post=830"}],"version-history":[{"count":2,"href":"https:\/\/www.humanium.org\/es\/wp-json\/wp\/v2\/pages\/830\/revisions"}],"predecessor-version":[{"id":14481,"href":"https:\/\/www.humanium.org\/es\/wp-json\/wp\/v2\/pages\/830\/revisions\/14481"}],"wp:attachment":[{"href":"https:\/\/www.humanium.org\/es\/wp-json\/wp\/v2\/media?parent=830"}],"curies":[{"name":"wp","href":"https:\/\/api.w.org\/{rel}","templated":true}]}}