{"id":8399,"date":"2015-12-17T09:23:28","date_gmt":"2015-12-17T09:23:28","guid":{"rendered":"http:\/\/www.humanium.org\/es\/?page_id=8399"},"modified":"2019-11-25T17:06:38","modified_gmt":"2019-11-25T17:06:38","slug":"donacion","status":"publish","type":"page","link":"https:\/\/www.humanium.org\/es\/donacion\/","title":{"rendered":"Tu donaci\u00f3n"},"content":{"rendered":"\n<h2 class=\"wp-block-heading\">Por favor seleccione su pa\u00eds<\/h2>\n\n\n\n<p>Para donar ahora, haga clic de acuerdo a su pa\u00eds de residencia.<br>Ser\u00e1 redirigido al sitio web seguro de Humanium.<\/p>\n\n\n<div class=\"countryselect\">\n\t<ul>\n\t\t<li class=\"fr-fr\"><a href=\"\/h\/fr-fr\/\"><i><\/i> France<\/a><\/li>\n\t\t<li class=\"ch-fr\"><a href=\"\/h\/ch-fr\/\"><i><\/i> Suisse<\/a><\/li>\n\t\t<li class=\"ch-de\"><a href=\"\/h\/ch-de\/\"><i><\/i> Schweiz<\/a><\/li>\n\t\t<li class=\"fr-es\"><a href=\"\/h\/fr-es\/\"><i><\/i> Espa\u00f1a<\/a><\/li>\n\t\t<li class=\"de-de\"><a href=\"\/h\/de-de\/\"><i><\/i> Deutschland<\/a><\/li>\n\t\t<li class=\"fr-en\"><a href=\"\/h\/fr-en\/\"><i><\/i> Other country<\/a><\/li>\n\t<\/ul>\n\t<\/div><!--\/.countryselect-->\n\n\n\n<p><strong>Donaci\u00f3n en l\u00ednea de forma segura<\/strong>. Conexi\u00f3n encriptada y verificaci\u00f3n avanzada de la identidad de Humanium para garantizar que las donaciones llegan a buen puerto.<\/p>\n\n\n\n<p><strong>Elige el importe de tu donaci\u00f3n<\/strong>. Sea cual sea el importe de tu donaci\u00f3n, ayudar\u00e1s a mejorar las condiciones de vida de los ni\u00f1os y garantizar\u00e1s el respeto de sus derechos.<\/p>\n\n\n\n<p><strong>Deducci\u00f3n de impuestos<\/strong>. En funci\u00f3n de tu situaci\u00f3n fiscal y de tu pa\u00eds de residencia, tu donaci\u00f3n podr\u00eda ser deductible de los impuestos.<\/p>\n\n\n\n<div class=\"wp-block-image\"><figure class=\"alignright\"><img decoding=\"async\" src=\"https:\/\/www.humanium.org\/fr\/wp-content\/uploads\/2010\/08\/shutterstock_641277916-300x209.jpg\" alt=\"\" class=\"wp-image-41158\"\/><\/figure><\/div>\n\n\n\n<p>Gracias a su donaci\u00f3n:\n<\/p>\n\n\n\n<ul class=\"wp-block-list\"><li>Defendemos a los ni\u00f1os cuyos derechos son violados<\/li><li>Protegemos a los ni\u00f1os m\u00e1s vulnerables<\/li><li>Hacemos que los derechos de los ni\u00f1os sean accesibles a la mayor parte de gente posible<\/li><\/ul>\n\n\n\n<p><strong>Trabajamos por un mundo donde los derechos de los ni\u00f1os sean respetados, protegidos y aplicados.<\/strong><\/p>\n\n\n\n<p><strong>\u00bfAlguna pregunta?<\/strong><br>Contactanos en info@humanium.org.<\/p>\n","protected":false},"excerpt":{"rendered":"<p>Por favor seleccione su pa\u00eds Para donar ahora, haga clic de acuerdo a su pa\u00eds de residencia.Ser\u00e1 redirigido al sitio web seguro de Humanium. Donaci\u00f3n en l\u00ednea de forma segura. Conexi\u00f3n encriptada y verificaci\u00f3n avanzada de la identidad de Humanium para garantizar que las donaciones llegan a buen puerto. Elige el importe de tu donaci\u00f3n. [&hellip;]<\/p>\n","protected":false},"author":1,"featured_media":0,"parent":0,"menu_order":0,"comment_status":"closed","ping_status":"closed","template":"page-templates\/page_fullwidth.php","meta":{"footnotes":""},"class_list":["post-8399","page","type-page","status-publish","hentry"],"yoast_head":"<!-- This site is optimized with the Yoast SEO plugin v26.5 - https:\/\/yoast.com\/wordpress\/plugins\/seo\/ -->\n<title>Tu donaci\u00f3n - Humanium<\/title>\n<meta name=\"robots\" content=\"index, follow, max-snippet:-1, max-image-preview:large, max-video-preview:-1\" \/>\n<link rel=\"canonical\" href=\"https:\/\/www.humanium.org\/es\/donacion\/\" \/>\n<meta property=\"og:locale\" content=\"es_ES\" \/>\n<meta property=\"og:type\" content=\"article\" \/>\n<meta property=\"og:title\" content=\"Tu donaci\u00f3n - Humanium\" \/>\n<meta property=\"og:description\" content=\"Por favor seleccione su pa\u00eds Para donar ahora, haga clic de acuerdo a su pa\u00eds de residencia.Ser\u00e1 redirigido al sitio web seguro de Humanium. Donaci\u00f3n en l\u00ednea de forma segura. Conexi\u00f3n encriptada y verificaci\u00f3n avanzada de la identidad de Humanium para garantizar que las donaciones llegan a buen puerto. Elige el importe de tu donaci\u00f3n. [&hellip;]\" \/>\n<meta property=\"og:url\" content=\"https:\/\/www.humanium.org\/es\/donacion\/\" \/>\n<meta property=\"og:site_name\" content=\"Humanium\" \/>\n<meta property=\"article:modified_time\" content=\"2019-11-25T17:06:38+00:00\" \/>\n<meta property=\"og:image\" content=\"https:\/\/www.humanium.org\/fr\/wp-content\/uploads\/2010\/08\/shutterstock_641277916-300x209.jpg\" \/>\n<meta name=\"twitter:card\" content=\"summary_large_image\" \/>\n<meta name=\"twitter:label1\" content=\"Tiempo de lectura\" \/>\n\t<meta name=\"twitter:data1\" content=\"1 minuto\" \/>\n<script type=\"application\/ld+json\" class=\"yoast-schema-graph\">{\"@context\":\"https:\/\/schema.org\",\"@graph\":[{\"@type\":\"WebPage\",\"@id\":\"https:\/\/www.humanium.org\/es\/donacion\/\",\"url\":\"https:\/\/www.humanium.org\/es\/donacion\/\",\"name\":\"Tu donaci\u00f3n - Humanium\",\"isPartOf\":{\"@id\":\"https:\/\/www.humanium.org\/es\/#website\"},\"primaryImageOfPage\":{\"@id\":\"https:\/\/www.humanium.org\/es\/donacion\/#primaryimage\"},\"image\":{\"@id\":\"https:\/\/www.humanium.org\/es\/donacion\/#primaryimage\"},\"thumbnailUrl\":\"https:\/\/www.humanium.org\/fr\/wp-content\/uploads\/2010\/08\/shutterstock_641277916-300x209.jpg\",\"datePublished\":\"2015-12-17T09:23:28+00:00\",\"dateModified\":\"2019-11-25T17:06:38+00:00\",\"breadcrumb\":{\"@id\":\"https:\/\/www.humanium.org\/es\/donacion\/#breadcrumb\"},\"inLanguage\":\"es\",\"potentialAction\":[{\"@type\":\"ReadAction\",\"target\":[\"https:\/\/www.humanium.org\/es\/donacion\/\"]}]},{\"@type\":\"ImageObject\",\"inLanguage\":\"es\",\"@id\":\"https:\/\/www.humanium.org\/es\/donacion\/#primaryimage\",\"url\":\"https:\/\/www.humanium.org\/fr\/wp-content\/uploads\/2010\/08\/shutterstock_641277916-300x209.jpg\",\"contentUrl\":\"https:\/\/www.humanium.org\/fr\/wp-content\/uploads\/2010\/08\/shutterstock_641277916-300x209.jpg\"},{\"@type\":\"BreadcrumbList\",\"@id\":\"https:\/\/www.humanium.org\/es\/donacion\/#breadcrumb\",\"itemListElement\":[{\"@type\":\"ListItem\",\"position\":1,\"name\":\"Home\",\"item\":\"https:\/\/www.humanium.org\/es\/\"},{\"@type\":\"ListItem\",\"position\":2,\"name\":\"Tu donaci\u00f3n\"}]},{\"@type\":\"WebSite\",\"@id\":\"https:\/\/www.humanium.org\/es\/#website\",\"url\":\"https:\/\/www.humanium.org\/es\/\",\"name\":\"Humanium\",\"description\":\"\u00a1Los ni\u00f1os primero!\",\"potentialAction\":[{\"@type\":\"SearchAction\",\"target\":{\"@type\":\"EntryPoint\",\"urlTemplate\":\"https:\/\/www.humanium.org\/es\/?s={search_term_string}\"},\"query-input\":{\"@type\":\"PropertyValueSpecification\",\"valueRequired\":true,\"valueName\":\"search_term_string\"}}],\"inLanguage\":\"es\"}]}<\/script>\n<!-- \/ Yoast SEO plugin. -->","yoast_head_json":{"title":"Tu donaci\u00f3n - Humanium","robots":{"index":"index","follow":"follow","max-snippet":"max-snippet:-1","max-image-preview":"max-image-preview:large","max-video-preview":"max-video-preview:-1"},"canonical":"https:\/\/www.humanium.org\/es\/donacion\/","og_locale":"es_ES","og_type":"article","og_title":"Tu donaci\u00f3n - Humanium","og_description":"Por favor seleccione su pa\u00eds Para donar ahora, haga clic de acuerdo a su pa\u00eds de residencia.Ser\u00e1 redirigido al sitio web seguro de Humanium. Donaci\u00f3n en l\u00ednea de forma segura. Conexi\u00f3n encriptada y verificaci\u00f3n avanzada de la identidad de Humanium para garantizar que las donaciones llegan a buen puerto. Elige el importe de tu donaci\u00f3n. [&hellip;]","og_url":"https:\/\/www.humanium.org\/es\/donacion\/","og_site_name":"Humanium","article_modified_time":"2019-11-25T17:06:38+00:00","og_image":[{"url":"https:\/\/www.humanium.org\/fr\/wp-content\/uploads\/2010\/08\/shutterstock_641277916-300x209.jpg","type":"","width":"","height":""}],"twitter_card":"summary_large_image","twitter_misc":{"Tiempo de lectura":"1 minuto"},"schema":{"@context":"https:\/\/schema.org","@graph":[{"@type":"WebPage","@id":"https:\/\/www.humanium.org\/es\/donacion\/","url":"https:\/\/www.humanium.org\/es\/donacion\/","name":"Tu donaci\u00f3n - Humanium","isPartOf":{"@id":"https:\/\/www.humanium.org\/es\/#website"},"primaryImageOfPage":{"@id":"https:\/\/www.humanium.org\/es\/donacion\/#primaryimage"},"image":{"@id":"https:\/\/www.humanium.org\/es\/donacion\/#primaryimage"},"thumbnailUrl":"https:\/\/www.humanium.org\/fr\/wp-content\/uploads\/2010\/08\/shutterstock_641277916-300x209.jpg","datePublished":"2015-12-17T09:23:28+00:00","dateModified":"2019-11-25T17:06:38+00:00","breadcrumb":{"@id":"https:\/\/www.humanium.org\/es\/donacion\/#breadcrumb"},"inLanguage":"es","potentialAction":[{"@type":"ReadAction","target":["https:\/\/www.humanium.org\/es\/donacion\/"]}]},{"@type":"ImageObject","inLanguage":"es","@id":"https:\/\/www.humanium.org\/es\/donacion\/#primaryimage","url":"https:\/\/www.humanium.org\/fr\/wp-content\/uploads\/2010\/08\/shutterstock_641277916-300x209.jpg","contentUrl":"https:\/\/www.humanium.org\/fr\/wp-content\/uploads\/2010\/08\/shutterstock_641277916-300x209.jpg"},{"@type":"BreadcrumbList","@id":"https:\/\/www.humanium.org\/es\/donacion\/#breadcrumb","itemListElement":[{"@type":"ListItem","position":1,"name":"Home","item":"https:\/\/www.humanium.org\/es\/"},{"@type":"ListItem","position":2,"name":"Tu donaci\u00f3n"}]},{"@type":"WebSite","@id":"https:\/\/www.humanium.org\/es\/#website","url":"https:\/\/www.humanium.org\/es\/","name":"Humanium","description":"\u00a1Los ni\u00f1os primero!","potentialAction":[{"@type":"SearchAction","target":{"@type":"EntryPoint","urlTemplate":"https:\/\/www.humanium.org\/es\/?s={search_term_string}"},"query-input":{"@type":"PropertyValueSpecification","valueRequired":true,"valueName":"search_term_string"}}],"inLanguage":"es"}]}},"_links":{"self":[{"href":"https:\/\/www.humanium.org\/es\/wp-json\/wp\/v2\/pages\/8399","targetHints":{"allow":["GET"]}}],"collection":[{"href":"https:\/\/www.humanium.org\/es\/wp-json\/wp\/v2\/pages"}],"about":[{"href":"https:\/\/www.humanium.org\/es\/wp-json\/wp\/v2\/types\/page"}],"author":[{"embeddable":true,"href":"https:\/\/www.humanium.org\/es\/wp-json\/wp\/v2\/users\/1"}],"replies":[{"embeddable":true,"href":"https:\/\/www.humanium.org\/es\/wp-json\/wp\/v2\/comments?post=8399"}],"version-history":[{"count":13,"href":"https:\/\/www.humanium.org\/es\/wp-json\/wp\/v2\/pages\/8399\/revisions"}],"predecessor-version":[{"id":13276,"href":"https:\/\/www.humanium.org\/es\/wp-json\/wp\/v2\/pages\/8399\/revisions\/13276"}],"wp:attachment":[{"href":"https:\/\/www.humanium.org\/es\/wp-json\/wp\/v2\/media?parent=8399"}],"curies":[{"name":"wp","href":"https:\/\/api.w.org\/{rel}","templated":true}]}}