{"id":869,"date":"2012-10-19T14:16:46","date_gmt":"2012-10-19T14:16:46","guid":{"rendered":"http:\/\/www.humanium.org\/es\/?page_id=2"},"modified":"2020-02-01T07:50:41","modified_gmt":"2020-02-01T07:50:41","slug":"derechos-ninos","status":"publish","type":"page","link":"https:\/\/www.humanium.org\/es\/derechos-ninos\/","title":{"rendered":"Derechos del ni\u00f1o"},"content":{"rendered":"\n<h2 class=\"wp-block-heading\"><a href=\"https:\/\/www.humanium.org\/es\/historia\/\"><strong>Historia de los Derechos del Ni\u00f1o<\/strong><\/a><\/h2>\n\n\n\n<div class=\"wp-block-image\"><figure class=\"alignright\"><img decoding=\"async\" src=\"https:\/\/www.humanium.org\/fr\/wp-content\/uploads\/2011\/11\/cambodgien-un-kibae-park.jpg\" alt=\"\" class=\"wp-image-16696\"\/><\/figure><\/div>\n\n\n\n<p><strong>\u00abLa humanidad debe al ni\u00f1o lo mejor que puede darle\u00bb<\/strong> Con estas palabras, se aprob\u00f3 en 1924 la <a href=\"https:\/\/www.humanium.org\/es\/ginebra-1924\/\">Declaraci\u00f3n de Ginebra<\/a> sobre los Derechos del Ni\u00f1o y posteriormente la <a href=\"https:\/\/www.humanium.org\/es\/declaracion-1959\/\">Declaraci\u00f3n de los Derechos del Ni\u00f1o<\/a> en 1959.<\/p>\n\n\n\n<h2 class=\"wp-block-heading\"><a href=\"https:\/\/www.humanium.org\/es\/convencion\/\"><strong>Convenci\u00f3n sobre los Derechos del Ni\u00f1o<\/strong><\/a><\/h2>\n\n\n\n<div class=\"wp-block-image\"><figure class=\"alignright\"><img decoding=\"async\" src=\"https:\/\/www.humanium.org\/fr\/wp-content\/uploads\/2011\/11\/role-actif-enfant-convention.jpg\" alt=\"\" class=\"wp-image-16606\"\/><\/figure><\/div>\n\n\n\n<p>El 20 de noviembre de 1989, la Asamblea General de la ONU aprob\u00f3 por unanimidad la <a href=\"https:\/\/www.humanium.org\/es\/convencion\/\">Convenci\u00f3n sobre los Derechos del Ni\u00f1o<\/a>. La aplicaci\u00f3n de este texto es una meta com\u00fan para toda la humanidad.<\/p>\n\n\n\n<h2 class=\"wp-block-heading\"><strong><a href=\"https:\/\/www.humanium.org\/es\/paises\/\">La ni\u00f1ez en el mundo<\/a><\/strong><\/h2>\n\n\n\n<p>Todos los ni\u00f1os y las ni\u00f1as tienen los mismos derechos. Sin embargo, estos derechos son violados en la mayor\u00eda de los pa\u00edses y los ni\u00f1os y ni\u00f1as no gozan de la misma igualdad jur\u00eddica.<\/p>\n\n\n\n<ul class=\"wp-block-list\"><li><a href=\"https:\/\/www.humanium.org\/es\/africa\/\">\u00c1frica<\/a><\/li><li><a href=\"https:\/\/www.humanium.org\/es\/america\/\">Am\u00e9rica<\/a><\/li><li><a href=\"https:\/\/www.humanium.org\/es\/asia-pacifico\/\">Asia y Pac\u00edfico<\/a><\/li><li><a href=\"https:\/\/www.humanium.org\/es\/europa-caucaso\/\">Europa y el C\u00e1ucaso<\/a><\/li><li><a href=\"https:\/\/www.humanium.org\/es\/oriente-medio-africa-norte\/\">Oriente Medio y \u00c1frica del Norte<\/a><\/li><\/ul>\n\n\n\n<h2 class=\"wp-block-heading\"><a href=\"https:\/\/www.humanium.org\/es\/enfoques-tematicos\/\"><strong>Enfoques tem\u00e1ticos<\/strong><\/a><\/h2>\n\n\n\n<div class=\"wp-block-image\"><figure class=\"alignright\"><img decoding=\"async\" src=\"https:\/\/www.humanium.org\/fr\/wp-content\/uploads\/2011\/11\/fillette-pakistan.jpg\" alt=\"\" class=\"wp-image-16618\"\/><\/figure><\/div>\n\n\n\n<p>La <a href=\"https:\/\/www.humanium.org\/es\/pobreza\/\">pobreza<\/a> es el principal factor de violaci\u00f3n de los Derechos del Ni\u00f1o. Muchos de los problemas a\u00fan persisten, como el <a href=\"https:\/\/www.humanium.org\/es\/trabajo-infantil\/\">trabajo infantil<\/a>, la <a href=\"https:\/\/www.humanium.org\/es\/discriminacion\">discriminaci\u00f3n<\/a>, el <a href=\"https:\/\/www.humanium.org\/es\/abuso-infantil\">abuso<\/a>, la <a href=\"https:\/\/www.humanium.org\/es\/mortalidad-infantil\/\">mortalidad infantil<\/a> o la <a href=\"https:\/\/www.humanium.org\/es\/explotacion-sexual-infantil\/\">explotaci\u00f3n sexual.<\/a><\/p>\n\n\n\n<h2 class=\"wp-block-heading\"><strong>C\u00f3mo actuar<\/strong><\/h2>\n\n\n\n<div class=\"wp-block-image\"><figure class=\"alignright\"><img decoding=\"async\" src=\"https:\/\/www.humanium.org\/fr\/wp-content\/uploads\/2011\/11\/team.jpg\" alt=\"\" class=\"wp-image-16697\"\/><\/figure><\/div>\n\n\n\n<p>Juntos podemos actuar ahora para ayudar en el cumplimiento de los Derechos de la Ni\u00f1ez:<\/p>\n\n\n\n<ul class=\"wp-block-list\"><li><a href=\"https:\/\/www.humanium.org\/es\/voluntariado\/\">Mediante el voluntariado,<\/a><\/li><li><a href=\"https:\/\/www.humanium.org\/es\/donacion\/\">A trav\u00e9s de donaciones<\/a>.<\/li><\/ul>\n","protected":false},"excerpt":{"rendered":"<p>Historia de los Derechos del Ni\u00f1o \u00abLa humanidad debe al ni\u00f1o lo mejor que puede darle\u00bb Con estas palabras, se aprob\u00f3 en 1924 la Declaraci\u00f3n de Ginebra sobre los Derechos del Ni\u00f1o y posteriormente la Declaraci\u00f3n de los Derechos del Ni\u00f1o en 1959. Convenci\u00f3n sobre los Derechos del Ni\u00f1o El 20 de noviembre de 1989, [&hellip;]<\/p>\n","protected":false},"author":1,"featured_media":0,"parent":0,"menu_order":0,"comment_status":"closed","ping_status":"closed","template":"","meta":{"footnotes":""},"class_list":["post-869","page","type-page","status-publish","hentry"],"yoast_head":"<!-- This site is optimized with the Yoast SEO plugin v26.5 - https:\/\/yoast.com\/wordpress\/plugins\/seo\/ -->\n<title>Derechos del ni\u00f1o - Humanium<\/title>\n<meta name=\"robots\" content=\"index, follow, max-snippet:-1, max-image-preview:large, max-video-preview:-1\" \/>\n<link rel=\"canonical\" href=\"https:\/\/www.humanium.org\/es\/derechos-ninos\/\" \/>\n<meta property=\"og:locale\" content=\"es_ES\" \/>\n<meta property=\"og:type\" content=\"article\" \/>\n<meta property=\"og:title\" content=\"Derechos del ni\u00f1o - Humanium\" \/>\n<meta property=\"og:description\" content=\"Historia de los Derechos del Ni\u00f1o \u00abLa humanidad debe al ni\u00f1o lo mejor que puede darle\u00bb Con estas palabras, se aprob\u00f3 en 1924 la Declaraci\u00f3n de Ginebra sobre los Derechos del Ni\u00f1o y posteriormente la Declaraci\u00f3n de los Derechos del Ni\u00f1o en 1959. Convenci\u00f3n sobre los Derechos del Ni\u00f1o El 20 de noviembre de 1989, [&hellip;]\" \/>\n<meta property=\"og:url\" content=\"https:\/\/www.humanium.org\/es\/derechos-ninos\/\" \/>\n<meta property=\"og:site_name\" content=\"Humanium\" \/>\n<meta property=\"article:modified_time\" content=\"2020-02-01T07:50:41+00:00\" \/>\n<meta property=\"og:image\" content=\"https:\/\/www.humanium.org\/fr\/wp-content\/uploads\/2011\/11\/cambodgien-un-kibae-park.jpg\" \/>\n<meta name=\"twitter:card\" content=\"summary_large_image\" \/>\n<meta name=\"twitter:label1\" content=\"Tiempo de lectura\" \/>\n\t<meta name=\"twitter:data1\" content=\"1 minuto\" \/>\n<script type=\"application\/ld+json\" class=\"yoast-schema-graph\">{\"@context\":\"https:\/\/schema.org\",\"@graph\":[{\"@type\":\"WebPage\",\"@id\":\"https:\/\/www.humanium.org\/es\/derechos-ninos\/\",\"url\":\"https:\/\/www.humanium.org\/es\/derechos-ninos\/\",\"name\":\"Derechos del ni\u00f1o - Humanium\",\"isPartOf\":{\"@id\":\"https:\/\/www.humanium.org\/es\/#website\"},\"primaryImageOfPage\":{\"@id\":\"https:\/\/www.humanium.org\/es\/derechos-ninos\/#primaryimage\"},\"image\":{\"@id\":\"https:\/\/www.humanium.org\/es\/derechos-ninos\/#primaryimage\"},\"thumbnailUrl\":\"https:\/\/www.humanium.org\/fr\/wp-content\/uploads\/2011\/11\/cambodgien-un-kibae-park.jpg\",\"datePublished\":\"2012-10-19T14:16:46+00:00\",\"dateModified\":\"2020-02-01T07:50:41+00:00\",\"breadcrumb\":{\"@id\":\"https:\/\/www.humanium.org\/es\/derechos-ninos\/#breadcrumb\"},\"inLanguage\":\"es\",\"potentialAction\":[{\"@type\":\"ReadAction\",\"target\":[\"https:\/\/www.humanium.org\/es\/derechos-ninos\/\"]}]},{\"@type\":\"ImageObject\",\"inLanguage\":\"es\",\"@id\":\"https:\/\/www.humanium.org\/es\/derechos-ninos\/#primaryimage\",\"url\":\"https:\/\/www.humanium.org\/fr\/wp-content\/uploads\/2011\/11\/cambodgien-un-kibae-park.jpg\",\"contentUrl\":\"https:\/\/www.humanium.org\/fr\/wp-content\/uploads\/2011\/11\/cambodgien-un-kibae-park.jpg\"},{\"@type\":\"BreadcrumbList\",\"@id\":\"https:\/\/www.humanium.org\/es\/derechos-ninos\/#breadcrumb\",\"itemListElement\":[{\"@type\":\"ListItem\",\"position\":1,\"name\":\"Home\",\"item\":\"https:\/\/www.humanium.org\/es\/\"},{\"@type\":\"ListItem\",\"position\":2,\"name\":\"Derechos del ni\u00f1o\"}]},{\"@type\":\"WebSite\",\"@id\":\"https:\/\/www.humanium.org\/es\/#website\",\"url\":\"https:\/\/www.humanium.org\/es\/\",\"name\":\"Humanium\",\"description\":\"\u00a1Los ni\u00f1os primero!\",\"potentialAction\":[{\"@type\":\"SearchAction\",\"target\":{\"@type\":\"EntryPoint\",\"urlTemplate\":\"https:\/\/www.humanium.org\/es\/?s={search_term_string}\"},\"query-input\":{\"@type\":\"PropertyValueSpecification\",\"valueRequired\":true,\"valueName\":\"search_term_string\"}}],\"inLanguage\":\"es\"}]}<\/script>\n<!-- \/ Yoast SEO plugin. -->","yoast_head_json":{"title":"Derechos del ni\u00f1o - Humanium","robots":{"index":"index","follow":"follow","max-snippet":"max-snippet:-1","max-image-preview":"max-image-preview:large","max-video-preview":"max-video-preview:-1"},"canonical":"https:\/\/www.humanium.org\/es\/derechos-ninos\/","og_locale":"es_ES","og_type":"article","og_title":"Derechos del ni\u00f1o - Humanium","og_description":"Historia de los Derechos del Ni\u00f1o \u00abLa humanidad debe al ni\u00f1o lo mejor que puede darle\u00bb Con estas palabras, se aprob\u00f3 en 1924 la Declaraci\u00f3n de Ginebra sobre los Derechos del Ni\u00f1o y posteriormente la Declaraci\u00f3n de los Derechos del Ni\u00f1o en 1959. Convenci\u00f3n sobre los Derechos del Ni\u00f1o El 20 de noviembre de 1989, [&hellip;]","og_url":"https:\/\/www.humanium.org\/es\/derechos-ninos\/","og_site_name":"Humanium","article_modified_time":"2020-02-01T07:50:41+00:00","og_image":[{"url":"https:\/\/www.humanium.org\/fr\/wp-content\/uploads\/2011\/11\/cambodgien-un-kibae-park.jpg","type":"","width":"","height":""}],"twitter_card":"summary_large_image","twitter_misc":{"Tiempo de lectura":"1 minuto"},"schema":{"@context":"https:\/\/schema.org","@graph":[{"@type":"WebPage","@id":"https:\/\/www.humanium.org\/es\/derechos-ninos\/","url":"https:\/\/www.humanium.org\/es\/derechos-ninos\/","name":"Derechos del ni\u00f1o - Humanium","isPartOf":{"@id":"https:\/\/www.humanium.org\/es\/#website"},"primaryImageOfPage":{"@id":"https:\/\/www.humanium.org\/es\/derechos-ninos\/#primaryimage"},"image":{"@id":"https:\/\/www.humanium.org\/es\/derechos-ninos\/#primaryimage"},"thumbnailUrl":"https:\/\/www.humanium.org\/fr\/wp-content\/uploads\/2011\/11\/cambodgien-un-kibae-park.jpg","datePublished":"2012-10-19T14:16:46+00:00","dateModified":"2020-02-01T07:50:41+00:00","breadcrumb":{"@id":"https:\/\/www.humanium.org\/es\/derechos-ninos\/#breadcrumb"},"inLanguage":"es","potentialAction":[{"@type":"ReadAction","target":["https:\/\/www.humanium.org\/es\/derechos-ninos\/"]}]},{"@type":"ImageObject","inLanguage":"es","@id":"https:\/\/www.humanium.org\/es\/derechos-ninos\/#primaryimage","url":"https:\/\/www.humanium.org\/fr\/wp-content\/uploads\/2011\/11\/cambodgien-un-kibae-park.jpg","contentUrl":"https:\/\/www.humanium.org\/fr\/wp-content\/uploads\/2011\/11\/cambodgien-un-kibae-park.jpg"},{"@type":"BreadcrumbList","@id":"https:\/\/www.humanium.org\/es\/derechos-ninos\/#breadcrumb","itemListElement":[{"@type":"ListItem","position":1,"name":"Home","item":"https:\/\/www.humanium.org\/es\/"},{"@type":"ListItem","position":2,"name":"Derechos del ni\u00f1o"}]},{"@type":"WebSite","@id":"https:\/\/www.humanium.org\/es\/#website","url":"https:\/\/www.humanium.org\/es\/","name":"Humanium","description":"\u00a1Los ni\u00f1os primero!","potentialAction":[{"@type":"SearchAction","target":{"@type":"EntryPoint","urlTemplate":"https:\/\/www.humanium.org\/es\/?s={search_term_string}"},"query-input":{"@type":"PropertyValueSpecification","valueRequired":true,"valueName":"search_term_string"}}],"inLanguage":"es"}]}},"_links":{"self":[{"href":"https:\/\/www.humanium.org\/es\/wp-json\/wp\/v2\/pages\/869","targetHints":{"allow":["GET"]}}],"collection":[{"href":"https:\/\/www.humanium.org\/es\/wp-json\/wp\/v2\/pages"}],"about":[{"href":"https:\/\/www.humanium.org\/es\/wp-json\/wp\/v2\/types\/page"}],"author":[{"embeddable":true,"href":"https:\/\/www.humanium.org\/es\/wp-json\/wp\/v2\/users\/1"}],"replies":[{"embeddable":true,"href":"https:\/\/www.humanium.org\/es\/wp-json\/wp\/v2\/comments?post=869"}],"version-history":[{"count":6,"href":"https:\/\/www.humanium.org\/es\/wp-json\/wp\/v2\/pages\/869\/revisions"}],"predecessor-version":[{"id":13423,"href":"https:\/\/www.humanium.org\/es\/wp-json\/wp\/v2\/pages\/869\/revisions\/13423"}],"wp:attachment":[{"href":"https:\/\/www.humanium.org\/es\/wp-json\/wp\/v2\/media?parent=869"}],"curies":[{"name":"wp","href":"https:\/\/api.w.org\/{rel}","templated":true}]}}