{"id":9262,"date":"2016-10-10T15:45:28","date_gmt":"2016-10-10T15:45:28","guid":{"rendered":"http:\/\/www.humanium.org\/es\/?page_id=9262"},"modified":"2017-07-06T09:21:14","modified_gmt":"2017-07-06T09:21:14","slug":"escritorescritora","status":"publish","type":"page","link":"https:\/\/www.humanium.org\/es\/escritorescritora\/","title":{"rendered":"Escritor\/Escritora"},"content":{"rendered":"<h1>Oportunidad de voluntariado &#8211; escritor\/escritora<\/h1>\n<ul>\n<li><strong><em>Ubicaci\u00f3n:<\/em><\/strong> voluntariado a distancia, en l\u00ednea<\/li>\n<li><strong><em>Volumen de trabajo:<\/em><\/strong>\u00a0 flexible<\/li>\n<\/ul>\n<h2>\u00bfQuieres participar en la promoci\u00f3n de los derechos de los ni\u00f1os?<\/h2>\n<p><span style=\"font-weight: 400;\">Humanium est\u00e1 a la b\u00fasqueda de escritores por sus art\u00edculos de blog www.humanum.org. El tema debe ser en relaci\u00f3n con los ni\u00f1os y los derechos del ni\u00f1o : \u00a0condiciones de vida, noticias en relaci\u00f3n con los derechos del ni\u00f1o, situaci\u00f3n de los derechos del ni\u00f1o en un pa\u00eds en particular, etc. <\/span><\/p>\n<p><span style=\"font-weight: 400;\">El articulo deber\u00eda ser alrededor de 1 p\u00e1gina y deber\u00eda estar redactado en un estilo simple y claro. Por favor, utilice citaciones y fuentes. <\/span><\/p>\n<ul>\n<li style=\"font-weight: 400;\"><span style=\"font-weight: 400;\">una descripci\u00f3n sucinta de su idea <\/span><\/li>\n<li style=\"font-weight: 400;\"><span style=\"font-weight: 400;\">ejemplos de sus escritos \u00a0(optional)<\/span><\/li>\n<li style=\"font-weight: 400;\"><span style=\"font-weight: 400;\">el plazo necesario a la redacci\u00f3n<\/span><\/li>\n<\/ul>\n<h2>Formaci\u00f3n y experiencia requeridas<\/h2>\n<ul>\n<li>Dominio de la comunicaci\u00f3n escrita en franc\u00e9s, ingl\u00e9s, alem\u00e1n o espa\u00f1ol<\/li>\n<li>Profundo inter\u00e9s por los derechos del ni\u00f1o<\/li>\n<\/ul>\n<p><strong>\u00bfTe interesa?<\/strong> Env\u00edanos un correo electr\u00f3nico especificando en el asunto \u00abOportunidad de voluntariado \u2014\u00a0escritor\/escritora\u00bb y adjuntando tu curr\u00edculum v\u00edtae a la siguiente direcci\u00f3n: <a href=\"mailto:volunteer@humanium.org\">volunteer@humanium.org<\/a><\/p>\n","protected":false},"excerpt":{"rendered":"<p>Oportunidad de voluntariado &#8211; escritor\/escritora Ubicaci\u00f3n: voluntariado a distancia, en l\u00ednea Volumen de trabajo:\u00a0 flexible \u00bfQuieres participar en la promoci\u00f3n de los derechos de los ni\u00f1os? Humanium est\u00e1 a la b\u00fasqueda de escritores por sus art\u00edculos de blog www.humanum.org. El tema debe ser en relaci\u00f3n con los ni\u00f1os y los derechos del ni\u00f1o : \u00a0condiciones [&hellip;]<\/p>\n","protected":false},"author":1,"featured_media":0,"parent":0,"menu_order":0,"comment_status":"closed","ping_status":"closed","template":"","meta":{"footnotes":""},"class_list":["post-9262","page","type-page","status-publish","hentry"],"yoast_head":"<!-- This site is optimized with the Yoast SEO plugin v26.5 - https:\/\/yoast.com\/wordpress\/plugins\/seo\/ -->\n<title>Escritor\/Escritora - Humanium<\/title>\n<meta name=\"robots\" content=\"index, follow, max-snippet:-1, max-image-preview:large, max-video-preview:-1\" \/>\n<link rel=\"canonical\" href=\"https:\/\/www.humanium.org\/es\/escritorescritora\/\" \/>\n<meta property=\"og:locale\" content=\"es_ES\" \/>\n<meta property=\"og:type\" content=\"article\" \/>\n<meta property=\"og:title\" content=\"Escritor\/Escritora - Humanium\" \/>\n<meta property=\"og:description\" content=\"Oportunidad de voluntariado &#8211; escritor\/escritora Ubicaci\u00f3n: voluntariado a distancia, en l\u00ednea Volumen de trabajo:\u00a0 flexible \u00bfQuieres participar en la promoci\u00f3n de los derechos de los ni\u00f1os? Humanium est\u00e1 a la b\u00fasqueda de escritores por sus art\u00edculos de blog www.humanum.org. El tema debe ser en relaci\u00f3n con los ni\u00f1os y los derechos del ni\u00f1o : \u00a0condiciones [&hellip;]\" \/>\n<meta property=\"og:url\" content=\"https:\/\/www.humanium.org\/es\/escritorescritora\/\" \/>\n<meta property=\"og:site_name\" content=\"Humanium\" \/>\n<meta property=\"article:modified_time\" content=\"2017-07-06T09:21:14+00:00\" \/>\n<meta name=\"twitter:card\" content=\"summary_large_image\" \/>\n<meta name=\"twitter:label1\" content=\"Tiempo de lectura\" \/>\n\t<meta name=\"twitter:data1\" content=\"1 minuto\" \/>\n<script type=\"application\/ld+json\" class=\"yoast-schema-graph\">{\"@context\":\"https:\/\/schema.org\",\"@graph\":[{\"@type\":\"WebPage\",\"@id\":\"https:\/\/www.humanium.org\/es\/escritorescritora\/\",\"url\":\"https:\/\/www.humanium.org\/es\/escritorescritora\/\",\"name\":\"Escritor\/Escritora - Humanium\",\"isPartOf\":{\"@id\":\"https:\/\/www.humanium.org\/es\/#website\"},\"datePublished\":\"2016-10-10T15:45:28+00:00\",\"dateModified\":\"2017-07-06T09:21:14+00:00\",\"breadcrumb\":{\"@id\":\"https:\/\/www.humanium.org\/es\/escritorescritora\/#breadcrumb\"},\"inLanguage\":\"es\",\"potentialAction\":[{\"@type\":\"ReadAction\",\"target\":[\"https:\/\/www.humanium.org\/es\/escritorescritora\/\"]}]},{\"@type\":\"BreadcrumbList\",\"@id\":\"https:\/\/www.humanium.org\/es\/escritorescritora\/#breadcrumb\",\"itemListElement\":[{\"@type\":\"ListItem\",\"position\":1,\"name\":\"Home\",\"item\":\"https:\/\/www.humanium.org\/es\/\"},{\"@type\":\"ListItem\",\"position\":2,\"name\":\"Escritor\/Escritora\"}]},{\"@type\":\"WebSite\",\"@id\":\"https:\/\/www.humanium.org\/es\/#website\",\"url\":\"https:\/\/www.humanium.org\/es\/\",\"name\":\"Humanium\",\"description\":\"\u00a1Los ni\u00f1os primero!\",\"potentialAction\":[{\"@type\":\"SearchAction\",\"target\":{\"@type\":\"EntryPoint\",\"urlTemplate\":\"https:\/\/www.humanium.org\/es\/?s={search_term_string}\"},\"query-input\":{\"@type\":\"PropertyValueSpecification\",\"valueRequired\":true,\"valueName\":\"search_term_string\"}}],\"inLanguage\":\"es\"}]}<\/script>\n<!-- \/ Yoast SEO plugin. -->","yoast_head_json":{"title":"Escritor\/Escritora - Humanium","robots":{"index":"index","follow":"follow","max-snippet":"max-snippet:-1","max-image-preview":"max-image-preview:large","max-video-preview":"max-video-preview:-1"},"canonical":"https:\/\/www.humanium.org\/es\/escritorescritora\/","og_locale":"es_ES","og_type":"article","og_title":"Escritor\/Escritora - Humanium","og_description":"Oportunidad de voluntariado &#8211; escritor\/escritora Ubicaci\u00f3n: voluntariado a distancia, en l\u00ednea Volumen de trabajo:\u00a0 flexible \u00bfQuieres participar en la promoci\u00f3n de los derechos de los ni\u00f1os? Humanium est\u00e1 a la b\u00fasqueda de escritores por sus art\u00edculos de blog www.humanum.org. El tema debe ser en relaci\u00f3n con los ni\u00f1os y los derechos del ni\u00f1o : \u00a0condiciones [&hellip;]","og_url":"https:\/\/www.humanium.org\/es\/escritorescritora\/","og_site_name":"Humanium","article_modified_time":"2017-07-06T09:21:14+00:00","twitter_card":"summary_large_image","twitter_misc":{"Tiempo de lectura":"1 minuto"},"schema":{"@context":"https:\/\/schema.org","@graph":[{"@type":"WebPage","@id":"https:\/\/www.humanium.org\/es\/escritorescritora\/","url":"https:\/\/www.humanium.org\/es\/escritorescritora\/","name":"Escritor\/Escritora - Humanium","isPartOf":{"@id":"https:\/\/www.humanium.org\/es\/#website"},"datePublished":"2016-10-10T15:45:28+00:00","dateModified":"2017-07-06T09:21:14+00:00","breadcrumb":{"@id":"https:\/\/www.humanium.org\/es\/escritorescritora\/#breadcrumb"},"inLanguage":"es","potentialAction":[{"@type":"ReadAction","target":["https:\/\/www.humanium.org\/es\/escritorescritora\/"]}]},{"@type":"BreadcrumbList","@id":"https:\/\/www.humanium.org\/es\/escritorescritora\/#breadcrumb","itemListElement":[{"@type":"ListItem","position":1,"name":"Home","item":"https:\/\/www.humanium.org\/es\/"},{"@type":"ListItem","position":2,"name":"Escritor\/Escritora"}]},{"@type":"WebSite","@id":"https:\/\/www.humanium.org\/es\/#website","url":"https:\/\/www.humanium.org\/es\/","name":"Humanium","description":"\u00a1Los ni\u00f1os primero!","potentialAction":[{"@type":"SearchAction","target":{"@type":"EntryPoint","urlTemplate":"https:\/\/www.humanium.org\/es\/?s={search_term_string}"},"query-input":{"@type":"PropertyValueSpecification","valueRequired":true,"valueName":"search_term_string"}}],"inLanguage":"es"}]}},"_links":{"self":[{"href":"https:\/\/www.humanium.org\/es\/wp-json\/wp\/v2\/pages\/9262","targetHints":{"allow":["GET"]}}],"collection":[{"href":"https:\/\/www.humanium.org\/es\/wp-json\/wp\/v2\/pages"}],"about":[{"href":"https:\/\/www.humanium.org\/es\/wp-json\/wp\/v2\/types\/page"}],"author":[{"embeddable":true,"href":"https:\/\/www.humanium.org\/es\/wp-json\/wp\/v2\/users\/1"}],"replies":[{"embeddable":true,"href":"https:\/\/www.humanium.org\/es\/wp-json\/wp\/v2\/comments?post=9262"}],"version-history":[{"count":1,"href":"https:\/\/www.humanium.org\/es\/wp-json\/wp\/v2\/pages\/9262\/revisions"}],"predecessor-version":[{"id":9991,"href":"https:\/\/www.humanium.org\/es\/wp-json\/wp\/v2\/pages\/9262\/revisions\/9991"}],"wp:attachment":[{"href":"https:\/\/www.humanium.org\/es\/wp-json\/wp\/v2\/media?parent=9262"}],"curies":[{"name":"wp","href":"https:\/\/api.w.org\/{rel}","templated":true}]}}