{"id":9495,"date":"2016-12-22T22:10:06","date_gmt":"2016-12-22T22:10:06","guid":{"rendered":"http:\/\/www.humanium.org\/es\/?page_id=9495"},"modified":"2017-07-06T09:21:15","modified_gmt":"2017-07-06T09:21:15","slug":"terminos-y-condiciones","status":"publish","type":"page","link":"https:\/\/www.humanium.org\/es\/terminos-y-condiciones\/","title":{"rendered":"T\u00e9rminos y condiciones"},"content":{"rendered":"<h1><span style=\"font-weight: 400;\">T\u00e9rminos y condiciones<\/span><\/h1>\n<p><b>Articulo 1: Objeto<\/b><\/p>\n<p><span style=\"font-weight: 400;\">Humanium, organizaci\u00f3n humanitaria cuya sede se encuentra en Chemin du Vieux Oficina 64 &#8211; CH-1217 Meyrin (Ginebra) \u2013 Suiza, organiza concurso un fotogr\u00e1fico en l\u00ednea gratis sin obligaci\u00f3n de compra desde el 24 de diciembre del 2016 al 14 de enero de 2017. Este se titula \u201c<\/span><i><span style=\"font-weight: 400;\">Implementando los derechos de los ni\u00f1os\u201d, <\/span><\/i><span style=\"font-weight: 400;\">y tiene como principal tema los derechos fundamentales de la ni\u00f1ez.<\/span><\/p>\n<p>El concurso est\u00e1 disponible en Internet en el siguiente enlace:<a href=\"https:\/\/www.humanium.org\/es\/humanium-lanza-un-concurso-fotografico-implementando-los-derechos-de-los-ninos\/\">\u00a0https:\/\/www.humanium.org\/es\/humanium-lanza-un-concurso-fotografico-implementando-los-derechos-de-los-ninos\/<\/a><\/p>\n<p>El concurso consiste en la creaci\u00f3n de im\u00e1genes, fotos o visuales relacionados con los derechos de los ni\u00f1os en un pa\u00eds espec\u00edfico o sobre un tema espec\u00edfico. Los ganadores ser\u00e1n publicados en nuestras redes sociales y ganar\u00e1n un premio.<br \/>\n<b>Art\u00edculo 2: Condiciones de participaci\u00f3n<\/b><\/p>\n<p>2.1 La participaci\u00f3n en el concurso en l\u00ednea es gratuita y abierta a cualquier persona mayor de 18 a\u00f1os.<\/p>\n<p>2.2 Humanium se reserva el derecho a realizar todas las investigaciones necesarias sobre la identidad, direcci\u00f3n y\/o correo electr\u00f3nico de los participantes.<\/p>\n<p>2.3 Las personas que no hayan dado sus datos e identidades completas, o que los hayan presentado de forma inexacta o enga\u00f1osa ser\u00e1n descalificados para el sorteo. As\u00ed como, las personas que no acepten la recolecta, registro y utilizaci\u00f3n de su informaci\u00f3n, la cual es necesaria para la realizaci\u00f3n del sorteo.<\/p>\n<p>2.4 La participaci\u00f3n en el concurso en l\u00ednea implica para cualquier participante la aceptaci\u00f3n plena e incondicional de este Reglamento. El no cumplimiento de estas reglas implica la cancelaci\u00f3n autom\u00e1tica de la participaci\u00f3n en el juego y de la asignaci\u00f3n del premio final.<\/p>\n<p><b>Art\u00edculo 3: Modalidades de participaci\u00f3n<\/b><\/p>\n<p><span style=\"font-weight: 400;\">3.1 El concurso en l\u00ednea se llevar\u00e1 a cabo del 24 de diciembre de 2016 al 14 de enero de 2017. El participante debe mandar sus fotos, im\u00e1genes y visuales a nuestro correo electr\u00f3nico (<\/span><a href=\"mailto:info@humanium.org\"><span style=\"font-weight: 400;\">info@humanium.org<\/span><\/a><span style=\"font-weight: 400;\">) con una breve explicaci\u00f3n sobre tu trabajo.<\/span><\/p>\n<p><b>Art\u00edculo 4: Atribuci\u00f3n del premio \u00a0<\/b><\/p>\n<p>4.1 Al final del concurso en l\u00ednea,el equipo de Humanium escoger\u00e1 a los ganadores por medio de votaci\u00f3n.<\/p>\n<p>4.2 Los ganadores ser\u00e1n contactados por correo electr\u00f3nico, para pedirles la direcci\u00f3n donde se entregar\u00e1 el premio. Los ganadores del concurso en l\u00ednea tienen un per\u00edodo de un mes para aceptarlo.<\/p>\n<p><b>Art\u00edculo 5: Descripci\u00f3n del premio<\/b><\/p>\n<p>El concurso en l\u00ednea tiene 1 premio:<\/p>\n<ul>\n<li style=\"font-weight: 400;\"><span style=\"font-weight: 400;\">Un \u00abMapa de los Derechos de los Ni\u00f1os en el Mundo\u00bb, que muestra la situaci\u00f3n de los ni\u00f1os y sus derechos b\u00e1sicos globalmente. El mapa fue creado a partir del \u00cdndice de los Derechos del Ni\u00f1o (CESI), en el que una puntuaci\u00f3n entre 0 y 10 indica el grado de respeto y cumplimiento de los derechos del ni\u00f1o en un pa\u00eds.<\/span><\/li>\n<\/ul>\n<p>El premio no es canjeable por otro premio o por su valor en efectivo bajo ninguna circunstancia. El premio es estrictamente personal e intransferible. Humanium se reserva el derecho a modificar la asignaci\u00f3n de un nuevo premio sin previo aviso. Si este fuera el caso, el valor del premio ser\u00e1 igual o superior al producto por el que est\u00e1 siendo reemplazado.<\/p>\n<p><b>Art\u00edculo 6: Publicaci\u00f3n de los resultados<\/b><\/p>\n<p>El ganador podr\u00e1 ver los resultados el 19 de enero de 2017, \u00a05 d\u00edas despu\u00e9s de la finalizaci\u00f3n del concurso a trav\u00e9s de las siguientes p\u00e1ginas:<\/p>\n<ul>\n<li style=\"font-weight: 400;\"><span style=\"font-weight: 400;\">La p\u00e1gina web de Humanium<\/span><\/li>\n<li style=\"font-weight: 400;\"><span style=\"font-weight: 400;\">La p\u00e1gina de Facebook Humanium<\/span><\/li>\n<li style=\"font-weight: 400;\"><span style=\"font-weight: 400;\">La p\u00e1gina de Twitter de Humanium<\/span><\/li>\n<\/ul>\n<p><b>Articulo 7: Litigios y responsabilidades<\/b><\/p>\n<p>7.1 La participaci\u00f3n en el concurso en l\u00ednea implica la aceptaci\u00f3n incondicional de la totalidad de estas reglas, incluyendo la forma progresiva de su intervenci\u00f3n, sus modificaciones y cualquier ajuste adicional.<\/p>\n<p>7.2 Cualquier declaraci\u00f3n falsa o enga\u00f1osa, o fraude por parte del participante resultar\u00e1 en descalificaci\u00f3n.<\/p>\n<p>7.3 Para que una reclamaci\u00f3n sea v\u00e1lida, debe hacerse por escrito con acuse de recepci\u00f3n a la siguiente direcci\u00f3n:<\/p>\n<p><span style=\"font-weight: 400;\">Humanium<\/span><\/p>\n<p><span style=\"font-weight: 400;\">Chemin du Vieux Bureau 64<\/span><\/p>\n<p><span style=\"font-weight: 400;\">CH-1217 Meyrin (Ginebra) \u2013 Suiza<\/span><\/p>\n<p><span style=\"font-weight: 400;\">7.4 La responsabilidad de Humanium no se ver\u00e1 comprometida en caso de que por fuerza mayor, como se reconoce en la jurisprudencia, el concurso en l\u00ednea deba ser cancelado. <\/span><\/p>\n<p><span style=\"font-weight: 400;\">7.5 Humanium puede cancelar o suspender la totalidad o parte de la competencia si se considera que se ha producido cualquier tipo de fraude.<\/span><\/p>\n<p><span style=\"font-weight: 400;\">7.5 Humanium, puede cancelar o suspender la totalidad o parte de la competencia si se considera que se ha producido fraude en cualquiera de sus formas, durante la participaci\u00f3n en este concurso en l\u00ednea. En este caso la asociaci\u00f3n se reserva el derecho de no otorgar el premio y\/o llevar ante los tribunales competentes a los autores de estos fraudes.<\/span><\/p>\n<p><b>Humanium :<\/b><\/p>\n<ul>\n<li style=\"font-weight: 400;\"><span style=\"font-weight: 400;\">Se exime de cualquier responsabilidad en caso de mal funcionamiento de Internet, l\u00edneas telef\u00f3nicas, o equipos receptores que impidan el buen funcionamiento del juego. Tampoco ser\u00e1 responsable en ning\u00fan caso, de problemas de enrutamiento o p\u00e9rdida de correo electr\u00f3nico o ZIP.<\/span><\/li>\n<\/ul>\n<ul>\n<li style=\"font-weight: 400;\"><span style=\"font-weight: 400;\">Se exime de cualquier responsabilidad en caso de fallo t\u00e9cnico, mal funcionamiento del hardware y software de cualquier tipo (virus, errores &#8230;) en el sistema del participante, su equipo inform\u00e1tico y los datos almacenados en el mismo, as\u00ed como las posibles repercusiones en sus negocios personal, profesional o comercial.<\/span><\/li>\n<\/ul>\n<ul>\n<li style=\"font-weight: 400;\"><span style=\"font-weight: 400;\">Puede, en cualquier momento por razones t\u00e9cnicas, interrumpir el acceso al concurso en l\u00ednea para actualizar y\/o hacer mantenimiento a la p\u00e1gina web. Humanium no ser\u00e1 en ning\u00fan caso responsable de estas interrupciones y sus consecuencias. No se puede reclamar indemnizaci\u00f3n por estos hechos.<\/span><\/li>\n<\/ul>\n<p><b>Art\u00edculo 8: Confidencialidad<\/b><\/p>\n<p>Los datos de este cuestionario son estrictamente cubiertos por el secreto profesional, as\u00ed como todos los datos de los que tiene conocimiento Humanium con respecto a esta actividad.<\/p>\n<p>Humanium se compromete a tomar las precauciones convenientes para preservar la seguridad de la informaci\u00f3n y, en particular, para evitar que se tergiverse, da\u00f1e o se comunique a personas no autorizadas.<\/p>\n<p><b>Art\u00edculo 9: Competencia<\/b><\/p>\n<p>El presente Reglamento est\u00e1 sujeto a la legislaci\u00f3n suiza. Cualquier conflicto que no pueda resolverse de forma amistosa se presentar\u00e1 a los tribunales competentes. El participante reconoce el presente Reglamento, lo acepta sin reservas y da pleno cumplimiento al mismo.<\/p>\n","protected":false},"excerpt":{"rendered":"<p>T\u00e9rminos y condiciones Articulo 1: Objeto Humanium, organizaci\u00f3n humanitaria cuya sede se encuentra en Chemin du Vieux Oficina 64 &#8211; CH-1217 Meyrin (Ginebra) \u2013 Suiza, organiza concurso un fotogr\u00e1fico en l\u00ednea gratis sin obligaci\u00f3n de compra desde el 24 de diciembre del 2016 al 14 de enero de 2017. Este se titula \u201cImplementando los derechos [&hellip;]<\/p>\n","protected":false},"author":1,"featured_media":0,"parent":0,"menu_order":0,"comment_status":"closed","ping_status":"closed","template":"","meta":{"footnotes":""},"class_list":["post-9495","page","type-page","status-publish","hentry"],"yoast_head":"<!-- This site is optimized with the Yoast SEO plugin v26.5 - https:\/\/yoast.com\/wordpress\/plugins\/seo\/ -->\n<title>T\u00e9rminos y condiciones - Humanium<\/title>\n<meta name=\"robots\" content=\"index, follow, max-snippet:-1, max-image-preview:large, max-video-preview:-1\" \/>\n<link rel=\"canonical\" href=\"https:\/\/www.humanium.org\/es\/terminos-y-condiciones\/\" \/>\n<meta property=\"og:locale\" content=\"es_ES\" \/>\n<meta property=\"og:type\" content=\"article\" \/>\n<meta property=\"og:title\" content=\"T\u00e9rminos y condiciones - Humanium\" \/>\n<meta property=\"og:description\" content=\"T\u00e9rminos y condiciones Articulo 1: Objeto Humanium, organizaci\u00f3n humanitaria cuya sede se encuentra en Chemin du Vieux Oficina 64 &#8211; CH-1217 Meyrin (Ginebra) \u2013 Suiza, organiza concurso un fotogr\u00e1fico en l\u00ednea gratis sin obligaci\u00f3n de compra desde el 24 de diciembre del 2016 al 14 de enero de 2017. Este se titula \u201cImplementando los derechos [&hellip;]\" \/>\n<meta property=\"og:url\" content=\"https:\/\/www.humanium.org\/es\/terminos-y-condiciones\/\" \/>\n<meta property=\"og:site_name\" content=\"Humanium\" \/>\n<meta property=\"article:modified_time\" content=\"2017-07-06T09:21:15+00:00\" \/>\n<meta name=\"twitter:card\" content=\"summary_large_image\" \/>\n<meta name=\"twitter:label1\" content=\"Tiempo de lectura\" \/>\n\t<meta name=\"twitter:data1\" content=\"5 minutos\" \/>\n<script type=\"application\/ld+json\" class=\"yoast-schema-graph\">{\"@context\":\"https:\/\/schema.org\",\"@graph\":[{\"@type\":\"WebPage\",\"@id\":\"https:\/\/www.humanium.org\/es\/terminos-y-condiciones\/\",\"url\":\"https:\/\/www.humanium.org\/es\/terminos-y-condiciones\/\",\"name\":\"T\u00e9rminos y condiciones - Humanium\",\"isPartOf\":{\"@id\":\"https:\/\/www.humanium.org\/es\/#website\"},\"datePublished\":\"2016-12-22T22:10:06+00:00\",\"dateModified\":\"2017-07-06T09:21:15+00:00\",\"breadcrumb\":{\"@id\":\"https:\/\/www.humanium.org\/es\/terminos-y-condiciones\/#breadcrumb\"},\"inLanguage\":\"es\",\"potentialAction\":[{\"@type\":\"ReadAction\",\"target\":[\"https:\/\/www.humanium.org\/es\/terminos-y-condiciones\/\"]}]},{\"@type\":\"BreadcrumbList\",\"@id\":\"https:\/\/www.humanium.org\/es\/terminos-y-condiciones\/#breadcrumb\",\"itemListElement\":[{\"@type\":\"ListItem\",\"position\":1,\"name\":\"Home\",\"item\":\"https:\/\/www.humanium.org\/es\/\"},{\"@type\":\"ListItem\",\"position\":2,\"name\":\"T\u00e9rminos y condiciones\"}]},{\"@type\":\"WebSite\",\"@id\":\"https:\/\/www.humanium.org\/es\/#website\",\"url\":\"https:\/\/www.humanium.org\/es\/\",\"name\":\"Humanium\",\"description\":\"\u00a1Los ni\u00f1os primero!\",\"potentialAction\":[{\"@type\":\"SearchAction\",\"target\":{\"@type\":\"EntryPoint\",\"urlTemplate\":\"https:\/\/www.humanium.org\/es\/?s={search_term_string}\"},\"query-input\":{\"@type\":\"PropertyValueSpecification\",\"valueRequired\":true,\"valueName\":\"search_term_string\"}}],\"inLanguage\":\"es\"}]}<\/script>\n<!-- \/ Yoast SEO plugin. -->","yoast_head_json":{"title":"T\u00e9rminos y condiciones - Humanium","robots":{"index":"index","follow":"follow","max-snippet":"max-snippet:-1","max-image-preview":"max-image-preview:large","max-video-preview":"max-video-preview:-1"},"canonical":"https:\/\/www.humanium.org\/es\/terminos-y-condiciones\/","og_locale":"es_ES","og_type":"article","og_title":"T\u00e9rminos y condiciones - Humanium","og_description":"T\u00e9rminos y condiciones Articulo 1: Objeto Humanium, organizaci\u00f3n humanitaria cuya sede se encuentra en Chemin du Vieux Oficina 64 &#8211; CH-1217 Meyrin (Ginebra) \u2013 Suiza, organiza concurso un fotogr\u00e1fico en l\u00ednea gratis sin obligaci\u00f3n de compra desde el 24 de diciembre del 2016 al 14 de enero de 2017. Este se titula \u201cImplementando los derechos [&hellip;]","og_url":"https:\/\/www.humanium.org\/es\/terminos-y-condiciones\/","og_site_name":"Humanium","article_modified_time":"2017-07-06T09:21:15+00:00","twitter_card":"summary_large_image","twitter_misc":{"Tiempo de lectura":"5 minutos"},"schema":{"@context":"https:\/\/schema.org","@graph":[{"@type":"WebPage","@id":"https:\/\/www.humanium.org\/es\/terminos-y-condiciones\/","url":"https:\/\/www.humanium.org\/es\/terminos-y-condiciones\/","name":"T\u00e9rminos y condiciones - Humanium","isPartOf":{"@id":"https:\/\/www.humanium.org\/es\/#website"},"datePublished":"2016-12-22T22:10:06+00:00","dateModified":"2017-07-06T09:21:15+00:00","breadcrumb":{"@id":"https:\/\/www.humanium.org\/es\/terminos-y-condiciones\/#breadcrumb"},"inLanguage":"es","potentialAction":[{"@type":"ReadAction","target":["https:\/\/www.humanium.org\/es\/terminos-y-condiciones\/"]}]},{"@type":"BreadcrumbList","@id":"https:\/\/www.humanium.org\/es\/terminos-y-condiciones\/#breadcrumb","itemListElement":[{"@type":"ListItem","position":1,"name":"Home","item":"https:\/\/www.humanium.org\/es\/"},{"@type":"ListItem","position":2,"name":"T\u00e9rminos y condiciones"}]},{"@type":"WebSite","@id":"https:\/\/www.humanium.org\/es\/#website","url":"https:\/\/www.humanium.org\/es\/","name":"Humanium","description":"\u00a1Los ni\u00f1os primero!","potentialAction":[{"@type":"SearchAction","target":{"@type":"EntryPoint","urlTemplate":"https:\/\/www.humanium.org\/es\/?s={search_term_string}"},"query-input":{"@type":"PropertyValueSpecification","valueRequired":true,"valueName":"search_term_string"}}],"inLanguage":"es"}]}},"_links":{"self":[{"href":"https:\/\/www.humanium.org\/es\/wp-json\/wp\/v2\/pages\/9495","targetHints":{"allow":["GET"]}}],"collection":[{"href":"https:\/\/www.humanium.org\/es\/wp-json\/wp\/v2\/pages"}],"about":[{"href":"https:\/\/www.humanium.org\/es\/wp-json\/wp\/v2\/types\/page"}],"author":[{"embeddable":true,"href":"https:\/\/www.humanium.org\/es\/wp-json\/wp\/v2\/users\/1"}],"replies":[{"embeddable":true,"href":"https:\/\/www.humanium.org\/es\/wp-json\/wp\/v2\/comments?post=9495"}],"version-history":[{"count":1,"href":"https:\/\/www.humanium.org\/es\/wp-json\/wp\/v2\/pages\/9495\/revisions"}],"predecessor-version":[{"id":10222,"href":"https:\/\/www.humanium.org\/es\/wp-json\/wp\/v2\/pages\/9495\/revisions\/10222"}],"wp:attachment":[{"href":"https:\/\/www.humanium.org\/es\/wp-json\/wp\/v2\/media?parent=9495"}],"curies":[{"name":"wp","href":"https:\/\/api.w.org\/{rel}","templated":true}]}}