{"id":9595,"date":"2013-05-27T10:54:16","date_gmt":"2013-05-27T10:54:16","guid":{"rendered":"http:\/\/www.humanium.org\/es\/?page_id=1655"},"modified":"2025-12-05T18:05:07","modified_gmt":"2025-12-05T18:05:07","slug":"tunez","status":"publish","type":"page","link":"https:\/\/www.humanium.org\/es\/tunez\/","title":{"rendered":"Ni\u00f1os de T\u00fanez"},"content":{"rendered":"<h1>Ni\u00f1os de T\u00fanez<\/h1>\n<h2>Descubriendo los Derechos del Ni\u00f1o en T\u00fanez<\/h2>\n<p style=\"text-align: center;\"><img loading=\"lazy\" decoding=\"async\" class=\" wp-image-27256 alignnone\" title=\"Ni\u00f1a de T\u00fanez \u00a9 I.Julian (Flickr)\" src=\"https:\/\/www.humanium.org\/fr\/wp-content\/uploads\/2011\/06\/ijulian-flickr-filette-tunisienne2.jpg\" alt=\"\" width=\"136\" height=\"200\" \/> <img loading=\"lazy\" decoding=\"async\" class=\"alignnone wp-image-27262\" title=\"Ni\u00f1o de T\u00fanez \u00a9 Sycomore (Flickr)\" src=\"https:\/\/www.humanium.org\/fr\/wp-content\/uploads\/2011\/08\/sycomore-flickr-petit-garcon-tunisien.jpg\" alt=\"\" width=\"193\" height=\"200\" \/><\/p>\n<p>Las organizaciones internacionales que trabajan protegiendo a los ni\u00f1os est\u00e1n bastante satisfechas con la infraestructura judicial e institucional de T\u00fanez. Sin embargo, este progreso debe mantenerse y reforzarse.<\/p>\n<h3>Principales problemas que afectan a los ni\u00f1os en T\u00fanez:<\/h3>\n<p><strong><a href=\"https:\/\/www.humanium.org\/es\/pobreza-infantil\/\">Pobreza<\/a><br \/>\n<\/strong><br \/>\nEl nivel de pobreza en T\u00fanez se eleva a m\u00e1s del 24%. El ingreso nacional bruto por persona es s\u00f3lo de 3720 d\u00f3lares, sin embargo, en pa\u00edses como Francia este ingreso es de 43 990 d\u00f3lares. La pobreza afecta principalmente a las regiones del oeste del pa\u00eds. Desafortunadamente, la situaci\u00f3n de los ni\u00f1os est\u00e1 muy influenciada por la situaci\u00f3n econ\u00f3mica del pa\u00eds.<\/p>\n<p><strong>Derecho a la salud<br \/>\n<\/strong><br \/>\nAunque T\u00fanez ha progresado significativamente en relaci\u00f3n con la salud infantil, \u00e9sta sigue siendo un problema. Es necesario mejorar la tasa de mortalidad infantil en ni\u00f1os menores de 5 a\u00f1os, ya que, \u00e9sta es del 12 \u2030.<\/p>\n<p><strong>Ni\u00f1os emigrantes<br \/>\n<\/strong><br \/>\n<img loading=\"lazy\" decoding=\"async\" class=\"size-full wp-image-13826 alignright\" title=\"Muchos ni\u00f1os huyeron de su pa\u00eds durante la crisis y vivieron situaciones dif\u00edciles \u00a9 lluviavigo (Flickr)\" src=\"https:\/\/www.humanium.org\/fr\/wp-content\/uploads\/2011\/08\/trois-garcons-tunisiens.jpg\" alt=\"\" width=\"241\" height=\"200\" \/>Muchos huyeron, principalmente a Italia y Francia en busca del Ideal Europeo\u201d, cuando tuvieron que hacer frente a la crisis institucional y revolucionaria que afect\u00f3 a T\u00fanez en 2011. Sin embargo, no siempre recibieron una c\u00e1lida bienvenida; en ocasiones ten\u00edan que sufrir lamentables condiciones de vida. En la mayor\u00eda de los casos, se les enviaba de vuelta a su pa\u00eds de origen. Muchos ni\u00f1os tuvieron que vivir esta emigraci\u00f3n y experimentaron terribles condiciones de vida que eran inadecuadas e inadaptadas a sus necesidades.<\/p>\n<p>Muchos tambi\u00e9n se encontraron con la hostilidad, o incluso la violencia, del pa\u00eds de acogida; viv\u00edan en las calles sin las instalaciones b\u00e1sicas y esperando una decisi\u00f3n del pa\u00eds de acogida sobre su futuro. En general, los ni\u00f1os emigrantes no se salvaban de este maltrato. No hay duda de que estas condiciones violaban los derechos de los ni\u00f1os, el derecho a un entorno estable, el derecho a la educaci\u00f3n, el derecho a la salud\u2026<\/p>\n<p><strong>Ni\u00f1os refugiados<br \/>\n<\/strong><br \/>\nT\u00fanez recibe un gran n\u00famero de refugiados del este del pa\u00eds. Estos refugiados dependen en gran medida de la ayuda humanitaria. Unicef ha construido campamentos de tr\u00e1nsito como el de Ras Jdir para acoger a las victimas del conflicto en Libia. Sin embargo, a pesar de estar en el campamento, las familias, y principalmente los ni\u00f1os, a\u00fan hacen frente a la violencia.<\/p>\n<p>Los colegios y otras \u00e1reas dedicadas a los ni\u00f1os han sido destruidas y saqueadas exponiendo a los residentes locales a m\u00e1s violencia. Muchos ni\u00f1os se encuentran solos, separados de su familia tras huir de Libia. Los campamentos de tr\u00e1nsito se ven afectados por serios problemas de seguridad donde desafortunadamente la guarda y protecci\u00f3n a los ni\u00f1os no est\u00e1 lo suficientemente asegurada.<\/p>\n<p><strong>Violencia<br \/>\n<\/strong><br \/>\n<img loading=\"lazy\" decoding=\"async\" class=\"alignright size-full wp-image-13828\" title=\"El castigo f\u00edsico ha sido prohibido recientemente por la ley tunecina pero en realidad sigue siendo un problema. \u00a9 Roger Dominique (Unesco)\" src=\"https:\/\/www.humanium.org\/fr\/wp-content\/uploads\/2011\/08\/roger-dominique-unesco-ecole.jpg\" alt=\"\" width=\"129\" height=\"200\" \/>La violencia f\u00edsica est\u00e1 profundamente arraigada como forma de castigo en la sociedad tunecina y \u00e9sta es a\u00fan muy com\u00fan a pesar de la reciente prohibici\u00f3n en la legislaci\u00f3n. Las mentalidades profundamente arraigadas prueban lo dif\u00edcil que es el cambio. La violencia f\u00edsica, aunque ahora es una contravenci\u00f3n, est\u00e1 presente en el ambiente del hogar y la escuela y contin\u00faa siendo un problema en T\u00fanez.<\/p>\n<p><strong>Libertad de expresi\u00f3n<br \/>\n<\/strong><br \/>\nAunque la legislaci\u00f3n tunecina garantiza la libertad de expresi\u00f3n para todos, en la pr\u00e1ctica est\u00e1 muy restringida: los medios de comunicaci\u00f3n est\u00e1n muy controlados y los defensores de los derechos humanos se ven, en ocasiones, encarcelados.<\/p>\n<p>Estas restricciones violan el Art\u00edculo 13 de la Convenci\u00f3n sobre los Derechos del Ni\u00f1o, ya que, evitan que el ni\u00f1o ejerza su derecho a la informaci\u00f3n y a la libre expresi\u00f3n.<\/p>\n<p>Los tunecinos ped\u00edan la libertad de expresi\u00f3n en la reciente revoluci\u00f3n contra su gobierno y se espera que la situaci\u00f3n actual mejore.<\/p>\n","protected":false},"excerpt":{"rendered":"<p>Ni\u00f1os de T\u00fanez Descubriendo los Derechos del Ni\u00f1o en T\u00fanez Las organizaciones internacionales que trabajan protegiendo a los ni\u00f1os est\u00e1n bastante satisfechas con la infraestructura judicial e institucional de T\u00fanez. Sin embargo, este progreso debe mantenerse y reforzarse. Principales problemas que afectan a los ni\u00f1os en T\u00fanez: Pobreza El nivel de pobreza en T\u00fanez se [&hellip;]<\/p>\n","protected":false},"author":1,"featured_media":0,"parent":0,"menu_order":0,"comment_status":"closed","ping_status":"open","template":"","meta":{"footnotes":""},"class_list":["post-9595","page","type-page","status-publish","hentry"],"yoast_head":"<!-- This site is optimized with the Yoast SEO plugin v26.5 - https:\/\/yoast.com\/wordpress\/plugins\/seo\/ -->\n<title>Ni\u00f1os de T\u00fanez - Humanium<\/title>\n<meta name=\"description\" content=\"Las organizaciones internacionales est\u00e1n satisfechas con la infraestructura judicial e institucional de T\u00fanez. Sin embargo, este progreso debe mantenerse\" \/>\n<meta name=\"robots\" content=\"index, follow, max-snippet:-1, max-image-preview:large, max-video-preview:-1\" \/>\n<link rel=\"canonical\" href=\"https:\/\/www.humanium.org\/es\/tunez\/\" \/>\n<meta property=\"og:locale\" content=\"es_ES\" \/>\n<meta property=\"og:type\" content=\"article\" \/>\n<meta property=\"og:title\" content=\"Ni\u00f1os de T\u00fanez - Humanium\" \/>\n<meta property=\"og:description\" content=\"Las organizaciones internacionales est\u00e1n satisfechas con la infraestructura judicial e institucional de T\u00fanez. Sin embargo, este progreso debe mantenerse\" \/>\n<meta property=\"og:url\" content=\"https:\/\/www.humanium.org\/es\/tunez\/\" \/>\n<meta property=\"og:site_name\" content=\"Humanium\" \/>\n<meta property=\"article:modified_time\" content=\"2025-12-05T18:05:07+00:00\" \/>\n<meta name=\"twitter:card\" content=\"summary_large_image\" \/>\n<meta name=\"twitter:label1\" content=\"Tiempo de lectura\" \/>\n\t<meta name=\"twitter:data1\" content=\"4 minutos\" \/>\n<script type=\"application\/ld+json\" class=\"yoast-schema-graph\">{\"@context\":\"https:\/\/schema.org\",\"@graph\":[{\"@type\":\"WebPage\",\"@id\":\"https:\/\/www.humanium.org\/es\/tunez\/\",\"url\":\"https:\/\/www.humanium.org\/es\/tunez\/\",\"name\":\"Ni\u00f1os de T\u00fanez - Humanium\",\"isPartOf\":{\"@id\":\"https:\/\/www.humanium.org\/es\/#website\"},\"primaryImageOfPage\":{\"@id\":\"https:\/\/www.humanium.org\/es\/tunez\/#primaryimage\"},\"image\":{\"@id\":\"https:\/\/www.humanium.org\/es\/tunez\/#primaryimage\"},\"thumbnailUrl\":\"https:\/\/www.humanium.org\/fr\/wp-content\/uploads\/2011\/06\/ijulian-flickr-filette-tunisienne2.jpg\",\"datePublished\":\"2013-05-27T10:54:16+00:00\",\"dateModified\":\"2025-12-05T18:05:07+00:00\",\"description\":\"Las organizaciones internacionales est\u00e1n satisfechas con la infraestructura judicial e institucional de T\u00fanez. Sin embargo, este progreso debe mantenerse\",\"breadcrumb\":{\"@id\":\"https:\/\/www.humanium.org\/es\/tunez\/#breadcrumb\"},\"inLanguage\":\"es\",\"potentialAction\":[{\"@type\":\"ReadAction\",\"target\":[\"https:\/\/www.humanium.org\/es\/tunez\/\"]}]},{\"@type\":\"ImageObject\",\"inLanguage\":\"es\",\"@id\":\"https:\/\/www.humanium.org\/es\/tunez\/#primaryimage\",\"url\":\"https:\/\/www.humanium.org\/fr\/wp-content\/uploads\/2011\/06\/ijulian-flickr-filette-tunisienne2.jpg\",\"contentUrl\":\"https:\/\/www.humanium.org\/fr\/wp-content\/uploads\/2011\/06\/ijulian-flickr-filette-tunisienne2.jpg\"},{\"@type\":\"BreadcrumbList\",\"@id\":\"https:\/\/www.humanium.org\/es\/tunez\/#breadcrumb\",\"itemListElement\":[{\"@type\":\"ListItem\",\"position\":1,\"name\":\"Home\",\"item\":\"https:\/\/www.humanium.org\/es\/\"},{\"@type\":\"ListItem\",\"position\":2,\"name\":\"Ni\u00f1os de T\u00fanez\"}]},{\"@type\":\"WebSite\",\"@id\":\"https:\/\/www.humanium.org\/es\/#website\",\"url\":\"https:\/\/www.humanium.org\/es\/\",\"name\":\"Humanium\",\"description\":\"\u00a1Los ni\u00f1os primero!\",\"potentialAction\":[{\"@type\":\"SearchAction\",\"target\":{\"@type\":\"EntryPoint\",\"urlTemplate\":\"https:\/\/www.humanium.org\/es\/?s={search_term_string}\"},\"query-input\":{\"@type\":\"PropertyValueSpecification\",\"valueRequired\":true,\"valueName\":\"search_term_string\"}}],\"inLanguage\":\"es\"}]}<\/script>\n<!-- \/ Yoast SEO plugin. -->","yoast_head_json":{"title":"Ni\u00f1os de T\u00fanez - Humanium","description":"Las organizaciones internacionales est\u00e1n satisfechas con la infraestructura judicial e institucional de T\u00fanez. Sin embargo, este progreso debe mantenerse","robots":{"index":"index","follow":"follow","max-snippet":"max-snippet:-1","max-image-preview":"max-image-preview:large","max-video-preview":"max-video-preview:-1"},"canonical":"https:\/\/www.humanium.org\/es\/tunez\/","og_locale":"es_ES","og_type":"article","og_title":"Ni\u00f1os de T\u00fanez - Humanium","og_description":"Las organizaciones internacionales est\u00e1n satisfechas con la infraestructura judicial e institucional de T\u00fanez. Sin embargo, este progreso debe mantenerse","og_url":"https:\/\/www.humanium.org\/es\/tunez\/","og_site_name":"Humanium","article_modified_time":"2025-12-05T18:05:07+00:00","twitter_card":"summary_large_image","twitter_misc":{"Tiempo de lectura":"4 minutos"},"schema":{"@context":"https:\/\/schema.org","@graph":[{"@type":"WebPage","@id":"https:\/\/www.humanium.org\/es\/tunez\/","url":"https:\/\/www.humanium.org\/es\/tunez\/","name":"Ni\u00f1os de T\u00fanez - Humanium","isPartOf":{"@id":"https:\/\/www.humanium.org\/es\/#website"},"primaryImageOfPage":{"@id":"https:\/\/www.humanium.org\/es\/tunez\/#primaryimage"},"image":{"@id":"https:\/\/www.humanium.org\/es\/tunez\/#primaryimage"},"thumbnailUrl":"https:\/\/www.humanium.org\/fr\/wp-content\/uploads\/2011\/06\/ijulian-flickr-filette-tunisienne2.jpg","datePublished":"2013-05-27T10:54:16+00:00","dateModified":"2025-12-05T18:05:07+00:00","description":"Las organizaciones internacionales est\u00e1n satisfechas con la infraestructura judicial e institucional de T\u00fanez. Sin embargo, este progreso debe mantenerse","breadcrumb":{"@id":"https:\/\/www.humanium.org\/es\/tunez\/#breadcrumb"},"inLanguage":"es","potentialAction":[{"@type":"ReadAction","target":["https:\/\/www.humanium.org\/es\/tunez\/"]}]},{"@type":"ImageObject","inLanguage":"es","@id":"https:\/\/www.humanium.org\/es\/tunez\/#primaryimage","url":"https:\/\/www.humanium.org\/fr\/wp-content\/uploads\/2011\/06\/ijulian-flickr-filette-tunisienne2.jpg","contentUrl":"https:\/\/www.humanium.org\/fr\/wp-content\/uploads\/2011\/06\/ijulian-flickr-filette-tunisienne2.jpg"},{"@type":"BreadcrumbList","@id":"https:\/\/www.humanium.org\/es\/tunez\/#breadcrumb","itemListElement":[{"@type":"ListItem","position":1,"name":"Home","item":"https:\/\/www.humanium.org\/es\/"},{"@type":"ListItem","position":2,"name":"Ni\u00f1os de T\u00fanez"}]},{"@type":"WebSite","@id":"https:\/\/www.humanium.org\/es\/#website","url":"https:\/\/www.humanium.org\/es\/","name":"Humanium","description":"\u00a1Los ni\u00f1os primero!","potentialAction":[{"@type":"SearchAction","target":{"@type":"EntryPoint","urlTemplate":"https:\/\/www.humanium.org\/es\/?s={search_term_string}"},"query-input":{"@type":"PropertyValueSpecification","valueRequired":true,"valueName":"search_term_string"}}],"inLanguage":"es"}]}},"_links":{"self":[{"href":"https:\/\/www.humanium.org\/es\/wp-json\/wp\/v2\/pages\/9595","targetHints":{"allow":["GET"]}}],"collection":[{"href":"https:\/\/www.humanium.org\/es\/wp-json\/wp\/v2\/pages"}],"about":[{"href":"https:\/\/www.humanium.org\/es\/wp-json\/wp\/v2\/types\/page"}],"author":[{"embeddable":true,"href":"https:\/\/www.humanium.org\/es\/wp-json\/wp\/v2\/users\/1"}],"replies":[{"embeddable":true,"href":"https:\/\/www.humanium.org\/es\/wp-json\/wp\/v2\/comments?post=9595"}],"version-history":[{"count":4,"href":"https:\/\/www.humanium.org\/es\/wp-json\/wp\/v2\/pages\/9595\/revisions"}],"predecessor-version":[{"id":20508,"href":"https:\/\/www.humanium.org\/es\/wp-json\/wp\/v2\/pages\/9595\/revisions\/20508"}],"wp:attachment":[{"href":"https:\/\/www.humanium.org\/es\/wp-json\/wp\/v2\/media?parent=9595"}],"curies":[{"name":"wp","href":"https:\/\/api.w.org\/{rel}","templated":true}]}}