{"id":9602,"date":"2013-07-26T14:20:01","date_gmt":"2013-07-26T14:20:01","guid":{"rendered":"http:\/\/www.humanium.org\/es\/?page_id=3054"},"modified":"2025-12-05T18:13:09","modified_gmt":"2025-12-05T18:13:09","slug":"vietnam","status":"publish","type":"page","link":"https:\/\/www.humanium.org\/es\/vietnam\/","title":{"rendered":"Ni\u00f1os de Vietnam"},"content":{"rendered":"<h1>Ni\u00f1os de Vietnam<\/h1>\n<h2>Descubriendo los Derechos del Ni\u00f1o en Vietnam<\/h2>\n<p style=\"text-align: center;\"><img loading=\"lazy\" decoding=\"async\" class=\"alignnone size-full wp-image-17257\" title=\"Ni\u00f1a vietnamita \u00a9 CONFUSER (flickr)\" src=\"https:\/\/www.humanium.org\/fr\/wp-content\/uploads\/2011\/12\/fillette-confuser-flickr.jpg\" alt=\"\" width=\"167\" height=\"200\" \/> <img loading=\"lazy\" decoding=\"async\" class=\"alignnone size-full wp-image-17258\" title=\"Ni\u00f1o vietnamita \u00a9 Mark Heard (flickr)\" src=\"https:\/\/www.humanium.org\/fr\/wp-content\/uploads\/2011\/12\/garcon-mark-heard-flickr.jpg\" alt=\"\" width=\"138\" height=\"200\" \/><\/p>\n<p>Al finalizar la guerra, Vietnam experiment\u00f3 un fuerte crecimiento demogr\u00e1fico que contribuy\u00f3 a que se agravaran las desigualdades en el acceso a los servicios. Por otra parte, el pa\u00eds vive expuesto a numerosas cat\u00e1strofes naturales. Entre terremotos, inundaciones y tsunamis, Vietnam es un pa\u00eds al que a veces le cuesta sobreponerse a estas crisis sucesivas que acrecientan su nivel de pobreza.<\/p>\n<h3>Principales problemas que afectan a los ni\u00f1os en Vietnam:<\/h3>\n<p><strong><a href=\"https:\/\/www.humanium.org\/es\/pobreza-infantil\/\"><img loading=\"lazy\" decoding=\"async\" class=\"alignright size-full wp-image-17328\" title=\"La poblaci\u00f3n de las zonas remotas y de las monta\u00f1as vive en condiciones muy precarias. \u00a9 Hanoi Mark (flickr)\" src=\"https:\/\/www.humanium.org\/fr\/wp-content\/uploads\/2011\/12\/pauvrete-hanoi-mark-flickr.jpg\" alt=\"\" width=\"170\" height=\"213\" \/>Pobreza<\/a><\/strong><\/p>\n<p>En los \u00faltimos 20 a\u00f1os, Vietnam ha registrado avances positivos en la lucha contra <a href=\"https:\/\/www.humanium.org\/es\/pobreza-infantil\/\"> la pobreza<\/a>. No obstante, estos progresos est\u00e1n lejos de llegar a las poblaciones marginadas que viven en las zonas remotas, las monta\u00f1as del norte, las tierras altas del centro del pa\u00eds y en torno al delta del Mekong.<\/p>\n<p><strong><a href=\"https:\/\/www.humanium.org\/es\/derecho-salud\/\">Salud<\/a><\/strong><\/p>\n<p>Vietnam ha experimentado un fuerte crecimiento demogr\u00e1fico, con el consiguiente aumento de la demanda de servicios de<a href=\"https:\/\/www.humanium.org\/es\/derecho-salud\/\"> salud<\/a>. En el a\u00f1o 2008, solo el 42 % de la poblaci\u00f3n ten\u00eda acceso a cobertura sanitaria. Hoy en d\u00eda, todos los ni\u00f1os menores de 6 a\u00f1os tienen cobertura sanitaria gratuita, aunque su acceso a ella es claramente desigual.<\/p>\n<p>Por otra parte, aunque hayan experimentado avances notables, las infraestructuras hospitalarias y el personal m\u00e9dico ya no pueden acoger ni atender a todas las personas vulnerables. Por ejemplo, en la ciudad de H\u00f4 Chi Minh -el centro econ\u00f3mico de Vietnam- el n\u00famero de m\u00e9dicos cada 10.000 habitantes es de 8,2.<\/p>\n<p>Por \u00faltimo, cabe destacar que el sector sanitario vietnamita sigue dependiendo de las subvenciones que provienen, en su mayor parte, de las organizaciones internacionales.<\/p>\n<p><strong><a href=\"https:\/\/www.humanium.org\/es\/derecho-educacion\/\">Educaci\u00f3n<\/a><\/strong><\/p>\n<p><img loading=\"lazy\" decoding=\"async\" class=\"alignright size-full wp-image-17329\" title=\"Un gran n\u00famero de familias no tiene acceso a la ense\u00f1anza secundaria. \u00a9 Helen Flamme (flickr)\" src=\"https:\/\/www.humanium.org\/fr\/wp-content\/uploads\/2011\/12\/education-helen-flamme-flickr.jpg\" alt=\"\" width=\"180\" height=\"173\" \/>En Vietnam se han realizado verdaderos avances para que todos los ni\u00f1os puedan tener<a href=\"https:\/\/www.humanium.org\/es\/derecho-educacion\/\">acceso a la educaci\u00f3n<\/a>. La ense\u00f1anza primaria es oficialmente gratuita y m\u00e1s del 96 % de los ni\u00f1os con edades comprendidas entre los 6 y los 11 a\u00f1os acceden a ella.<\/p>\n<p>No obstante, cuando se pasa a la ense\u00f1anza secundaria, el \u00edndice de asistencia es claramente inferior. El costo de la ense\u00f1anza universitaria es demasiado elevado. Se calcula que asciende a 960 d\u00f3lares estadounidenses al a\u00f1o, precio que queda netamente fuera del alcance de las familias pobres del pa\u00eds que, en promedio, ganan 240 d\u00f3lares estadounidenses al a\u00f1o.<\/p>\n<p><strong><a href=\"https:\/\/www.humanium.org\/es\/prostitucion-infantil\/\">Prostituci\u00f3n infantil<\/a><\/strong><\/p>\n<p>Aunque la prostituci\u00f3n est\u00e9 prohibida, ha aumentado en las calles de las grandes ciudades vietnamitas. La <a href=\"https:\/\/www.humanium.org\/es\/prostitucion-infantil\/\">prostituci\u00f3n infantil<\/a> est\u00e1 en constante crecimiento. Hoy en d\u00eda, se calcula que alrededor de 40.000 ni\u00f1os son prostituidos. Sus ganancias ascienden a una media de 10 d\u00f3lares por prestaci\u00f3n.<\/p>\n<p>Estos ni\u00f1os trabajan durante el d\u00eda en tiendas de alimentaci\u00f3n o en restaurantes y al acabar la jornada, los due\u00f1os de estos establecimientos los prostituyen.<\/p>\n<p>Por otra parte, el fen\u00f3meno se extiende m\u00e1s all\u00e1 de las fronteras. Muchos ni\u00f1os son v\u00edctimas de redes de <a href=\"https:\/\/www.humanium.org\/es\/trata-ninos\/\">trata<\/a> que los env\u00edan a otros pa\u00edses para ser explotados sexualmente. En Camboya, por ejemplo, se calcula que un tercio de los ni\u00f1os prostituidos provienen de Vietnam.<\/p>\n<p><strong><a href=\"https:\/\/www.humanium.org\/es\/ninos-calle\/\">Los ni\u00f1os de la calle<\/a><\/strong><\/p>\n<p><img loading=\"lazy\" decoding=\"async\" class=\"alignright size-full wp-image-17330\" title=\"M\u00e1s de 65. 000 ni\u00f1os deambulan por las calles de las principales ciudades vietnamitas. \u00a9Haechoo (flickr)\" src=\"https:\/\/www.humanium.org\/fr\/wp-content\/uploads\/2011\/12\/rue-haechoo-flickr.jpg\" alt=\"\" width=\"230\" height=\"153\" \/>Se calcula que m\u00e1s de 65.000 ni\u00f1os deambulan por las calles de las principales ciudades vietnamitas, de los que 7.600 viven en la capital y m\u00e1s de 18. 800 en H\u00f4 Chi Minh.<\/p>\n<p>Este fen\u00f3meno no ha pasado por alto a las autoridades, las cuales intentan ocultar esta miseria internando a los <a href=\"https:\/\/www.humanium.org\/es\/ninos-calle\/\">ni\u00f1os de la calle<\/a> en centros sociales cuando se celebran grandes eventos. Al parecer, en estos \u00faltimos a\u00f1os se han llevado a cabo varias redadas y los ni\u00f1os han sufrido malos tratos durante su arresto y confinamiento, tal como atestiguan muchas de las v\u00edctimas.<\/p>\n<p><strong><a href=\"https:\/\/www.humanium.org\/es\/trabajo-infantil\/\">Trabajo infantil<\/a><\/strong><\/p>\n<p><img loading=\"lazy\" decoding=\"async\" class=\"alignright size-full wp-image-17331\" title=\"Ni\u00f1os transportando arroz. \u00a9Jonwick (flickr)\" src=\"https:\/\/www.humanium.org\/fr\/wp-content\/uploads\/2011\/12\/travail-jonwick-flickr.jpg\" alt=\"\" width=\"200\" height=\"221\" \/>M\u00e1s del 16 % de los ni\u00f1os con edades comprendidas entre los 5 y los 14 a\u00f1os trabajan. La edad m\u00ednima para poder trabajar es de 15 a\u00f1os (y de 18 a\u00f1os en el caso de los trabajos peligrosos) pero existen excepciones en lo que se refiere a determinados trabajos, deportes tradicionales y actividades art\u00edsticas.<\/p>\n<p>Algunos ni\u00f1os trabajan legalmente en los pueblos de artesan\u00eda tradicional, as\u00ed como en actividades estacionales y de restauraci\u00f3n, aunque las condiciones de trabajo no est\u00e1n adaptadas a los ni\u00f1os (trabajan largas horas en tareas extenuantes).<\/p>\n<p>Se recluta a la mayor\u00eda de los ni\u00f1os para llevar a cabo trabajos ilegales como <a href=\"https:\/\/www.humanium.org\/es\/prostitucion-infantil\/\">la prostituci\u00f3n<\/a>, la venta de drogas o diversas actividades ilegales.<\/p>\n<p><strong><a href=\"https:\/\/www.humanium.org\/es\/apatridas-invisibles\/\">Ni\u00f1os ap\u00e1tridas e invisibles<\/a><\/strong><\/p>\n<p>En Vietnam, alrededor del 12 % de los nacimientos no son registrados. Algunas madres solteras no inscriben a sus hijos por verg\u00fcenza o creen err\u00f3neamente que los ni\u00f1os nacidos fuera del matrimonio no pueden ser registrados.<\/p>\n<p>Menos de la mitad de las familias inscriben a los ni\u00f1os dentro de los plazos legales establecidos. Las autoridades vietnamitas han optado por anular las multas por retraso y han ampliado el plazo con la esperanza de que disminuya el n\u00famero de <a href=\"https:\/\/www.humanium.org\/es\/derecho-identidad\/\">ni\u00f1os ap\u00e1tridas<\/a>. As\u00ed, en las regiones de las llanuras, el plazo se ha ampliado a un mes posterior al nacimiento, mientras que en las regiones lejanas y los altiplanos, el plazo ha pasado a dos meses.<\/p>\n<p><strong>Ni\u00f1os pertenecientes a minor\u00edas<\/strong><\/p>\n<p><img loading=\"lazy\" decoding=\"async\" class=\"alignright size-full wp-image-17332\" title=\"Las minor\u00edas a\u00fan no tienen acceso a determinados servicios. \u00a9 Fran-West (flickr)\" src=\"https:\/\/www.humanium.org\/fr\/wp-content\/uploads\/2011\/12\/minorites-fran.west-flickr.jpg\" alt=\"\" width=\"230\" height=\"153\" \/>Las minor\u00edas que viven en las monta\u00f1as, en condiciones de pobreza extrema, apenas tienen acceso a la educaci\u00f3n debido a la lejan\u00eda de las escuelas y a que la ense\u00f1anza se imparte en lengua vietnamita, que ellos no dominan. A menudo, los padres no son conscientes de la importancia de la educaci\u00f3n o la salud.<\/p>\n","protected":false},"excerpt":{"rendered":"<p>Ni\u00f1os de Vietnam Descubriendo los Derechos del Ni\u00f1o en Vietnam Al finalizar la guerra, Vietnam experiment\u00f3 un fuerte crecimiento demogr\u00e1fico que contribuy\u00f3 a que se agravaran las desigualdades en el acceso a los servicios. Por otra parte, el pa\u00eds vive expuesto a numerosas cat\u00e1strofes naturales. Entre terremotos, inundaciones y tsunamis, Vietnam es un pa\u00eds al [&hellip;]<\/p>\n","protected":false},"author":1,"featured_media":0,"parent":0,"menu_order":0,"comment_status":"closed","ping_status":"open","template":"","meta":{"footnotes":""},"class_list":["post-9602","page","type-page","status-publish","hentry"],"yoast_head":"<!-- This site is optimized with the Yoast SEO plugin v26.5 - https:\/\/yoast.com\/wordpress\/plugins\/seo\/ -->\n<title>Ni\u00f1os de Vietnam - Humanium<\/title>\n<meta name=\"description\" content=\"Entre terremotos, inundaciones y tsunamis, a Vietnam a veces le cuesta sobreponerse a estas crisis que acrecientan la pobreza, afectando as\u00ed a los ni\u00f1os.\" \/>\n<meta name=\"robots\" content=\"index, follow, max-snippet:-1, max-image-preview:large, max-video-preview:-1\" \/>\n<link rel=\"canonical\" href=\"https:\/\/www.humanium.org\/es\/vietnam\/\" \/>\n<meta property=\"og:locale\" content=\"es_ES\" \/>\n<meta property=\"og:type\" content=\"article\" \/>\n<meta property=\"og:title\" content=\"Ni\u00f1os de Vietnam - Humanium\" \/>\n<meta property=\"og:description\" content=\"Entre terremotos, inundaciones y tsunamis, a Vietnam a veces le cuesta sobreponerse a estas crisis que acrecientan la pobreza, afectando as\u00ed a los ni\u00f1os.\" \/>\n<meta property=\"og:url\" content=\"https:\/\/www.humanium.org\/es\/vietnam\/\" \/>\n<meta property=\"og:site_name\" content=\"Humanium\" \/>\n<meta property=\"article:modified_time\" content=\"2025-12-05T18:13:09+00:00\" \/>\n<meta property=\"og:image\" content=\"https:\/\/www.humanium.org\/es\/wp-content\/uploads\/2022\/10\/Shutterstock_1748479433.jpg\" \/>\n\t<meta property=\"og:image:width\" content=\"400\" \/>\n\t<meta property=\"og:image:height\" content=\"400\" \/>\n\t<meta property=\"og:image:type\" content=\"image\/jpeg\" \/>\n<meta name=\"twitter:card\" content=\"summary_large_image\" \/>\n<meta name=\"twitter:label1\" content=\"Tiempo de lectura\" \/>\n\t<meta name=\"twitter:data1\" content=\"6 minutos\" \/>\n<script type=\"application\/ld+json\" class=\"yoast-schema-graph\">{\"@context\":\"https:\/\/schema.org\",\"@graph\":[{\"@type\":\"WebPage\",\"@id\":\"https:\/\/www.humanium.org\/es\/vietnam\/\",\"url\":\"https:\/\/www.humanium.org\/es\/vietnam\/\",\"name\":\"Ni\u00f1os de Vietnam - Humanium\",\"isPartOf\":{\"@id\":\"https:\/\/www.humanium.org\/es\/#website\"},\"primaryImageOfPage\":{\"@id\":\"https:\/\/www.humanium.org\/es\/vietnam\/#primaryimage\"},\"image\":{\"@id\":\"https:\/\/www.humanium.org\/es\/vietnam\/#primaryimage\"},\"thumbnailUrl\":\"https:\/\/www.humanium.org\/fr\/wp-content\/uploads\/2011\/12\/fillette-confuser-flickr.jpg\",\"datePublished\":\"2013-07-26T14:20:01+00:00\",\"dateModified\":\"2025-12-05T18:13:09+00:00\",\"description\":\"Entre terremotos, inundaciones y tsunamis, a Vietnam a veces le cuesta sobreponerse a estas crisis que acrecientan la pobreza, afectando as\u00ed a los ni\u00f1os.\",\"breadcrumb\":{\"@id\":\"https:\/\/www.humanium.org\/es\/vietnam\/#breadcrumb\"},\"inLanguage\":\"es\",\"potentialAction\":[{\"@type\":\"ReadAction\",\"target\":[\"https:\/\/www.humanium.org\/es\/vietnam\/\"]}]},{\"@type\":\"ImageObject\",\"inLanguage\":\"es\",\"@id\":\"https:\/\/www.humanium.org\/es\/vietnam\/#primaryimage\",\"url\":\"https:\/\/www.humanium.org\/fr\/wp-content\/uploads\/2011\/12\/fillette-confuser-flickr.jpg\",\"contentUrl\":\"https:\/\/www.humanium.org\/fr\/wp-content\/uploads\/2011\/12\/fillette-confuser-flickr.jpg\"},{\"@type\":\"BreadcrumbList\",\"@id\":\"https:\/\/www.humanium.org\/es\/vietnam\/#breadcrumb\",\"itemListElement\":[{\"@type\":\"ListItem\",\"position\":1,\"name\":\"Home\",\"item\":\"https:\/\/www.humanium.org\/es\/\"},{\"@type\":\"ListItem\",\"position\":2,\"name\":\"Ni\u00f1os de Vietnam\"}]},{\"@type\":\"WebSite\",\"@id\":\"https:\/\/www.humanium.org\/es\/#website\",\"url\":\"https:\/\/www.humanium.org\/es\/\",\"name\":\"Humanium\",\"description\":\"\u00a1Los ni\u00f1os primero!\",\"potentialAction\":[{\"@type\":\"SearchAction\",\"target\":{\"@type\":\"EntryPoint\",\"urlTemplate\":\"https:\/\/www.humanium.org\/es\/?s={search_term_string}\"},\"query-input\":{\"@type\":\"PropertyValueSpecification\",\"valueRequired\":true,\"valueName\":\"search_term_string\"}}],\"inLanguage\":\"es\"}]}<\/script>\n<!-- \/ Yoast SEO plugin. -->","yoast_head_json":{"title":"Ni\u00f1os de Vietnam - Humanium","description":"Entre terremotos, inundaciones y tsunamis, a Vietnam a veces le cuesta sobreponerse a estas crisis que acrecientan la pobreza, afectando as\u00ed a los ni\u00f1os.","robots":{"index":"index","follow":"follow","max-snippet":"max-snippet:-1","max-image-preview":"max-image-preview:large","max-video-preview":"max-video-preview:-1"},"canonical":"https:\/\/www.humanium.org\/es\/vietnam\/","og_locale":"es_ES","og_type":"article","og_title":"Ni\u00f1os de Vietnam - Humanium","og_description":"Entre terremotos, inundaciones y tsunamis, a Vietnam a veces le cuesta sobreponerse a estas crisis que acrecientan la pobreza, afectando as\u00ed a los ni\u00f1os.","og_url":"https:\/\/www.humanium.org\/es\/vietnam\/","og_site_name":"Humanium","article_modified_time":"2025-12-05T18:13:09+00:00","og_image":[{"width":400,"height":400,"url":"https:\/\/www.humanium.org\/es\/wp-content\/uploads\/2022\/10\/Shutterstock_1748479433.jpg","type":"image\/jpeg"}],"twitter_card":"summary_large_image","twitter_misc":{"Tiempo de lectura":"6 minutos"},"schema":{"@context":"https:\/\/schema.org","@graph":[{"@type":"WebPage","@id":"https:\/\/www.humanium.org\/es\/vietnam\/","url":"https:\/\/www.humanium.org\/es\/vietnam\/","name":"Ni\u00f1os de Vietnam - Humanium","isPartOf":{"@id":"https:\/\/www.humanium.org\/es\/#website"},"primaryImageOfPage":{"@id":"https:\/\/www.humanium.org\/es\/vietnam\/#primaryimage"},"image":{"@id":"https:\/\/www.humanium.org\/es\/vietnam\/#primaryimage"},"thumbnailUrl":"https:\/\/www.humanium.org\/fr\/wp-content\/uploads\/2011\/12\/fillette-confuser-flickr.jpg","datePublished":"2013-07-26T14:20:01+00:00","dateModified":"2025-12-05T18:13:09+00:00","description":"Entre terremotos, inundaciones y tsunamis, a Vietnam a veces le cuesta sobreponerse a estas crisis que acrecientan la pobreza, afectando as\u00ed a los ni\u00f1os.","breadcrumb":{"@id":"https:\/\/www.humanium.org\/es\/vietnam\/#breadcrumb"},"inLanguage":"es","potentialAction":[{"@type":"ReadAction","target":["https:\/\/www.humanium.org\/es\/vietnam\/"]}]},{"@type":"ImageObject","inLanguage":"es","@id":"https:\/\/www.humanium.org\/es\/vietnam\/#primaryimage","url":"https:\/\/www.humanium.org\/fr\/wp-content\/uploads\/2011\/12\/fillette-confuser-flickr.jpg","contentUrl":"https:\/\/www.humanium.org\/fr\/wp-content\/uploads\/2011\/12\/fillette-confuser-flickr.jpg"},{"@type":"BreadcrumbList","@id":"https:\/\/www.humanium.org\/es\/vietnam\/#breadcrumb","itemListElement":[{"@type":"ListItem","position":1,"name":"Home","item":"https:\/\/www.humanium.org\/es\/"},{"@type":"ListItem","position":2,"name":"Ni\u00f1os de Vietnam"}]},{"@type":"WebSite","@id":"https:\/\/www.humanium.org\/es\/#website","url":"https:\/\/www.humanium.org\/es\/","name":"Humanium","description":"\u00a1Los ni\u00f1os primero!","potentialAction":[{"@type":"SearchAction","target":{"@type":"EntryPoint","urlTemplate":"https:\/\/www.humanium.org\/es\/?s={search_term_string}"},"query-input":{"@type":"PropertyValueSpecification","valueRequired":true,"valueName":"search_term_string"}}],"inLanguage":"es"}]}},"_links":{"self":[{"href":"https:\/\/www.humanium.org\/es\/wp-json\/wp\/v2\/pages\/9602","targetHints":{"allow":["GET"]}}],"collection":[{"href":"https:\/\/www.humanium.org\/es\/wp-json\/wp\/v2\/pages"}],"about":[{"href":"https:\/\/www.humanium.org\/es\/wp-json\/wp\/v2\/types\/page"}],"author":[{"embeddable":true,"href":"https:\/\/www.humanium.org\/es\/wp-json\/wp\/v2\/users\/1"}],"replies":[{"embeddable":true,"href":"https:\/\/www.humanium.org\/es\/wp-json\/wp\/v2\/comments?post=9602"}],"version-history":[{"count":5,"href":"https:\/\/www.humanium.org\/es\/wp-json\/wp\/v2\/pages\/9602\/revisions"}],"predecessor-version":[{"id":20724,"href":"https:\/\/www.humanium.org\/es\/wp-json\/wp\/v2\/pages\/9602\/revisions\/20724"}],"wp:attachment":[{"href":"https:\/\/www.humanium.org\/es\/wp-json\/wp\/v2\/media?parent=9602"}],"curies":[{"name":"wp","href":"https:\/\/api.w.org\/{rel}","templated":true}]}}