{"id":9605,"date":"2013-08-12T15:12:12","date_gmt":"2013-08-12T15:12:12","guid":{"rendered":"http:\/\/www.humanium.org\/es\/?page_id=3507"},"modified":"2025-12-05T18:06:49","modified_gmt":"2025-12-05T18:06:49","slug":"irak","status":"publish","type":"page","link":"https:\/\/www.humanium.org\/es\/irak\/","title":{"rendered":"Ni\u00f1os de Irak"},"content":{"rendered":"<h1>Ni\u00f1os de Irak<\/h1>\n<h2>Descubriendo los Derechos del Ni\u00f1o en Irak<\/h2>\n<p style=\"text-align: center;\"><img loading=\"lazy\" decoding=\"async\" class=\"alignnone size-full wp-image-16832\" title=\"Ni\u00f1a iraqu\u00ed (UNHCR)\" src=\"https:\/\/www.humanium.org\/fr\/wp-content\/uploads\/2011\/11\/fillette-irakienne-unhcr2.jpg\" alt=\"\" width=\"135\" height=\"200\" \/> <img loading=\"lazy\" decoding=\"async\" class=\"alignnone size-full wp-image-16860\" title=\"ni\u00f1o iraqu\u00ed \u00a9 Dvidshub (flickr)\" src=\"https:\/\/www.humanium.org\/fr\/wp-content\/uploads\/2011\/11\/garcon-irakien-dvidshub.jpg\" alt=\"\" width=\"142\" height=\"200\" \/><\/p>\n<p>La inestabilidad pol\u00edtica en Irak tiene graves consecuencias en la situaci\u00f3n de los ni\u00f1os. Los ni\u00f1os iraqu\u00edes deben luchar cada d\u00eda por sobrevivir a condiciones de vida dif\u00edciles.<\/p>\n<h3>Principales problemas que afectan a los ni\u00f1os en Irak<\/h3>\n<p><strong><a href=\"https:\/\/www.humanium.org\/es\/pobreza-infantil\/\">Pobreza<\/a><\/strong><\/p>\n<p><img loading=\"lazy\" decoding=\"async\" class=\"alignright size-medium wp-image-16881\" title=\"M\u00e1s de 3,5 millones de ni\u00f1os iraqu\u00edes viven en la pobreza \u00a9 UNHCR\" src=\"https:\/\/www.humanium.org\/fr\/wp-content\/uploads\/2011\/11\/girl-with-mother-unhcr-237x300.jpg\" alt=\"\" width=\"155\" height=\"197\" \/>Un cuarto de la poblaci\u00f3n iraqu\u00ed vive bajo el <a href=\"https:\/\/www.humanium.org\/es\/pobreza-infantil\/\">umbral de pobreza<\/a>. Se calculan 3,5 millones de ni\u00f1os que viven en la pobreza.<\/p>\n<p>Todo esto conlleva graves consecuencias en la situaci\u00f3n de los ni\u00f1os ya que no pueden disfrutar plenamente de los derechos m\u00e1s fundamentales.<\/p>\n<p><strong><a href=\"https:\/\/www.humanium.org\/es\/derecho-salud\/\">Salud<\/a><\/strong><\/p>\n<p>La <a href=\"https:\/\/www.humanium.org\/es\/derecho-salud\/\">salud<\/a> de los ni\u00f1os iraqu\u00edes se degrad\u00f3 en gran medida tras la guerra de 2003 llevada a cabo por los Estados Unidos. La <a href=\"https:\/\/www.humanium.org\/es\/mortalidad-infantil\/\">mortalidad<\/a> en los ni\u00f1os menores de 5 a\u00f1os no para de agravarse. Se calculan 1,5 millones de ni\u00f1os que sufren de <a href=\"https:\/\/www.humanium.org\/es\/derecho-alimentacion\/\">malnutrici\u00f3n<\/a>. De hecho, uno de cada diez ni\u00f1os iraqu\u00edes tiene un peso anormal en relaci\u00f3n con su edad.<\/p>\n<p>La guerra tuvo tambi\u00e9n consecuencias nefastas en la salud mental de los ni\u00f1os. Muchos de entre ellos sufrieron traumatismos relacionados con la guerra. El miedo a morir, el estr\u00e9s, las crisis de p\u00e1nico tambi\u00e9n son una parte integrante del d\u00eda a d\u00eda de estos ni\u00f1os.<\/p>\n<p><strong><a href=\"https:\/\/www.humanium.org\/es\/derecho-educacion\/\">Educaci\u00f3n<\/a><\/strong><\/p>\n<p><img loading=\"lazy\" decoding=\"async\" class=\"alignright size-full wp-image-16877\" title=\"No todos los ni\u00f1os iraqu\u00edes tienen acceso a la educaci\u00f3n \u00a9 Dvidshub (flickr).\" src=\"https:\/\/www.humanium.org\/fr\/wp-content\/uploads\/2011\/11\/girls-in-school-dvidshub.jpg\" alt=\"\" width=\"250\" height=\"168\" \/><a href=\"https:\/\/www.humanium.org\/es\/derecho-educacion\/\">La educaci\u00f3n<\/a> es gratuita y obligatoria hasta los 12 a\u00f1os. Sin embargo, la falta de infraestructuras y la sobrecarga de las clases no permiten a los ni\u00f1os disfrutar de una educaci\u00f3n de buena calidad.<\/p>\n<p>Adem\u00e1s, los <a href=\"https:\/\/www.humanium.org\/es\/ninos-discapacitados\/\">ni\u00f1os minusv\u00e1lidos<\/a> as\u00ed como los <a href=\"https:\/\/www.humanium.org\/es\/ninos-desplazados\/\"> ni\u00f1os desplazados<\/a>\u00a0no tienen todav\u00eda derecho a la educaci\u00f3n.<\/p>\n<p>La situaci\u00f3n inestable de Irak tiene impactos negativos en el derecho a la educaci\u00f3n. Por eso, las escuelas primarias y secundarias estuvieron cerradas y m\u00e1s de veinte escuelas han sido demolidas.<\/p>\n<p><strong><a href=\"https:\/\/www.humanium.org\/es\/no-discriminacion\/\">Derecho a la no discriminaci\u00f3n<\/a><\/strong><\/p>\n<p>La constituci\u00f3n iraqu\u00ed prev\u00e9 que toda persona nacida de al menos un padre iraqu\u00ed es un ciudadano y puede disfrutar de los derechos acordados por el gobierno. Sin embargo, el ni\u00f1o que no tiene padres iraqu\u00edes no dispone de estos mismos derechos y su familia deber\u00e1 pagar, por ejemplo, la escuela p\u00fablica y los servicios sanitarios. Exceptuando algunas raras excepciones, este ni\u00f1o no podr\u00e1 tampoco ser admitido en el programa alimentario de racionamiento.<\/p>\n<p><strong><a href=\"https:\/\/www.humanium.org\/es\/abuso-infantil\/\">Maltrato infantil<\/a><\/strong><\/p>\n<p>Numerosos ni\u00f1os son v\u00edctimas de violencia psicol\u00f3gica y f\u00edsica. La disciplina es muy importante en la sociedad iraqu\u00ed y sigue dominando la relaci\u00f3n entre padres e hijos.<\/p>\n<p>Adem\u00e1s, las autoridades y los profesores no dudan en usar la violencia con el fin de que reine el orden.<\/p>\n<p>Esos actos de violencia tienen consecuencias dram\u00e1ticas en los ni\u00f1os que reproducir\u00e1n tambi\u00e9n esos mismos actos de <a href=\"https:\/\/www.humanium.org\/es\/abuso-infantil\/\">maltrato.<\/a><\/p>\n<p><strong>Ni\u00f1os victimas de conflictos armados<\/strong><\/p>\n<p><img loading=\"lazy\" decoding=\"async\" class=\"alignright size-full wp-image-16878\" title=\"Ni\u00f1o herido tras la guerra de 2003 \u00a9 Dvidshub (flickr)\" src=\"https:\/\/www.humanium.org\/fr\/wp-content\/uploads\/2011\/11\/girl-injured-dvidshub.jpg\" alt=\"\" width=\"170\" height=\"198\" \/>Irak es un Estado inestable y sujeto a numerosos ataques terroristas. Los ni\u00f1os representan alrededor del 8,1% del conjunto de personas muertas en los atentados. A menudo son v\u00edctimas de dispositivos explosivos y coches bomba. Seg\u00fan la Organizaci\u00f3n Marroqu\u00ed de los Derechos del Hombre, mas de 174 ni\u00f1os fueron matados y 773 heridos en 2010.<\/p>\n<p>Adem\u00e1s, los ni\u00f1os est\u00e1n afectados por los millares de bombas y minas antipersona diseminadas en ciertas partes del territorio. Desde 1991, m\u00e1s de un mill\u00f3n de ni\u00f1os de Irak fueron sus v\u00edctimas, seg\u00fan el Programa de las Naciones Unidas para el Desarrollo.<\/p>\n<p><strong><a href=\"https:\/\/www.humanium.org\/es\/ninos-soldado\/\">Ni\u00f1os soldados<\/a><\/strong><\/p>\n<p>Numerosos ni\u00f1os son todav\u00eda reclutados por los grupos armados y en particular por las redes terroristas. A menudo son explotados con fines de vigilancia, espionaje o para participar y perpetrar atentados contra las fuerzas armadas y las civiles.<\/p>\n<p>Los <a href=\"https:\/\/www.humanium.org\/es\/ninos-soldado\/\">ni\u00f1os soldados<\/a> pasan desapercibidos a los ojos de las fuerzas del orden y corren el riesgo en menor medida de comprometer la misi\u00f3n que les fue confiada.<\/p>\n<p><strong><a href=\"https:\/\/www.humanium.org\/es\/ninos-desplazados\/\">Ni\u00f1os desplazados<\/a><\/strong><\/p>\n<p>La inestabilidad pol\u00edtica provoca movimientos de poblaci\u00f3n m\u00e1s all\u00e1 de las fronteras. Numerosos ni\u00f1os se encuentran en una situaci\u00f3n precaria, desprovistos del acceso a una alimentaci\u00f3n suficiente, a la educaci\u00f3n y a la salud. Estos <a href=\"https:\/\/www.humanium.org\/es\/ninos-desplazados\/\">ni\u00f1os desplazados<\/a> est\u00e1n obligados a vivir en condiciones extremadamente dif\u00edciles.<\/p>\n<p><strong><a href=\"https:\/\/www.humanium.org\/es\/ninos-huerfanos\/\">Hu\u00e9rfanos<\/a><\/strong><\/p>\n<p><img loading=\"lazy\" decoding=\"async\" class=\"alignright size-full wp-image-16879\" title=\"Irak tiene cada vez m\u00e1s ni\u00f1os hu\u00e9rfanos \u00a9 Official US Airforce (flickr)\" src=\"https:\/\/www.humanium.org\/fr\/wp-content\/uploads\/2011\/11\/girls-teams-officialusairforce.jpg\" alt=\"\" width=\"284\" height=\"200\" \/>Irak es un pa\u00eds con numerosos <a href=\"https:\/\/www.humanium.org\/es\/ninos-huerfanos\/\">hu\u00e9rfanos<\/a>.\u00a0Uno de cada seis iraqu\u00edes es hu\u00e9rfano. Las causas son diversas: la <a href=\"https:\/\/www.humanium.org\/es\/pobreza-infantil\/\">pobreza<\/a>, el <a href=\"https:\/\/www.humanium.org\/es\/ninos-sida\/\">Sida<\/a>, la guerra de 2003, los atentados terroristas o incluso la dictadura de Saddam Hussein que caus\u00f3 numerosos muertos.<\/p>\n<p>La ley iraqu\u00ed no prev\u00e9 la adopci\u00f3n. Solo es posible la tutela de la familia o de amigos pr\u00f3ximos. Los extranjeros no pueden obtener la tutela legal de los ni\u00f1os de Irak.<\/p>\n<p><strong><a href=\"https:\/\/www.humanium.org\/es\/trabajo-infantil\/\">Trabajo infantil<\/a><\/strong><\/p>\n<p>A pesar de la prohibici\u00f3n legal del <a href=\"https:\/\/www.humanium.org\/es\/trabajo-infantil\/\">trabajo infantil<\/a>, muchos de ellos est\u00e1n obligados a ganar dinero con el fin de tener acceso a necesidades fundamentales. Estos ni\u00f1os pasan sus d\u00edas mendigando por las <a href=\"https:\/\/www.humanium.org\/es\/ninos-calle\/\">calles<\/a>, vendiendo tabaco a los automovilistas, y todo ello en detrimento de su salud y educaci\u00f3n.<\/p>\n<p>La situaci\u00f3n es tan dram\u00e1tica que algunos de ellos acaban en el tr\u00e1fico de drogas y las <a href=\"https:\/\/www.humanium.org\/es\/prostitucion-infantil\/\">redes de prostituci\u00f3n.<\/a>.<\/p>\n<p><strong><a href=\"https:\/\/www.humanium.org\/es\/trata-ninos\/\">Tr\u00e1fico infantil<\/a><\/strong><\/p>\n<p><a href=\"https:\/\/www.humanium.org\/es\/trata-ninos\/\">La trata de ni\u00f1os<\/a> es un fen\u00f3meno conocido en Irak y en especial en la regi\u00f3n de Kurdist\u00e1n. Este problema afecta en especial a las j\u00f3venes que se venden para convertirse en limpiadoras o para alimentar las redes de prostituci\u00f3n.<\/p>\n<p>En Irak, la prostituci\u00f3n no est\u00e1 prohibida como tal. Sin embargo, la producci\u00f3n, la importaci\u00f3n o el hecho de poseer fotograf\u00edas o pel\u00edculas <a href=\"https:\/\/www.humanium.org\/es\/explotacion-sexual-infantil\/\">pornogr\u00e1ficas<\/a> est\u00e1n prohibidos.<\/p>\n<p><a href=\"https:\/\/www.humanium.org\/es\/justicia-juvenil\/\"><strong>Justicia de los menores<\/strong><\/a><\/p>\n<p>Aunque se han llevado a cabo progresos en la mejora de las condiciones de vida de los <a href=\"https:\/\/www.humanium.org\/es\/ninos-detenidos\/\">menores detenidos<\/a> en las c\u00e1rceles, las instalaciones est\u00e1n todav\u00eda sobrepobladas. Adem\u00e1s, estos ni\u00f1os a menudo son v\u00edctimas de <a href=\"https:\/\/www.humanium.org\/es\/abuso-infantil\/\">abuso y explotaci\u00f3n<\/a>.<\/p>\n<p>Desgraciadamente, es lamentable la presencia de menores en establecimientos penitenciarios para adultos.<\/p>\n<p><strong><a href=\"https:\/\/www.humanium.org\/es\/mutilacion-genital\/\">Mutilaciones genitales femeninas<\/a><\/strong><\/p>\n<p><img loading=\"lazy\" decoding=\"async\" class=\"alignright size-full wp-image-16880\" title=\"Las mutilaciones genitales femeninas son a menudo frecuentemente practicadas en ni\u00f1as peque\u00f1as \u00a9 Official US Airforce (flickr)\" src=\"https:\/\/www.humanium.org\/fr\/wp-content\/uploads\/2011\/11\/girls-two-officialusairforce.jpg\" alt=\"\" width=\"271\" height=\"180\" \/>Las <a href=\"https:\/\/www.humanium.org\/es\/mutilacion-genital\/\">mutilaciones genitales femeninas<\/a> que no se han legalizado todav\u00eda se siguen practicando en las regiones rurales, en particular en Kurdist\u00e1n. De hecho, el 90% de mujeres que viven en un entorno rural han sido mutiladas, contra el 30% en entorno urbano.<\/p>\n<p>Las mutilaciones genitales femeninas tienen consecuencias graves para la salud, provocando frecuentemente hemorragias e infecciones.<\/p>\n<p><strong><a href=\"https:\/\/www.humanium.org\/es\/ninos-desaparecidos\/\">Ni\u00f1os secuestrados<\/a><\/strong><\/p>\n<p>Se tiene constancia de numerosos raptos de ni\u00f1os en Irak. En 2010, se han registrado m\u00e1s de 31 ni\u00f1os secuestrados. El dinero es a menudo la principal motivaci\u00f3n de los secuestradores. Desgraciadamente, si la familia rechaza pagar un rescate, el ni\u00f1o raptado es, en la mayor parte de los casos, asesinado.<\/p>\n","protected":false},"excerpt":{"rendered":"<p>Ni\u00f1os de Irak Descubriendo los Derechos del Ni\u00f1o en Irak La inestabilidad pol\u00edtica en Irak tiene graves consecuencias en la situaci\u00f3n de los ni\u00f1os. Los ni\u00f1os iraqu\u00edes deben luchar cada d\u00eda por sobrevivir a condiciones de vida dif\u00edciles. Principales problemas que afectan a los ni\u00f1os en Irak Pobreza Un cuarto de la poblaci\u00f3n iraqu\u00ed vive [&hellip;]<\/p>\n","protected":false},"author":1,"featured_media":0,"parent":0,"menu_order":0,"comment_status":"closed","ping_status":"open","template":"","meta":{"footnotes":""},"class_list":["post-9605","page","type-page","status-publish","hentry"],"yoast_head":"<!-- This site is optimized with the Yoast SEO plugin v26.5 - https:\/\/yoast.com\/wordpress\/plugins\/seo\/ -->\n<title>Ni\u00f1os de Irak - Humanium<\/title>\n<meta name=\"description\" content=\"La inestabilidad pol\u00edtica en Irak tiene graves consecuencias para los ni\u00f1os, los cuales luchan por sobrevivir cada d\u00eda a condiciones de vida dif\u00edciles.\" \/>\n<meta name=\"robots\" content=\"index, follow, max-snippet:-1, max-image-preview:large, max-video-preview:-1\" \/>\n<link rel=\"canonical\" href=\"https:\/\/www.humanium.org\/es\/irak\/\" \/>\n<meta property=\"og:locale\" content=\"es_ES\" \/>\n<meta property=\"og:type\" content=\"article\" \/>\n<meta property=\"og:title\" content=\"Ni\u00f1os de Irak - Humanium\" \/>\n<meta property=\"og:description\" content=\"La inestabilidad pol\u00edtica en Irak tiene graves consecuencias para los ni\u00f1os, los cuales luchan por sobrevivir cada d\u00eda a condiciones de vida dif\u00edciles.\" \/>\n<meta property=\"og:url\" content=\"https:\/\/www.humanium.org\/es\/irak\/\" \/>\n<meta property=\"og:site_name\" content=\"Humanium\" \/>\n<meta property=\"article:modified_time\" content=\"2025-12-05T18:06:49+00:00\" \/>\n<meta name=\"twitter:card\" content=\"summary_large_image\" \/>\n<meta name=\"twitter:label1\" content=\"Tiempo de lectura\" \/>\n\t<meta name=\"twitter:data1\" content=\"7 minutos\" \/>\n<script type=\"application\/ld+json\" class=\"yoast-schema-graph\">{\"@context\":\"https:\/\/schema.org\",\"@graph\":[{\"@type\":\"WebPage\",\"@id\":\"https:\/\/www.humanium.org\/es\/irak\/\",\"url\":\"https:\/\/www.humanium.org\/es\/irak\/\",\"name\":\"Ni\u00f1os de Irak - Humanium\",\"isPartOf\":{\"@id\":\"https:\/\/www.humanium.org\/es\/#website\"},\"primaryImageOfPage\":{\"@id\":\"https:\/\/www.humanium.org\/es\/irak\/#primaryimage\"},\"image\":{\"@id\":\"https:\/\/www.humanium.org\/es\/irak\/#primaryimage\"},\"thumbnailUrl\":\"https:\/\/www.humanium.org\/fr\/wp-content\/uploads\/2011\/11\/fillette-irakienne-unhcr2.jpg\",\"datePublished\":\"2013-08-12T15:12:12+00:00\",\"dateModified\":\"2025-12-05T18:06:49+00:00\",\"description\":\"La inestabilidad pol\u00edtica en Irak tiene graves consecuencias para los ni\u00f1os, los cuales luchan por sobrevivir cada d\u00eda a condiciones de vida dif\u00edciles.\",\"breadcrumb\":{\"@id\":\"https:\/\/www.humanium.org\/es\/irak\/#breadcrumb\"},\"inLanguage\":\"es\",\"potentialAction\":[{\"@type\":\"ReadAction\",\"target\":[\"https:\/\/www.humanium.org\/es\/irak\/\"]}]},{\"@type\":\"ImageObject\",\"inLanguage\":\"es\",\"@id\":\"https:\/\/www.humanium.org\/es\/irak\/#primaryimage\",\"url\":\"https:\/\/www.humanium.org\/fr\/wp-content\/uploads\/2011\/11\/fillette-irakienne-unhcr2.jpg\",\"contentUrl\":\"https:\/\/www.humanium.org\/fr\/wp-content\/uploads\/2011\/11\/fillette-irakienne-unhcr2.jpg\"},{\"@type\":\"BreadcrumbList\",\"@id\":\"https:\/\/www.humanium.org\/es\/irak\/#breadcrumb\",\"itemListElement\":[{\"@type\":\"ListItem\",\"position\":1,\"name\":\"Home\",\"item\":\"https:\/\/www.humanium.org\/es\/\"},{\"@type\":\"ListItem\",\"position\":2,\"name\":\"Ni\u00f1os de Irak\"}]},{\"@type\":\"WebSite\",\"@id\":\"https:\/\/www.humanium.org\/es\/#website\",\"url\":\"https:\/\/www.humanium.org\/es\/\",\"name\":\"Humanium\",\"description\":\"\u00a1Los ni\u00f1os primero!\",\"potentialAction\":[{\"@type\":\"SearchAction\",\"target\":{\"@type\":\"EntryPoint\",\"urlTemplate\":\"https:\/\/www.humanium.org\/es\/?s={search_term_string}\"},\"query-input\":{\"@type\":\"PropertyValueSpecification\",\"valueRequired\":true,\"valueName\":\"search_term_string\"}}],\"inLanguage\":\"es\"}]}<\/script>\n<!-- \/ Yoast SEO plugin. -->","yoast_head_json":{"title":"Ni\u00f1os de Irak - Humanium","description":"La inestabilidad pol\u00edtica en Irak tiene graves consecuencias para los ni\u00f1os, los cuales luchan por sobrevivir cada d\u00eda a condiciones de vida dif\u00edciles.","robots":{"index":"index","follow":"follow","max-snippet":"max-snippet:-1","max-image-preview":"max-image-preview:large","max-video-preview":"max-video-preview:-1"},"canonical":"https:\/\/www.humanium.org\/es\/irak\/","og_locale":"es_ES","og_type":"article","og_title":"Ni\u00f1os de Irak - Humanium","og_description":"La inestabilidad pol\u00edtica en Irak tiene graves consecuencias para los ni\u00f1os, los cuales luchan por sobrevivir cada d\u00eda a condiciones de vida dif\u00edciles.","og_url":"https:\/\/www.humanium.org\/es\/irak\/","og_site_name":"Humanium","article_modified_time":"2025-12-05T18:06:49+00:00","twitter_card":"summary_large_image","twitter_misc":{"Tiempo de lectura":"7 minutos"},"schema":{"@context":"https:\/\/schema.org","@graph":[{"@type":"WebPage","@id":"https:\/\/www.humanium.org\/es\/irak\/","url":"https:\/\/www.humanium.org\/es\/irak\/","name":"Ni\u00f1os de Irak - Humanium","isPartOf":{"@id":"https:\/\/www.humanium.org\/es\/#website"},"primaryImageOfPage":{"@id":"https:\/\/www.humanium.org\/es\/irak\/#primaryimage"},"image":{"@id":"https:\/\/www.humanium.org\/es\/irak\/#primaryimage"},"thumbnailUrl":"https:\/\/www.humanium.org\/fr\/wp-content\/uploads\/2011\/11\/fillette-irakienne-unhcr2.jpg","datePublished":"2013-08-12T15:12:12+00:00","dateModified":"2025-12-05T18:06:49+00:00","description":"La inestabilidad pol\u00edtica en Irak tiene graves consecuencias para los ni\u00f1os, los cuales luchan por sobrevivir cada d\u00eda a condiciones de vida dif\u00edciles.","breadcrumb":{"@id":"https:\/\/www.humanium.org\/es\/irak\/#breadcrumb"},"inLanguage":"es","potentialAction":[{"@type":"ReadAction","target":["https:\/\/www.humanium.org\/es\/irak\/"]}]},{"@type":"ImageObject","inLanguage":"es","@id":"https:\/\/www.humanium.org\/es\/irak\/#primaryimage","url":"https:\/\/www.humanium.org\/fr\/wp-content\/uploads\/2011\/11\/fillette-irakienne-unhcr2.jpg","contentUrl":"https:\/\/www.humanium.org\/fr\/wp-content\/uploads\/2011\/11\/fillette-irakienne-unhcr2.jpg"},{"@type":"BreadcrumbList","@id":"https:\/\/www.humanium.org\/es\/irak\/#breadcrumb","itemListElement":[{"@type":"ListItem","position":1,"name":"Home","item":"https:\/\/www.humanium.org\/es\/"},{"@type":"ListItem","position":2,"name":"Ni\u00f1os de Irak"}]},{"@type":"WebSite","@id":"https:\/\/www.humanium.org\/es\/#website","url":"https:\/\/www.humanium.org\/es\/","name":"Humanium","description":"\u00a1Los ni\u00f1os primero!","potentialAction":[{"@type":"SearchAction","target":{"@type":"EntryPoint","urlTemplate":"https:\/\/www.humanium.org\/es\/?s={search_term_string}"},"query-input":{"@type":"PropertyValueSpecification","valueRequired":true,"valueName":"search_term_string"}}],"inLanguage":"es"}]}},"_links":{"self":[{"href":"https:\/\/www.humanium.org\/es\/wp-json\/wp\/v2\/pages\/9605","targetHints":{"allow":["GET"]}}],"collection":[{"href":"https:\/\/www.humanium.org\/es\/wp-json\/wp\/v2\/pages"}],"about":[{"href":"https:\/\/www.humanium.org\/es\/wp-json\/wp\/v2\/types\/page"}],"author":[{"embeddable":true,"href":"https:\/\/www.humanium.org\/es\/wp-json\/wp\/v2\/users\/1"}],"replies":[{"embeddable":true,"href":"https:\/\/www.humanium.org\/es\/wp-json\/wp\/v2\/comments?post=9605"}],"version-history":[{"count":3,"href":"https:\/\/www.humanium.org\/es\/wp-json\/wp\/v2\/pages\/9605\/revisions"}],"predecessor-version":[{"id":20521,"href":"https:\/\/www.humanium.org\/es\/wp-json\/wp\/v2\/pages\/9605\/revisions\/20521"}],"wp:attachment":[{"href":"https:\/\/www.humanium.org\/es\/wp-json\/wp\/v2\/media?parent=9605"}],"curies":[{"name":"wp","href":"https:\/\/api.w.org\/{rel}","templated":true}]}}