{"id":9608,"date":"2013-08-28T09:29:24","date_gmt":"2013-08-28T09:29:24","guid":{"rendered":"http:\/\/www.humanium.org\/es\/?page_id=3941"},"modified":"2025-12-13T21:22:46","modified_gmt":"2025-12-13T21:22:46","slug":"israel","status":"publish","type":"page","link":"https:\/\/www.humanium.org\/es\/israel\/","title":{"rendered":"Ni\u00f1os de Israel"},"content":{"rendered":"<h1>Ni\u00f1os de Israel<\/h1>\n<h2>Descubriendo los derechos infantiles en Israel<\/h2>\n<p style=\"text-align: center;\"><img loading=\"lazy\" decoding=\"async\" class=\"alignnone size-full wp-image-16399\" title=\"Ni\u00f1a israe\u00eblienne \u00a9 David Urieli (flickr)\" src=\"https:\/\/www.humanium.org\/fr\/wp-content\/uploads\/2011\/11\/petite-fille-david-urieli.jpg\" alt=\"\" width=\"155\" height=\"200\" \/> <img loading=\"lazy\" decoding=\"async\" class=\"alignnone size-full wp-image-7971\" title=\"Ni\u00f1o \u00a9 Jewish Agency Israel\" src=\"https:\/\/www.humanium.org\/fr\/wp-content\/uploads\/jewish-agency-israel.jpg\" alt=\"\" width=\"134\" height=\"200\" \/><\/p>\n<p><strong>La situaci\u00f3n de los derechos infantiles en Israel sigue siendo complicada a d\u00eda de hoy. A pesar de que se han observado avances en este campo desde la creaci\u00f3n del Estado de Israel en 1948, el <a href=\"https:\/\/www.humanium.org\/es\/que-como\/\" target=\"_blank\" rel=\"noopener\">Comit\u00e9 de los Derechos del Ni\u00f1o<\/a> considera que \u201ca\u00fan queda mucho por hacer\u201d especialmente con respecto a los ni\u00f1os emigrantes y a aquellos que pertenecen a las minor\u00edas de la sociedad israel\u00ed.<\/strong><\/p>\n<p>El conflicto persistente entre Israel y Palestina tiene consecuencias innegables para los derechos del ni\u00f1o en Israel (el derecho a la vida y a la seguridad, entre otros), pero tambi\u00e9n en Palestina, donde el r\u00e9gimen de ocupaci\u00f3n israel\u00ed debido a la violaci\u00f3n diaria de los derechos de los ni\u00f1os, especialmente por parte, de las fuerzas armadas israel\u00edes y de los colonos (v\u00e9ase tambi\u00e9n: Ni\u00f1os de Palestina).<\/p>\n<p><strong>El Estado de Israel ha de velar por la correcta aplicaci\u00f3n de la <a href=\"https:\/\/www.humanium.org\/es\/convencion\/\" target=\"_blank\" rel=\"noopener\">Convenci\u00f3n Internacional de los Derechos del Ni\u00f1o (CIDN)<\/a> en el pa\u00eds y en el territorio palestino ocupado por el mismo desde 1967 (territorio Palestino ocupado, TPO). De hecho, seg\u00fan el Tribunal Internacional de Justicia, el Estado de Israel, como potencia ocupante, es el responsable de la situaci\u00f3n de los derechos humanos en Palestina. <strong>No obstante, el Estado de Israel se niega a reconocer esta obligaci\u00f3n.<\/strong><\/strong><\/p>\n<h3>Principales problemas que afectan a los ni\u00f1os en Israel<\/h3>\n<p><strong><a href=\"https:\/\/www.humanium.org\/es\/pobreza-infantil\/\" target=\"_blank\" rel=\"noopener\">Pobreza<br \/>\n<\/a><\/strong><br \/>\n<img loading=\"lazy\" decoding=\"async\" class=\"alignright size-full wp-image-8076\" title=\"ni\u00f1o Beduino: los B\u00e9douins se encuentran entre los m\u00e1s afectados por la pobreza en Israel. \u00a9 James Emery\" src=\"https:\/\/www.humanium.org\/fr\/wp-content\/uploads\/james-emery-beduin-boy.jpg\" alt=\"\" width=\"110\" height=\"149\" \/>En Israel se estima que en torno a una cuarta parte de la poblaci\u00f3n se encuentra en situaci\u00f3n de pobreza. Uno de cada tres ni\u00f1os viven en condiciones precarias y sufren de desnutrici\u00f3n, y estas cifras van en aumento. Los m\u00e1s afectados son los ni\u00f1os pertenecientes a minor\u00edas \u00e9tnicas, como los beduinos.<\/p>\n<p><strong><a href=\"https:\/\/www.humanium.org\/es\/derecho-salud\/\/\" target=\"_blank\" rel=\"noopener\">Derecho a la salud<br \/>\n<\/a><\/strong><br \/>\nEn general, el derecho a la sanidad est\u00e1 garantizado para los ni\u00f1os israel\u00edes. Asimismo, el sistema sanitario es de buena calidad. Sin embargo, el acceso a estos servicios no es el mismo para los ni\u00f1os de grupos minoritarios o vulnerables. En concreto, cabe lamentar una elevada tasa de mortalidad entre los ni\u00f1os beduinos de los pueblos \u201cno reconocidos\u201d por Israel. Del mismo modo, en N\u00e9guev, numerosos ni\u00f1os no tienen acceso a suficiente agua potable.<\/p>\n<p>Adem\u00e1s, los hospitales tienen una alarmante carencia de personal especializado \u00e1raboparlante, lo que dificulta la prestaci\u00f3n de los servicios sanitarios y supone una discriminaci\u00f3n hacia la poblaci\u00f3n \u00e1rabe-israel\u00ed, la cual, conforme estipula la ley, disfruta de los mismos derechos que los jud\u00edos israel\u00edes.<\/p>\n<p><strong><a href=\"https:\/\/www.humanium.org\/es\/derecho-educacion\/\" target=\"_blank\" rel=\"noopener\">Derecho a la educaci\u00f3n<br \/>\n<\/a><\/strong><br \/>\nEn Israel, la educaci\u00f3n es obligatoria hasta los 11 a\u00f1os y gratuita para todos los ni\u00f1os de entre 5 y 16 a\u00f1os.<\/p>\n<p>En Israel hay dos idiomas oficiales: el hebreo y el \u00e1rabe. Sin embargo, los ni\u00f1os \u00e1rabes y los ni\u00f1os jud\u00edos estudian en el marco de dos sistemas educativos diferentes.<\/p>\n<p><img loading=\"lazy\" decoding=\"async\" class=\" wp-image-8077 alignright\" title=\"Los ni\u00f1os regresan de la escuela en taxi colectivo. \u00a9 Delayed gratification (Flickr)\" src=\"https:\/\/www.humanium.org\/fr\/wp-content\/uploads\/560565435_1aeec35de0_z.jpg\" alt=\"\" width=\"186\" height=\"155\" \/>Adem\u00e1s, el Estado invierte m\u00e1s dinero en el sistema educativo jud\u00edo que en el de los ni\u00f1os \u00e1rabes, quienes reciben una educaci\u00f3n mediocre y cuya tasa de abandono escolar es elevada.<\/p>\n<p>La \u201celevada militarizaci\u00f3n del sistema educativo\u201d, se\u00f1alada por el <a href=\"https:\/\/www.humanium.org\/es\/que-como\/\" target=\"_blank\" rel=\"noopener\">Comit\u00e9 de los Derechos del Ni\u00f1o<\/a>, en perjuicio de una educaci\u00f3n basada en la paz, da lugar a un sistema que refuerza en los j\u00f3venes israel\u00edes, sobre todo en los jud\u00edos, el sentimiento de indiferencia, e incluso de odio, hacia los ni\u00f1os palestinos y \u00e1rabes.<\/p>\n<p><strong><a href=\"https:\/\/www.humanium.org\/es\/ninos-guerra\/\" target=\"_blank\" rel=\"noopener\">Ni\u00f1os v\u00edctimas del conflicto<br \/>\n<\/a><\/strong><br \/>\nEn el marco del conflicto palestino-israel\u00ed cabe lamentar la muerte de numerosos ni\u00f1os israel\u00edes, v\u00edctimas inocentes asesinadas por error o que se vieron involucradas en los enfrentamientos.<\/p>\n<p>Algunos informes aseguran, entre otras cosas, que algunos autobuses escolares israel\u00edes han sido abatidos a tiros y que grupos armados palestinos han lanzado desde la Franja de Gaza cohetes dirigidos, en ocasiones, hacia objetivos civiles en Israel. Estos actos suponen una violaci\u00f3n de las leyes b\u00e9licas y ponen en peligro la vida de los ni\u00f1os.<\/p>\n<p><strong><a href=\"https:\/\/www.humanium.org\/es\/abuso-infantil\/\" target=\"_blank\" rel=\"noopener\">Maltrato<br \/>\n<\/a><\/strong><br \/>\nA pesar de los esfuerzos del gobierno y de la promulgaci\u00f3n de leyes de protecci\u00f3n, numerosos ni\u00f1os son v\u00edctimas de violencia o maltrato en el seno familiar, en el colegio y a nivel institucional. En general, se considera que la disciplina sigue estando asociada a menudo con la violencia.<\/p>\n<p>Asimismo, los medios de comunicaci\u00f3n informan de abusos sexuales en ni\u00f1os en prisi\u00f3n o perpetrados por militares.<\/p>\n<p><strong>Maltratos y casos de tortura en ni\u00f1os palestinos<br \/>\n<\/strong><br \/>\nEl comportamiento de las fuerzas militares y policiales israel\u00edes hacia los ni\u00f1os palestinos sigue siendo motivo de preocupaci\u00f3n para el <a href=\"https:\/\/www.humanium.org\/es\/que-como\/\" target=\"_blank\" rel=\"noopener\">Comit\u00e9 de los Derechos del Ni\u00f1o<\/a>. Estas fuerzas del orden est\u00e1n acusadas de utilizar a los ni\u00f1os palestinos a modo de escudo humano en manifestaciones o como informadores, as\u00ed como de torturar y de ejecutar extrajudicialmente a estos ni\u00f1os.<\/p>\n<p>Por ejemplo, en cierta ocasi\u00f3n, unos soldados apuntaron con sus fusiles a un ni\u00f1o de 9 a\u00f1os para obligarle a registrar unos sacos sospechosos de contener explosivos.<\/p>\n<p>Seg\u00fan UNICEF, el maltrato f\u00edsico y psicol\u00f3gico hacia los j\u00f3venes palestinos <a href=\"https:\/\/www.humanium.org\/es\/ninos-detenidos\/\" target=\"_blank\" rel=\"noopener\">privados de libertad<\/a> se ha \u00abextendido, sistematizado e institucionalizado\u00bb en el sistema de custodia militar israel\u00ed.<\/p>\n<p>Agresiones f\u00edsicas y verbales, humillaciones, amenazas de muerte o de agresiones sexuales, privaci\u00f3n de sue\u00f1o, encadenamiento de manos y pies, vestimentas de prisionero, acceso limitado a agua, a comida y a las instalaciones sanitarias&#8230; son muchos los actos crueles, inhumanos y degradantes que las fuerzas israel\u00edes practican a los j\u00f3venes palestinos desde su detenci\u00f3n hasta la celebraci\u00f3n del juicio.<\/p>\n<p><strong><a href=\"https:\/\/www.humanium.org\/es\/ninos-sistema-judicial\/\" target=\"_blank\" rel=\"noopener\">Justicia de los menores<br \/>\n<\/a><\/strong><br \/>\nEn lo que supone una violaci\u00f3n de los principios de igualdad y de <a href=\"https:\/\/www.humanium.org\/es\/no-discriminacion\/\" target=\"_blank\" rel=\"noopener\">no discriminaci\u00f3n<\/a>, Israel aplica un sistema jur\u00eddico diferente a los ni\u00f1os israel\u00edes y a los palestinos: los ni\u00f1os israel\u00edes, se someten a un juzgado civil, mientras que los ni\u00f1os palestinos son juzgados por tribunales militares.<\/p>\n<p>De este modo, en virtud de la Orden Militar israel\u00ed 1651, se considera que los palestinos a partir de 12 a\u00f1os son responsables de sus actos y que pueden ser condenados con penas de hasta 6 meses y que, a partir de los 16 a\u00f1os, ser\u00e1n juzgados como adultos. Esta ley ha sido modificada recientemente, elevando la mayor\u00eda de edad de los 16 a los 18 a\u00f1os. No obstante, esta modificaci\u00f3n no se aplica por completo en la pr\u00e1ctica, tal y como se\u00f1ala el <a href=\"https:\/\/www.humanium.org\/es\/que-como\/\" target=\"_blank\" rel=\"noopener\">Comit\u00e9 de los Derechos del Ni\u00f1o<\/a> en su evaluaci\u00f3n del 2013.<\/p>\n<p>En la mayor parte de los casos, los ni\u00f1os palestinos son acusados de lanzar piedras, lo que puede llegar a castigarse con 20 a\u00f1os de prisi\u00f3n.<\/p>\n<p>Seg\u00fan la UNICEF, las fuerzas del orden palestinas arrestan, interrogan y detienen cada a\u00f1o a alrededor de 700 j\u00f3venes palestinos de entre 12 y 17 a\u00f1os.<\/p>\n<p>Sin embargo, seg\u00fan la <a href=\"https:\/\/www.humanium.org\/es\/convencion\/\" target=\"_blank\" rel=\"noopener\">CIDN<\/a>, \u201cel arresto, la detenci\u00f3n o el encarcelamiento de un ni\u00f1o debe efectuarse de acuerdo con lo estipulado por la ley y debe aplicarse en \u00faltima instancia\u201d.<\/p>\n<p>Los ni\u00f1os palestinos pueden ser detenidos de forma arbitraria durante cuatro d\u00edas antes de la celebraci\u00f3n del juicio.<\/p>\n<p>Por lo tanto, se produce una clara violaci\u00f3n de su derecho a un proceso justo dado que es poco frecuente que se les informe de sus derechos y son objeto de actos intimidatorios y de agresiones para obligarles a firmar \u201cconfesiones\u201d en hebreo, idioma que la mayor\u00eda de los ni\u00f1os palestinos desconocen.<\/p>\n<p>Seg\u00fan un informe del Consejo de los Derechos del Hombre, alrededor del 90% de los ni\u00f1os se declaran culpables para que cesen las agresiones.<\/p>\n<p><strong><a href=\"https:\/\/www.humanium.org\/es\/no-discriminacion\/\" target=\"_blank\" rel=\"noopener\">Derecho a la no discriminaci\u00f3n<br \/>\n<\/a><\/strong><br \/>\nEn su \u00faltimo informe sobre Israel, el <a href=\"https:\/\/www.humanium.org\/es\/que-como\/\" target=\"_blank\" rel=\"noopener\">Comit\u00e9 de los Derechos del Ni\u00f1o<\/a> manifest\u00f3 su inquietud por los frecuentes actos discriminatorios registrados contra los ni\u00f1os palestinos, \u00e1rabe-israel\u00edes, beduinos, et\u00edopes o hijos de trabajadores emigrantes o de solicitantes de asilo.<\/p>\n<p><strong><a href=\"https:\/\/www.humanium.org\/es\/derecho-identidad\/\" target=\"_blank\" rel=\"noopener\">Derecho a una identidad<br \/>\n<\/a><\/strong><br \/>\nPara los ni\u00f1os cuyos padres son extranjeros es muy complicado que les reconozcan una \u201cexistencia oficial\u201d en Israel ya que se imponen numerosos obst\u00e1culos administrativos al registrar estos nacimientos especialmente debido a que el Estado de Israel no reconoce la doble nacionalidad.<\/p>\n<p><img loading=\"lazy\" decoding=\"async\" class=\"size-full wp-image-8074 alignright\" title=\"Todos los ni\u00f1os tienen derecho a una identidad. \u00a9 Delayed gratification(Flickr)\" src=\"https:\/\/www.humanium.org\/fr\/wp-content\/uploads\/delayed-gratification.jpg\" alt=\"\" width=\"220\" height=\"168\" \/>De este modo, las familias de emigrantes se ven obligadas a firmar una declaraci\u00f3n de retorno voluntario a cambio de una partida de nacimiento para sus hijos.<\/p>\n<p>En el caso de los ni\u00f1os en el que uno de los progenitores es israel\u00ed y otro vive en el territorio palestino ocupado, no pueden obtener la nacionalidad israel\u00ed, lo cual supone un importante obst\u00e1culo para la reunificaci\u00f3n familiar.<\/p>\n<p>Seg\u00fan el Estado de Israel, los ni\u00f1os de origen palestino que residen en Jerusal\u00e9n son de nacionalidad jordana, a pesar de que en la mayor\u00eda de los casos no es as\u00ed. Por ello, numerosos ni\u00f1os son <a href=\"https:\/\/www.humanium.org\/es\/apatridas-invisibles\/\" target=\"_blank\" rel=\"noopener\">ap\u00e1tridas<\/a>, lo que supone una violaci\u00f3n del derecho a la identidad garantizado por la\u00a0<a href=\"https:\/\/www.humanium.org\/es\/convencion\/\" target=\"_blank\" rel=\"noopener\">CIDN<\/a>.<\/p>\n<p><strong><a href=\"https:\/\/www.humanium.org\/es\/ninos-desplazados\/\" target=\"_blank\" rel=\"noopener\">Derecho del ni\u00f1o refugiado<br \/>\n<\/a><\/strong><br \/>\nDesde enero de 2012, Israel aplica la ley \u201csobre la prevenci\u00f3n de la infiltraci\u00f3n\u201d por la cual se permite la detenci\u00f3n prolongada de ni\u00f1os que hayan entrado de manera ilegal en territorio israel\u00ed para posteriormente repatriarlos o remitirlos a otro pa\u00eds, aunque exista riesgo de que estos ni\u00f1os puedan ser objeto de tortura o maltrato.<\/p>\n<p>Con la aplicaci\u00f3n de esa ley, se infringe lo pactado en la Convenci\u00f3n relativa a los refugiados de la cual Israel es signatario.<\/p>\n<p><strong>Medio ambiente y perspectivas de futuro<br \/>\n<\/strong><br \/>\nCon una emisi\u00f3n de CO2 anual de 10,3 toneladas por habitante, Israel se encuentra entre los pa\u00edses m\u00e1s contaminantes, lo que afecta a los ni\u00f1os y a sus perspectivas de futuro. Israel debe emprender medidas para reducir su impacto ambiental.<\/p>\n","protected":false},"excerpt":{"rendered":"<p>Ni\u00f1os de Israel Descubriendo los derechos infantiles en Israel La situaci\u00f3n de los derechos infantiles en Israel sigue siendo complicada a d\u00eda de hoy. A pesar de que se han observado avances en este campo desde la creaci\u00f3n del Estado de Israel en 1948, el Comit\u00e9 de los Derechos del Ni\u00f1o considera que \u201ca\u00fan queda [&hellip;]<\/p>\n","protected":false},"author":1,"featured_media":0,"parent":0,"menu_order":0,"comment_status":"closed","ping_status":"open","template":"","meta":{"footnotes":""},"class_list":["post-9608","page","type-page","status-publish","hentry"],"yoast_head":"<!-- This site is optimized with the Yoast SEO plugin v26.5 - https:\/\/yoast.com\/wordpress\/plugins\/seo\/ -->\n<title>Ni\u00f1os de Israel - Humanium<\/title>\n<meta name=\"description\" content=\"El conflicto entre Israel y Palestina tiene consecuencias innegables para los derechos del ni\u00f1o como, el derecho a la vida y a la seguridad.\" \/>\n<meta name=\"robots\" content=\"index, follow, max-snippet:-1, max-image-preview:large, max-video-preview:-1\" \/>\n<link rel=\"canonical\" href=\"https:\/\/www.humanium.org\/es\/israel\/\" \/>\n<meta property=\"og:locale\" content=\"es_ES\" \/>\n<meta property=\"og:type\" content=\"article\" \/>\n<meta property=\"og:title\" content=\"Ni\u00f1os de Israel - Humanium\" \/>\n<meta property=\"og:description\" content=\"El conflicto entre Israel y Palestina tiene consecuencias innegables para los derechos del ni\u00f1o como, el derecho a la vida y a la seguridad.\" \/>\n<meta property=\"og:url\" content=\"https:\/\/www.humanium.org\/es\/israel\/\" \/>\n<meta property=\"og:site_name\" content=\"Humanium\" \/>\n<meta property=\"article:modified_time\" content=\"2025-12-13T21:22:46+00:00\" \/>\n<meta name=\"twitter:card\" content=\"summary_large_image\" \/>\n<meta name=\"twitter:label1\" content=\"Tiempo de lectura\" \/>\n\t<meta name=\"twitter:data1\" content=\"9 minutos\" \/>\n<script type=\"application\/ld+json\" class=\"yoast-schema-graph\">{\"@context\":\"https:\/\/schema.org\",\"@graph\":[{\"@type\":\"WebPage\",\"@id\":\"https:\/\/www.humanium.org\/es\/israel\/\",\"url\":\"https:\/\/www.humanium.org\/es\/israel\/\",\"name\":\"Ni\u00f1os de Israel - Humanium\",\"isPartOf\":{\"@id\":\"https:\/\/www.humanium.org\/es\/#website\"},\"primaryImageOfPage\":{\"@id\":\"https:\/\/www.humanium.org\/es\/israel\/#primaryimage\"},\"image\":{\"@id\":\"https:\/\/www.humanium.org\/es\/israel\/#primaryimage\"},\"thumbnailUrl\":\"https:\/\/www.humanium.org\/fr\/wp-content\/uploads\/2011\/11\/petite-fille-david-urieli.jpg\",\"datePublished\":\"2013-08-28T09:29:24+00:00\",\"dateModified\":\"2025-12-13T21:22:46+00:00\",\"description\":\"El conflicto entre Israel y Palestina tiene consecuencias innegables para los derechos del ni\u00f1o como, el derecho a la vida y a la seguridad.\",\"breadcrumb\":{\"@id\":\"https:\/\/www.humanium.org\/es\/israel\/#breadcrumb\"},\"inLanguage\":\"es\",\"potentialAction\":[{\"@type\":\"ReadAction\",\"target\":[\"https:\/\/www.humanium.org\/es\/israel\/\"]}]},{\"@type\":\"ImageObject\",\"inLanguage\":\"es\",\"@id\":\"https:\/\/www.humanium.org\/es\/israel\/#primaryimage\",\"url\":\"https:\/\/www.humanium.org\/fr\/wp-content\/uploads\/2011\/11\/petite-fille-david-urieli.jpg\",\"contentUrl\":\"https:\/\/www.humanium.org\/fr\/wp-content\/uploads\/2011\/11\/petite-fille-david-urieli.jpg\"},{\"@type\":\"BreadcrumbList\",\"@id\":\"https:\/\/www.humanium.org\/es\/israel\/#breadcrumb\",\"itemListElement\":[{\"@type\":\"ListItem\",\"position\":1,\"name\":\"Home\",\"item\":\"https:\/\/www.humanium.org\/es\/\"},{\"@type\":\"ListItem\",\"position\":2,\"name\":\"Ni\u00f1os de Israel\"}]},{\"@type\":\"WebSite\",\"@id\":\"https:\/\/www.humanium.org\/es\/#website\",\"url\":\"https:\/\/www.humanium.org\/es\/\",\"name\":\"Humanium\",\"description\":\"\u00a1Los ni\u00f1os primero!\",\"potentialAction\":[{\"@type\":\"SearchAction\",\"target\":{\"@type\":\"EntryPoint\",\"urlTemplate\":\"https:\/\/www.humanium.org\/es\/?s={search_term_string}\"},\"query-input\":{\"@type\":\"PropertyValueSpecification\",\"valueRequired\":true,\"valueName\":\"search_term_string\"}}],\"inLanguage\":\"es\"}]}<\/script>\n<!-- \/ Yoast SEO plugin. -->","yoast_head_json":{"title":"Ni\u00f1os de Israel - Humanium","description":"El conflicto entre Israel y Palestina tiene consecuencias innegables para los derechos del ni\u00f1o como, el derecho a la vida y a la seguridad.","robots":{"index":"index","follow":"follow","max-snippet":"max-snippet:-1","max-image-preview":"max-image-preview:large","max-video-preview":"max-video-preview:-1"},"canonical":"https:\/\/www.humanium.org\/es\/israel\/","og_locale":"es_ES","og_type":"article","og_title":"Ni\u00f1os de Israel - Humanium","og_description":"El conflicto entre Israel y Palestina tiene consecuencias innegables para los derechos del ni\u00f1o como, el derecho a la vida y a la seguridad.","og_url":"https:\/\/www.humanium.org\/es\/israel\/","og_site_name":"Humanium","article_modified_time":"2025-12-13T21:22:46+00:00","twitter_card":"summary_large_image","twitter_misc":{"Tiempo de lectura":"9 minutos"},"schema":{"@context":"https:\/\/schema.org","@graph":[{"@type":"WebPage","@id":"https:\/\/www.humanium.org\/es\/israel\/","url":"https:\/\/www.humanium.org\/es\/israel\/","name":"Ni\u00f1os de Israel - Humanium","isPartOf":{"@id":"https:\/\/www.humanium.org\/es\/#website"},"primaryImageOfPage":{"@id":"https:\/\/www.humanium.org\/es\/israel\/#primaryimage"},"image":{"@id":"https:\/\/www.humanium.org\/es\/israel\/#primaryimage"},"thumbnailUrl":"https:\/\/www.humanium.org\/fr\/wp-content\/uploads\/2011\/11\/petite-fille-david-urieli.jpg","datePublished":"2013-08-28T09:29:24+00:00","dateModified":"2025-12-13T21:22:46+00:00","description":"El conflicto entre Israel y Palestina tiene consecuencias innegables para los derechos del ni\u00f1o como, el derecho a la vida y a la seguridad.","breadcrumb":{"@id":"https:\/\/www.humanium.org\/es\/israel\/#breadcrumb"},"inLanguage":"es","potentialAction":[{"@type":"ReadAction","target":["https:\/\/www.humanium.org\/es\/israel\/"]}]},{"@type":"ImageObject","inLanguage":"es","@id":"https:\/\/www.humanium.org\/es\/israel\/#primaryimage","url":"https:\/\/www.humanium.org\/fr\/wp-content\/uploads\/2011\/11\/petite-fille-david-urieli.jpg","contentUrl":"https:\/\/www.humanium.org\/fr\/wp-content\/uploads\/2011\/11\/petite-fille-david-urieli.jpg"},{"@type":"BreadcrumbList","@id":"https:\/\/www.humanium.org\/es\/israel\/#breadcrumb","itemListElement":[{"@type":"ListItem","position":1,"name":"Home","item":"https:\/\/www.humanium.org\/es\/"},{"@type":"ListItem","position":2,"name":"Ni\u00f1os de Israel"}]},{"@type":"WebSite","@id":"https:\/\/www.humanium.org\/es\/#website","url":"https:\/\/www.humanium.org\/es\/","name":"Humanium","description":"\u00a1Los ni\u00f1os primero!","potentialAction":[{"@type":"SearchAction","target":{"@type":"EntryPoint","urlTemplate":"https:\/\/www.humanium.org\/es\/?s={search_term_string}"},"query-input":{"@type":"PropertyValueSpecification","valueRequired":true,"valueName":"search_term_string"}}],"inLanguage":"es"}]}},"_links":{"self":[{"href":"https:\/\/www.humanium.org\/es\/wp-json\/wp\/v2\/pages\/9608","targetHints":{"allow":["GET"]}}],"collection":[{"href":"https:\/\/www.humanium.org\/es\/wp-json\/wp\/v2\/pages"}],"about":[{"href":"https:\/\/www.humanium.org\/es\/wp-json\/wp\/v2\/types\/page"}],"author":[{"embeddable":true,"href":"https:\/\/www.humanium.org\/es\/wp-json\/wp\/v2\/users\/1"}],"replies":[{"embeddable":true,"href":"https:\/\/www.humanium.org\/es\/wp-json\/wp\/v2\/comments?post=9608"}],"version-history":[{"count":7,"href":"https:\/\/www.humanium.org\/es\/wp-json\/wp\/v2\/pages\/9608\/revisions"}],"predecessor-version":[{"id":21309,"href":"https:\/\/www.humanium.org\/es\/wp-json\/wp\/v2\/pages\/9608\/revisions\/21309"}],"wp:attachment":[{"href":"https:\/\/www.humanium.org\/es\/wp-json\/wp\/v2\/media?parent=9608"}],"curies":[{"name":"wp","href":"https:\/\/api.w.org\/{rel}","templated":true}]}}