{"id":9623,"date":"2015-12-09T18:04:19","date_gmt":"2015-12-09T18:04:19","guid":{"rendered":"http:\/\/www.humanium.org\/es\/?page_id=7927"},"modified":"2017-07-06T09:21:14","modified_gmt":"2017-07-06T09:21:14","slug":"preguntas-y-respuestas-sobre-el-apadrinamiento","status":"publish","type":"page","link":"https:\/\/www.humanium.org\/es\/apadrinar-a-un-nino\/preguntas-y-respuestas-sobre-el-apadrinamiento\/","title":{"rendered":"Preguntas y respuestas sobre el apadrinamiento"},"content":{"rendered":"<h1>Preguntas y respuestas sobre el apadrinamiento<\/h1>\n<h3><strong>&gt; A qu\u00e9 ni\u00f1o se apadrina?<\/strong><\/h3>\n<p>El ni\u00f1o al que apadrina es un ni\u00f1o en estado de vulnerabilidad, beneficiario de un proyecto de ayuda de Humanium. Puede elegir el pa\u00eds del ni\u00f1o en el formulario de apadrinamiento\u00a0o dejar en manos de Humanium la elecci\u00f3n del apadrinamiento, en funci\u00f3n de las necesidades m\u00e1s urgentes de nuestros proyectos.<br \/>\nDado que hay m\u00e1s ni\u00f1os que padrinos y madrinas, la noci\u00f3n de \u00abni\u00f1o apadrinado\u00bb es simb\u00f3lica, ya que en realidad la ayuda se optimiza y se asigna a varios ni\u00f1os.<\/p>\n<h3><strong>&gt; Puedo mantener correspondencia con el ni\u00f1o apadrinado y enviarle regalos?<\/strong><\/h3>\n<p>Imag\u00ednese un grupo de ni\u00f1os en el que solo uno de ellos reciba cartas o regalos. Se crear\u00eda un desequilibrio y desigualdades, surgir\u00edan los celos, las discriminaciones&#8230;<br \/>\nNuestra prioridad es proteger al ni\u00f1o y respetar su entorno social y cultural, por lo que no es posible mantener correspondencia con un ni\u00f1o en concreto.<\/p>\n<h3><strong>&gt;\u00a0Qu\u00e9 informaci\u00f3n recibir\u00e9?<\/strong><\/h3>\n<p>Cada semana se publicar\u00e1n en el blog y en las redes sociales como Facebook y Twitter un art\u00edculo, un testimonio o fotograf\u00edas nuevos y cada 6 a 8 semanas recibir\u00e1 nuestro bolet\u00edn.<\/p>\n<h3><strong>&gt; Saben los ni\u00f1os apadrinados que existimos?<\/strong><\/h3>\n<p>A los ni\u00f1os se les dice que tienen el apoyo de varios donantes, aunque no se les da informaci\u00f3n sobre su identidad.<\/p>\n<p>&gt;\u00a0<strong>Cu\u00e1nto dura un apadrinamiento?<\/strong><\/p>\n<p>Con Humanium, el apadrinamiento no tiene un compromiso. Por consiguiente, no hay ninguna obligaci\u00f3n relativa a la duraci\u00f3n; por otra parte, dado el concepto de ayuda general, el ni\u00f1o no padece en caso de renuncia.<br \/>\nRecomendamos un m\u00ednimo de 2 a\u00f1os, aunque no se trata de una duraci\u00f3n obligatoria; la libertad de elecci\u00f3n est\u00e1 en sus manos.<\/p>\n<p><strong><a href=\"https:\/\/www.humanium.org\/es\/apadrinar-a-un-nino\/\">APADRINE AHORA MISMO &gt;&gt;&gt; &gt;&gt;&gt;<\/a><\/strong><\/p>\n","protected":false},"excerpt":{"rendered":"<p>Preguntas y respuestas sobre el apadrinamiento &gt; A qu\u00e9 ni\u00f1o se apadrina? El ni\u00f1o al que apadrina es un ni\u00f1o en estado de vulnerabilidad, beneficiario de un proyecto de ayuda de Humanium. Puede elegir el pa\u00eds del ni\u00f1o en el formulario de apadrinamiento\u00a0o dejar en manos de Humanium la elecci\u00f3n del apadrinamiento, en funci\u00f3n de [&hellip;]<\/p>\n","protected":false},"author":1,"featured_media":0,"parent":7659,"menu_order":0,"comment_status":"closed","ping_status":"closed","template":"","meta":{"footnotes":""},"class_list":["post-9623","page","type-page","status-publish","hentry"],"yoast_head":"<!-- This site is optimized with the Yoast SEO plugin v26.5 - https:\/\/yoast.com\/wordpress\/plugins\/seo\/ -->\n<title>Preguntas y respuestas sobre el apadrinamiento - Humanium<\/title>\n<meta name=\"robots\" content=\"index, follow, max-snippet:-1, max-image-preview:large, max-video-preview:-1\" \/>\n<link rel=\"canonical\" href=\"https:\/\/www.humanium.org\/es\/apadrinar-a-un-nino\/preguntas-y-respuestas-sobre-el-apadrinamiento\/\" \/>\n<meta property=\"og:locale\" content=\"es_ES\" \/>\n<meta property=\"og:type\" content=\"article\" \/>\n<meta property=\"og:title\" content=\"Preguntas y respuestas sobre el apadrinamiento - Humanium\" \/>\n<meta property=\"og:description\" content=\"Preguntas y respuestas sobre el apadrinamiento &gt; A qu\u00e9 ni\u00f1o se apadrina? El ni\u00f1o al que apadrina es un ni\u00f1o en estado de vulnerabilidad, beneficiario de un proyecto de ayuda de Humanium. Puede elegir el pa\u00eds del ni\u00f1o en el formulario de apadrinamiento\u00a0o dejar en manos de Humanium la elecci\u00f3n del apadrinamiento, en funci\u00f3n de [&hellip;]\" \/>\n<meta property=\"og:url\" content=\"https:\/\/www.humanium.org\/es\/apadrinar-a-un-nino\/preguntas-y-respuestas-sobre-el-apadrinamiento\/\" \/>\n<meta property=\"og:site_name\" content=\"Humanium\" \/>\n<meta property=\"article:modified_time\" content=\"2017-07-06T09:21:14+00:00\" \/>\n<meta name=\"twitter:card\" content=\"summary_large_image\" \/>\n<meta name=\"twitter:label1\" content=\"Tiempo de lectura\" \/>\n\t<meta name=\"twitter:data1\" content=\"2 minutos\" \/>\n<script type=\"application\/ld+json\" class=\"yoast-schema-graph\">{\"@context\":\"https:\/\/schema.org\",\"@graph\":[{\"@type\":\"WebPage\",\"@id\":\"https:\/\/www.humanium.org\/es\/apadrinar-a-un-nino\/preguntas-y-respuestas-sobre-el-apadrinamiento\/\",\"url\":\"https:\/\/www.humanium.org\/es\/apadrinar-a-un-nino\/preguntas-y-respuestas-sobre-el-apadrinamiento\/\",\"name\":\"Preguntas y respuestas sobre el apadrinamiento - Humanium\",\"isPartOf\":{\"@id\":\"https:\/\/www.humanium.org\/es\/#website\"},\"datePublished\":\"2015-12-09T18:04:19+00:00\",\"dateModified\":\"2017-07-06T09:21:14+00:00\",\"breadcrumb\":{\"@id\":\"https:\/\/www.humanium.org\/es\/apadrinar-a-un-nino\/preguntas-y-respuestas-sobre-el-apadrinamiento\/#breadcrumb\"},\"inLanguage\":\"es\",\"potentialAction\":[{\"@type\":\"ReadAction\",\"target\":[\"https:\/\/www.humanium.org\/es\/apadrinar-a-un-nino\/preguntas-y-respuestas-sobre-el-apadrinamiento\/\"]}]},{\"@type\":\"BreadcrumbList\",\"@id\":\"https:\/\/www.humanium.org\/es\/apadrinar-a-un-nino\/preguntas-y-respuestas-sobre-el-apadrinamiento\/#breadcrumb\",\"itemListElement\":[{\"@type\":\"ListItem\",\"position\":1,\"name\":\"Home\",\"item\":\"https:\/\/www.humanium.org\/es\/\"},{\"@type\":\"ListItem\",\"position\":2,\"name\":\"Apadrinar a un ni\u00f1o\",\"item\":\"https:\/\/www.humanium.org\/es\/apadrinar-a-un-nino\/\"},{\"@type\":\"ListItem\",\"position\":3,\"name\":\"Preguntas y respuestas sobre el apadrinamiento\"}]},{\"@type\":\"WebSite\",\"@id\":\"https:\/\/www.humanium.org\/es\/#website\",\"url\":\"https:\/\/www.humanium.org\/es\/\",\"name\":\"Humanium\",\"description\":\"\u00a1Los ni\u00f1os primero!\",\"potentialAction\":[{\"@type\":\"SearchAction\",\"target\":{\"@type\":\"EntryPoint\",\"urlTemplate\":\"https:\/\/www.humanium.org\/es\/?s={search_term_string}\"},\"query-input\":{\"@type\":\"PropertyValueSpecification\",\"valueRequired\":true,\"valueName\":\"search_term_string\"}}],\"inLanguage\":\"es\"}]}<\/script>\n<!-- \/ Yoast SEO plugin. -->","yoast_head_json":{"title":"Preguntas y respuestas sobre el apadrinamiento - Humanium","robots":{"index":"index","follow":"follow","max-snippet":"max-snippet:-1","max-image-preview":"max-image-preview:large","max-video-preview":"max-video-preview:-1"},"canonical":"https:\/\/www.humanium.org\/es\/apadrinar-a-un-nino\/preguntas-y-respuestas-sobre-el-apadrinamiento\/","og_locale":"es_ES","og_type":"article","og_title":"Preguntas y respuestas sobre el apadrinamiento - Humanium","og_description":"Preguntas y respuestas sobre el apadrinamiento &gt; A qu\u00e9 ni\u00f1o se apadrina? El ni\u00f1o al que apadrina es un ni\u00f1o en estado de vulnerabilidad, beneficiario de un proyecto de ayuda de Humanium. Puede elegir el pa\u00eds del ni\u00f1o en el formulario de apadrinamiento\u00a0o dejar en manos de Humanium la elecci\u00f3n del apadrinamiento, en funci\u00f3n de [&hellip;]","og_url":"https:\/\/www.humanium.org\/es\/apadrinar-a-un-nino\/preguntas-y-respuestas-sobre-el-apadrinamiento\/","og_site_name":"Humanium","article_modified_time":"2017-07-06T09:21:14+00:00","twitter_card":"summary_large_image","twitter_misc":{"Tiempo de lectura":"2 minutos"},"schema":{"@context":"https:\/\/schema.org","@graph":[{"@type":"WebPage","@id":"https:\/\/www.humanium.org\/es\/apadrinar-a-un-nino\/preguntas-y-respuestas-sobre-el-apadrinamiento\/","url":"https:\/\/www.humanium.org\/es\/apadrinar-a-un-nino\/preguntas-y-respuestas-sobre-el-apadrinamiento\/","name":"Preguntas y respuestas sobre el apadrinamiento - Humanium","isPartOf":{"@id":"https:\/\/www.humanium.org\/es\/#website"},"datePublished":"2015-12-09T18:04:19+00:00","dateModified":"2017-07-06T09:21:14+00:00","breadcrumb":{"@id":"https:\/\/www.humanium.org\/es\/apadrinar-a-un-nino\/preguntas-y-respuestas-sobre-el-apadrinamiento\/#breadcrumb"},"inLanguage":"es","potentialAction":[{"@type":"ReadAction","target":["https:\/\/www.humanium.org\/es\/apadrinar-a-un-nino\/preguntas-y-respuestas-sobre-el-apadrinamiento\/"]}]},{"@type":"BreadcrumbList","@id":"https:\/\/www.humanium.org\/es\/apadrinar-a-un-nino\/preguntas-y-respuestas-sobre-el-apadrinamiento\/#breadcrumb","itemListElement":[{"@type":"ListItem","position":1,"name":"Home","item":"https:\/\/www.humanium.org\/es\/"},{"@type":"ListItem","position":2,"name":"Apadrinar a un ni\u00f1o","item":"https:\/\/www.humanium.org\/es\/apadrinar-a-un-nino\/"},{"@type":"ListItem","position":3,"name":"Preguntas y respuestas sobre el apadrinamiento"}]},{"@type":"WebSite","@id":"https:\/\/www.humanium.org\/es\/#website","url":"https:\/\/www.humanium.org\/es\/","name":"Humanium","description":"\u00a1Los ni\u00f1os primero!","potentialAction":[{"@type":"SearchAction","target":{"@type":"EntryPoint","urlTemplate":"https:\/\/www.humanium.org\/es\/?s={search_term_string}"},"query-input":{"@type":"PropertyValueSpecification","valueRequired":true,"valueName":"search_term_string"}}],"inLanguage":"es"}]}},"_links":{"self":[{"href":"https:\/\/www.humanium.org\/es\/wp-json\/wp\/v2\/pages\/9623","targetHints":{"allow":["GET"]}}],"collection":[{"href":"https:\/\/www.humanium.org\/es\/wp-json\/wp\/v2\/pages"}],"about":[{"href":"https:\/\/www.humanium.org\/es\/wp-json\/wp\/v2\/types\/page"}],"author":[{"embeddable":true,"href":"https:\/\/www.humanium.org\/es\/wp-json\/wp\/v2\/users\/1"}],"replies":[{"embeddable":true,"href":"https:\/\/www.humanium.org\/es\/wp-json\/wp\/v2\/comments?post=9623"}],"version-history":[{"count":1,"href":"https:\/\/www.humanium.org\/es\/wp-json\/wp\/v2\/pages\/9623\/revisions"}],"predecessor-version":[{"id":9893,"href":"https:\/\/www.humanium.org\/es\/wp-json\/wp\/v2\/pages\/9623\/revisions\/9893"}],"up":[{"embeddable":true,"href":"https:\/\/www.humanium.org\/es\/wp-json\/wp\/v2\/pages\/7659"}],"wp:attachment":[{"href":"https:\/\/www.humanium.org\/es\/wp-json\/wp\/v2\/media?parent=9623"}],"curies":[{"name":"wp","href":"https:\/\/api.w.org\/{rel}","templated":true}]}}