{"id":99,"date":"2012-11-12T08:36:07","date_gmt":"2012-11-12T08:36:07","guid":{"rendered":"http:\/\/www.humanium.org\/es\/?page_id=99"},"modified":"2017-10-04T09:17:15","modified_gmt":"2017-10-04T09:17:15","slug":"convencion138-1973","status":"publish","type":"page","link":"https:\/\/www.humanium.org\/es\/convencion138-1973\/","title":{"rendered":"C138 Convenci\u00f3n sobre la edad m\u00ednima, 1973"},"content":{"rendered":"<h1><span style=\"color: #800000;\">C138 Convenci\u00f3n sobre la edad m\u00ednima, 1973<\/span><\/h1>\n<h2>Sobre la Convenci\u00f3n<\/h2>\n<p><img loading=\"lazy\" decoding=\"async\" class=\"size-thumbnail wp-image-3870 alignright\" title=\"Organizaci\u00f3n Internacional del Trabajo\" alt=\"\" src=\"https:\/\/www.humanium.org\/es\/wp-content\/uploads\/portail-fr\/OIT-150x150.jpg\" width=\"78\" height=\"78\" \/><\/p>\n<p><strong>La Organizaci\u00f3n Internacional del Trabajo (OIT) es la primera organizaci\u00f3n encargada de regular el trabajo infantil. El 26 de junio de 1973, la Conferencia General de la OIT acept\u00f3 un documento legalmente vinculante que estableci\u00f3 la edad m\u00ednima legal para trabajar a los quince a\u00f1os.<\/strong><\/p>\n<h3>Contenido de la Convenci\u00f3n<\/h3>\n<h4>La edad m\u00ednima establecida por la Convenci\u00f3n<\/h4>\n<p>El principal objetivo de la <a href=\"https:\/\/www.humanium.org\/es\/convenio-138-edad-minima-empleo\/\">Convenci\u00f3n 138<\/a> fue regular el trabajo infantil estableciendo la edad m\u00ednima requerida para acceder al mundo laboral, debiendo ser respetada por los signatarios. La Convenci\u00f3n entr\u00f3 en vigor el 19 de junio de 1976. La edad m\u00ednima para trabajar se fij\u00f3 a los quince a\u00f1os (trece a\u00f1os para trabajos ligeros). Para tareas peligrosas, la Convenci\u00f3n estableci\u00f3 el m\u00ednimo de edad para optar a un empleo a los 18 a\u00f1os (16 a\u00f1os bajo ciertas circunstancias).<\/p>\n<p><img loading=\"lazy\" decoding=\"async\" class=\"size-full wp-image-2892 alignleft\" title=\"La explotaci\u00f3n infantil afecta a miles de ni\u00f1os de todo el mundo \u2013 \u00a9 UN\/J.-P.Laffont\" alt=\"\" src=\"https:\/\/www.humanium.org\/es\/wp-content\/uploads\/portail-fr\/UN-Photo-JeanPierreLaffont.jpg\" width=\"220\" height=\"154\" \/><\/p>\n<p>La <a href=\"https:\/\/www.humanium.org\/es\/convenio-138-edad-minima-empleo\/\">Convenci\u00f3n 138<\/a> permite temporalmente a los pa\u00edses en v\u00edas de desarrollo, cuya econom\u00eda y sistema educativo no est\u00e1n lo suficientemente avanzados, establecer el m\u00ednimo de edad necesaria para acceder al empleo a los 14 a\u00f1os. Esta decisi\u00f3n debe ser justificada minuciosamente.<\/p>\n<p>La OIT, igualmente, ha aceptado la Recomendaci\u00f3n R146 para as\u00ed guiar a los miembros en el establecimiento de la Convenci\u00f3n.<\/p>\n<h4>El papel de la Convenci\u00f3n sobre los Derechos de los Ni\u00f1os<\/h4>\n<p>El objetivo de la <a href=\"https:\/\/www.humanium.org\/es\/convenio-138-edad-minima-empleo\/\">Convenci\u00f3n 138<\/a> es conseguir que se respete el derecho de los ni\u00f1os a vivir su infancia. Un ni\u00f1o que no trabaja tiene m\u00e1s oportunidades de desarrollarse adecuadamente, tanto f\u00edsicamente como mentalmente, y as\u00ed poder convertirse en un adulto sano.<\/p>\n<p>Para garantizar el bienestar del ni\u00f1o, la edad m\u00ednima se estableci\u00f3 a los 15 a\u00f1os. Este l\u00edmite se decidi\u00f3 bas\u00e1ndose en la edad en la que el ni\u00f1o termina de desarrollarse (crecimiento, etc.), as\u00ed como en la edad en la que finaliza la educaci\u00f3n b\u00e1sica.<\/p>\n<h3>Alcance de la Convenci\u00f3n<\/h3>\n<p>La <a href=\"https:\/\/www.humanium.org\/es\/convenio-138-edad-minima-empleo\/\">Convenci\u00f3n 138<\/a> vincula legalmente a todos los miembros que la aprueban. Por tanto, de los 183 miembros estados de la OIT (1), 156 han ratificado la Convenci\u00f3n y est\u00e1n dispuestos a respetarla (2).<\/p>\n<p>Sin embargo, algunos estados\u00a0miembro con verdaderos problemas relacionados con la explotaci\u00f3n infantil, todav\u00eda no la han confirmado. Por ejemplo, India, el pa\u00eds con mayor n\u00famero de ni\u00f1os trabajando, a\u00fan no ha aceptado la Convenci\u00f3n, por lo que as\u00ed contribuye a la continuaci\u00f3n del trabajo infantil.<\/p>\n<p><img loading=\"lazy\" decoding=\"async\" class=\"size-full wp-image-3869 alignright\" title=\" El IPEC es el programa m\u00e1s efectivo en cuanto a la lucha contra el trabajo infantil \u00a9 OIT.\" alt=\"\" src=\"https:\/\/www.humanium.org\/es\/wp-content\/uploads\/portail-fr\/OIT-IPEC.jpg\" width=\"281\" height=\"185\" \/><\/p>\n<p>La OIT ha establecido una serie de mecanismos para comprobar que la Convenci\u00f3n se respete. Varios comit\u00e9s de expertos controlan la implantaci\u00f3n de la Convenci\u00f3n y examinan los informes sobre su progreso que los miembros est\u00e1n obligados a presentar.<br \/>\nAdem\u00e1s, en 1992 la OIT cre\u00f3 el Programa Internacional para la Erradicaci\u00f3n del Trabajo Infantil (IPEC) con el objetivo principal de eliminar el trabajo infantil progresivamente.<\/p>\n<table>\n<tbody style=\"background: #f9f9f9;\">\n<tr>\n<td>\n<div style=\"float: left; width: 65%;\">Traducido por: M\u00aa Rosal\u00eda Alonso-P\u00e9rez<br \/>\nCorregido por: Cristian P\u00e9rez Lecaros<\/div>\n<\/td>\n<\/tr>\n<\/tbody>\n<\/table>\n<div id=\"toggle\"><a onclick=\"show_voir_aussi('voir_aussi_box')\" href=\"javascript:show_voir_aussi(id)\"><\/a><\/div>\n<div id=\"voir_aussi_box\" style=\"display: none;\">\n<div id=\"stb-body-box-404\">\n<div id=\"stb-body-box-536\">\n<div id=\"stb-body-box-567\">\n<ul>\n<li><a href=\"https:\/\/www.humanium.org\/es\/trabajo-infantil\/\" target=\"_blank\">Trabajo infantil<\/a><\/li>\n<li><a href=\"https:\/\/www.humanium.org\/es\/referecias-estandares\/\">Referencias Est\u00e1ndares sobre los Derechos del Ni\u00f1o<\/a><\/li>\n<\/ul>\n<\/div>\n<\/div>\n<\/div>\n<\/div>\n<p>&nbsp;<\/p>\n<div id=\"toggle\"><a onclick=\"show_plus_loin('plus_loin_box')\" href=\"javascript:show_plus_loin(id)\"><\/a><\/div>\n<div id=\"plus_loin_box\" style=\"display: none;\">\n<ul>\n<li>OIT, Gu\u00eda de Recursos sobre el Trabajo Infantil<\/li>\n<li><a href=\"https:\/\/www.youtube.com\/user\/ILOTV#g\/c\/418A6833A1C5B483\" target=\"_blank\">OIT TV (en ingl\u00e9s)<\/a><\/li>\n<\/ul>\n<\/div>\n<p>&nbsp;<\/p>\n<div id=\"toggle\"><a onclick=\"show_sources('sources_box')\" href=\"javascript:show_sources(id)\"><\/a><\/div>\n<div id=\"sources_box\" style=\"display: none;\">\n<ul>\n<li><a href=\"http:\/\/www.ilo.org\/ipec\/programme\/lang--es\/index.htm\" target=\"_blank\">OIT, el Programa Internacional para la Erradicaci\u00f3n del Trabajo Infantil (IPEC)<\/a><\/li>\n<\/ul>\n<\/div>\n<p>&nbsp;<\/p>\n","protected":false},"excerpt":{"rendered":"<p>C138 Convenci\u00f3n sobre la edad m\u00ednima, 1973 Sobre la Convenci\u00f3n La Organizaci\u00f3n Internacional del Trabajo (OIT) es la primera organizaci\u00f3n encargada de regular el trabajo infantil. El 26 de junio de 1973, la Conferencia General de la OIT acept\u00f3 un documento legalmente vinculante que estableci\u00f3 la edad m\u00ednima legal para trabajar a los quince a\u00f1os. [&hellip;]<\/p>\n","protected":false},"author":1,"featured_media":0,"parent":0,"menu_order":0,"comment_status":"closed","ping_status":"closed","template":"","meta":{"footnotes":""},"class_list":["post-99","page","type-page","status-publish","hentry"],"yoast_head":"<!-- This site is optimized with the Yoast SEO plugin v26.5 - https:\/\/yoast.com\/wordpress\/plugins\/seo\/ -->\n<title>C138 Convenci\u00f3n sobre la edad m\u00ednima, 1973 - Humanium<\/title>\n<meta name=\"robots\" content=\"index, follow, max-snippet:-1, max-image-preview:large, max-video-preview:-1\" \/>\n<link rel=\"canonical\" href=\"https:\/\/www.humanium.org\/es\/convencion138-1973\/\" \/>\n<meta property=\"og:locale\" content=\"es_ES\" \/>\n<meta property=\"og:type\" content=\"article\" \/>\n<meta property=\"og:title\" content=\"C138 Convenci\u00f3n sobre la edad m\u00ednima, 1973 - Humanium\" \/>\n<meta property=\"og:description\" content=\"C138 Convenci\u00f3n sobre la edad m\u00ednima, 1973 Sobre la Convenci\u00f3n La Organizaci\u00f3n Internacional del Trabajo (OIT) es la primera organizaci\u00f3n encargada de regular el trabajo infantil. El 26 de junio de 1973, la Conferencia General de la OIT acept\u00f3 un documento legalmente vinculante que estableci\u00f3 la edad m\u00ednima legal para trabajar a los quince a\u00f1os. [&hellip;]\" \/>\n<meta property=\"og:url\" content=\"https:\/\/www.humanium.org\/es\/convencion138-1973\/\" \/>\n<meta property=\"og:site_name\" content=\"Humanium\" \/>\n<meta property=\"article:modified_time\" content=\"2017-10-04T09:17:15+00:00\" \/>\n<meta property=\"og:image\" content=\"https:\/\/www.humanium.org\/es\/wp-content\/uploads\/portail-fr\/OIT-150x150.jpg\" \/>\n<meta name=\"twitter:card\" content=\"summary_large_image\" \/>\n<meta name=\"twitter:label1\" content=\"Tiempo de lectura\" \/>\n\t<meta name=\"twitter:data1\" content=\"3 minutos\" \/>\n<script type=\"application\/ld+json\" class=\"yoast-schema-graph\">{\"@context\":\"https:\/\/schema.org\",\"@graph\":[{\"@type\":\"WebPage\",\"@id\":\"https:\/\/www.humanium.org\/es\/convencion138-1973\/\",\"url\":\"https:\/\/www.humanium.org\/es\/convencion138-1973\/\",\"name\":\"C138 Convenci\u00f3n sobre la edad m\u00ednima, 1973 - Humanium\",\"isPartOf\":{\"@id\":\"https:\/\/www.humanium.org\/es\/#website\"},\"primaryImageOfPage\":{\"@id\":\"https:\/\/www.humanium.org\/es\/convencion138-1973\/#primaryimage\"},\"image\":{\"@id\":\"https:\/\/www.humanium.org\/es\/convencion138-1973\/#primaryimage\"},\"thumbnailUrl\":\"https:\/\/www.humanium.org\/es\/wp-content\/uploads\/portail-fr\/OIT-150x150.jpg\",\"datePublished\":\"2012-11-12T08:36:07+00:00\",\"dateModified\":\"2017-10-04T09:17:15+00:00\",\"breadcrumb\":{\"@id\":\"https:\/\/www.humanium.org\/es\/convencion138-1973\/#breadcrumb\"},\"inLanguage\":\"es\",\"potentialAction\":[{\"@type\":\"ReadAction\",\"target\":[\"https:\/\/www.humanium.org\/es\/convencion138-1973\/\"]}]},{\"@type\":\"ImageObject\",\"inLanguage\":\"es\",\"@id\":\"https:\/\/www.humanium.org\/es\/convencion138-1973\/#primaryimage\",\"url\":\"https:\/\/www.humanium.org\/es\/wp-content\/uploads\/portail-fr\/OIT-150x150.jpg\",\"contentUrl\":\"https:\/\/www.humanium.org\/es\/wp-content\/uploads\/portail-fr\/OIT-150x150.jpg\"},{\"@type\":\"BreadcrumbList\",\"@id\":\"https:\/\/www.humanium.org\/es\/convencion138-1973\/#breadcrumb\",\"itemListElement\":[{\"@type\":\"ListItem\",\"position\":1,\"name\":\"Home\",\"item\":\"https:\/\/www.humanium.org\/es\/\"},{\"@type\":\"ListItem\",\"position\":2,\"name\":\"C138 Convenci\u00f3n sobre la edad m\u00ednima, 1973\"}]},{\"@type\":\"WebSite\",\"@id\":\"https:\/\/www.humanium.org\/es\/#website\",\"url\":\"https:\/\/www.humanium.org\/es\/\",\"name\":\"Humanium\",\"description\":\"\u00a1Los ni\u00f1os primero!\",\"potentialAction\":[{\"@type\":\"SearchAction\",\"target\":{\"@type\":\"EntryPoint\",\"urlTemplate\":\"https:\/\/www.humanium.org\/es\/?s={search_term_string}\"},\"query-input\":{\"@type\":\"PropertyValueSpecification\",\"valueRequired\":true,\"valueName\":\"search_term_string\"}}],\"inLanguage\":\"es\"}]}<\/script>\n<!-- \/ Yoast SEO plugin. -->","yoast_head_json":{"title":"C138 Convenci\u00f3n sobre la edad m\u00ednima, 1973 - Humanium","robots":{"index":"index","follow":"follow","max-snippet":"max-snippet:-1","max-image-preview":"max-image-preview:large","max-video-preview":"max-video-preview:-1"},"canonical":"https:\/\/www.humanium.org\/es\/convencion138-1973\/","og_locale":"es_ES","og_type":"article","og_title":"C138 Convenci\u00f3n sobre la edad m\u00ednima, 1973 - Humanium","og_description":"C138 Convenci\u00f3n sobre la edad m\u00ednima, 1973 Sobre la Convenci\u00f3n La Organizaci\u00f3n Internacional del Trabajo (OIT) es la primera organizaci\u00f3n encargada de regular el trabajo infantil. El 26 de junio de 1973, la Conferencia General de la OIT acept\u00f3 un documento legalmente vinculante que estableci\u00f3 la edad m\u00ednima legal para trabajar a los quince a\u00f1os. [&hellip;]","og_url":"https:\/\/www.humanium.org\/es\/convencion138-1973\/","og_site_name":"Humanium","article_modified_time":"2017-10-04T09:17:15+00:00","og_image":[{"url":"https:\/\/www.humanium.org\/es\/wp-content\/uploads\/portail-fr\/OIT-150x150.jpg","type":"","width":"","height":""}],"twitter_card":"summary_large_image","twitter_misc":{"Tiempo de lectura":"3 minutos"},"schema":{"@context":"https:\/\/schema.org","@graph":[{"@type":"WebPage","@id":"https:\/\/www.humanium.org\/es\/convencion138-1973\/","url":"https:\/\/www.humanium.org\/es\/convencion138-1973\/","name":"C138 Convenci\u00f3n sobre la edad m\u00ednima, 1973 - Humanium","isPartOf":{"@id":"https:\/\/www.humanium.org\/es\/#website"},"primaryImageOfPage":{"@id":"https:\/\/www.humanium.org\/es\/convencion138-1973\/#primaryimage"},"image":{"@id":"https:\/\/www.humanium.org\/es\/convencion138-1973\/#primaryimage"},"thumbnailUrl":"https:\/\/www.humanium.org\/es\/wp-content\/uploads\/portail-fr\/OIT-150x150.jpg","datePublished":"2012-11-12T08:36:07+00:00","dateModified":"2017-10-04T09:17:15+00:00","breadcrumb":{"@id":"https:\/\/www.humanium.org\/es\/convencion138-1973\/#breadcrumb"},"inLanguage":"es","potentialAction":[{"@type":"ReadAction","target":["https:\/\/www.humanium.org\/es\/convencion138-1973\/"]}]},{"@type":"ImageObject","inLanguage":"es","@id":"https:\/\/www.humanium.org\/es\/convencion138-1973\/#primaryimage","url":"https:\/\/www.humanium.org\/es\/wp-content\/uploads\/portail-fr\/OIT-150x150.jpg","contentUrl":"https:\/\/www.humanium.org\/es\/wp-content\/uploads\/portail-fr\/OIT-150x150.jpg"},{"@type":"BreadcrumbList","@id":"https:\/\/www.humanium.org\/es\/convencion138-1973\/#breadcrumb","itemListElement":[{"@type":"ListItem","position":1,"name":"Home","item":"https:\/\/www.humanium.org\/es\/"},{"@type":"ListItem","position":2,"name":"C138 Convenci\u00f3n sobre la edad m\u00ednima, 1973"}]},{"@type":"WebSite","@id":"https:\/\/www.humanium.org\/es\/#website","url":"https:\/\/www.humanium.org\/es\/","name":"Humanium","description":"\u00a1Los ni\u00f1os primero!","potentialAction":[{"@type":"SearchAction","target":{"@type":"EntryPoint","urlTemplate":"https:\/\/www.humanium.org\/es\/?s={search_term_string}"},"query-input":{"@type":"PropertyValueSpecification","valueRequired":true,"valueName":"search_term_string"}}],"inLanguage":"es"}]}},"_links":{"self":[{"href":"https:\/\/www.humanium.org\/es\/wp-json\/wp\/v2\/pages\/99","targetHints":{"allow":["GET"]}}],"collection":[{"href":"https:\/\/www.humanium.org\/es\/wp-json\/wp\/v2\/pages"}],"about":[{"href":"https:\/\/www.humanium.org\/es\/wp-json\/wp\/v2\/types\/page"}],"author":[{"embeddable":true,"href":"https:\/\/www.humanium.org\/es\/wp-json\/wp\/v2\/users\/1"}],"replies":[{"embeddable":true,"href":"https:\/\/www.humanium.org\/es\/wp-json\/wp\/v2\/comments?post=99"}],"version-history":[{"count":8,"href":"https:\/\/www.humanium.org\/es\/wp-json\/wp\/v2\/pages\/99\/revisions"}],"predecessor-version":[{"id":11619,"href":"https:\/\/www.humanium.org\/es\/wp-json\/wp\/v2\/pages\/99\/revisions\/11619"}],"wp:attachment":[{"href":"https:\/\/www.humanium.org\/es\/wp-json\/wp\/v2\/media?parent=99"}],"curies":[{"name":"wp","href":"https:\/\/api.w.org\/{rel}","templated":true}]}}